{"id":106145,"date":"2022-03-18T09:42:32","date_gmt":"2022-03-18T09:42:32","guid":{"rendered":"https:\/\/munster-records.com\/?page_id=106145"},"modified":"2022-03-19T10:03:07","modified_gmt":"2022-03-19T10:03:07","slug":"grafica","status":"publish","type":"page","link":"https:\/\/munster-records.com\/en\/grafica\/","title":{"rendered":"Gr\u00e1fica"},"content":{"rendered":"<div class=\"wpb-content-wrapper\"><p>[vc_row][vc_column][vc_column_text]<\/p>\n<section class=\"elementor-element elementor-element-703195a5 elementor-section-boxed elementor-section-height-default elementor-section-height-default elementor-section elementor-top-section\" data-id=\"703195a5\" data-element_type=\"section\">\n<div class=\"elementor-container elementor-column-gap-default\">\n<div class=\"elementor-row\">\n<div class=\"elementor-element elementor-element-cceb225 elementor-column elementor-col-100 elementor-top-column\" data-id=\"cceb225\" data-element_type=\"column\">\n<div class=\"elementor-column-wrap elementor-element-populated\">\n<div class=\"elementor-widget-wrap\">\n<div class=\"elementor-element elementor-element-1f7c08df elementor-widget elementor-widget-heading\" data-id=\"1f7c08df\" data-element_type=\"widget\" data-widget_type=\"heading.default\">\n<div class=\"elementor-widget-container\">\n<h3 class=\"elementor-heading-title elementor-size-large\">Instrucciones para preparar tus gr\u00e1ficas<\/h3>\n<\/div>\n<\/div>\n<\/div>\n<\/div>\n<\/div>\n<\/div>\n<\/div>\n<\/section>\n<p>[\/vc_column_text][\/vc_column][\/vc_row][vc_row gap=&#8221;30&#8243;][vc_column width=&#8221;2\/3&#8243; css=&#8221;.vc_custom_1647684155935{padding-top: 10px !important;}&#8221;][vc_tour skin=&#8221;primary&#8221; el_class=&#8221;col-md-12&#8243;][vc_tab title=&#8221;Como preparar las gr\u00e1ficas&#8221; tab_id=&#8221;2b05e028-6e5c-8&#8243;][vc_column_text]Si usas Illustrator o InDesign, trabaja con una capa para la plantilla y otra para tu arte, puedes guardar tu artwork como PDF por capas\u00a0usando\u00a0este\u00a0preset\u00a0para exportar PDF\u00a0(PDFLayers.joboptions, descargar)<\/p>\n<p>\u2022 IMAGENES:\u00a0Las im\u00e1genes deben ser CMYK,\u00a0los archivos PANTONE preparados correctamente. No env\u00edes Pantones a menos que los hayas solicitado.\u00a0Imagenes en ESCALA DE GRISES para artes en Blanco y Negro.\u00a0Todas\u00a0las im\u00e1genes deben estar\u00a0incrustadas -embed images-\u00a0PDF, TIFF, JPG \u00a0(NO son v\u00e1lidas en formato .PSD).\u00a0Todas las im\u00e1genes deben ser de\u00a0300 PPP de RESOLUCI\u00d3N\u00a0o superior.\u00a0NUNCA EN \u00a0FORMATO RGB.<\/p>\n<p>\u2022\u00a0TEXTOS:\u00a0todos los textos deben ser convertidos en contornos (outlined text).\u00a0El texto y los logotipos no deben estar a menos de 3 mm de a las l\u00edneas troqueladas o de corte.<\/p>\n<p>\u2022\u00a0A\u00d1ADIR SANGRADO\u00a0de al menos 3 mm \u00abpara todas las partes, fuera de las l\u00edneas de color rosa\u00bb. Los textos deben estar al menos a 3mm de las lineas del troquel.<\/p>\n<p>\u2022\u00a0ES PREFERIBLE\u00a0NO ACOPLAR LA PLANTILLA\u00a0con el arte. Mant\u00e9n siempre la plantilla en su propia capa.<br \/>\nNo conviertas la plantilla en CMYK (la plantilla est\u00e1 en un color de tinta epecial para poder desactivarla en el momento de imprimir, si la conviertes a CMYK o Escala de grises se imprimir\u00eda sobre tu arte).<br \/>\nEn el archivo PDF (tambi\u00e9n admitimos .PSD) deben venir s\u00f3lo 2 capas<br \/>\n\u2013 una capa con la plantilla y<br \/>\n\u2013 otra capa con el arte.<br \/>\nArchivos TIFF, JPG, PNG con la plantilla acoplada no son v\u00e1lidos.<\/p>\n<p>\u2022\u00a0PARA LA APROBACI\u00d3N DE LAS GR\u00c1FICAS SIEMPRE HAZ LAS COMPROBACIONES DE LOS PDF QUE ENV\u00cdA LA F\u00c1BRICA EN ACROBAT READER. NO ASUMIMOS NING\u00daN RECLAMO SI NO SE COMPRUEBAN SEG\u00daN ESTAS INDICACIONES.<\/p>\n<p>Utiliza\u00a0UNICAMENTE\u00a0nuestras plantillas, otras plantilla no son v\u00e1lidas ni aceptadas.<\/p>\n<p>ARTES NO PREPARADOS CORRECTAMENTE PUEDEN SUPONER RECARGOS POR TRABAJOS Y CORRECCIONES DEL DEPARTAMENTO GR\u00c1FICO DE LA F\u00c1BRICA NO CONTEMPLADOS EN EL PRESUPUESTO.[\/vc_column_text][\/vc_tab][vc_tab title=&#8221;Archivos v\u00e1lidos&#8221; tab_id=&#8221;8c7e7d6f-50c8-2&#8243;][vc_column_text]PREFERENTEMENTE env\u00edanos archivos PDF, o PSD (s\u00f3lo 2 capas: una capa para la plantilla y otra para el arte)<\/p>\n<p>Archivos INDD QXD (InDesign, Quark o similares) no son aceptados.[\/vc_column_text][\/vc_tab][vc_tab title=&#8221;Como enviar las gr\u00e1ficas&#8221; tab_id=&#8221;1647597067029-2-6&#8243;][vc_column_text]<\/p>\n<ul>\n<li>Indica claramente las piezas de tus gr\u00e1ficas con le referencia de tu disco y el nombre del arte final del siguiente modo: \u00abreferencia_SLEEVE\u00bb (para la carpeta), \u00abreferencia_LABEL\u00bb (para las galletas), \u00abreferencia_INSERT FRONT\u00bb (para el frente de un inserto, \u00abback\u00bb para la parte de atras), etc\u00a0 por ejemplo \u00abGR0012_SLEEVE\u00bb<\/li>\n<li>No envies las gr\u00e1ficas por email, env\u00edalas por WeTransfer o un servicio similar<\/li>\n<\/ul>\n<p>[\/vc_column_text][\/vc_tab][vc_tab title=&#8221;Aprobaci\u00f3n de pruebas&#8221; tab_id=&#8221;1647597135175-3-10&#8243;][vc_column_text]<\/p>\n<ul>\n<li>Las pruebas se guardar\u00e1n en formato PDF y se le enviar\u00e1n por correo electr\u00f3nico. Puedes usar Adobe Acrobat Reader 7 o superior para verificar tus archivos. Las versiones m\u00e1s bajas de Adobe Reader no tienen la opci\u00f3n \u2018Vista previa de sobreimpresi\u00f3n\u2019, por lo tanto, no se ve el archivo en la pantalla tal como se imprimir\u00e1. Activa la casilla \u2018Vista previa de sobreimpresi\u00f3n\u2019 en la ventana \u2018Preferencias\u2019. Editar&gt; Preferencias&gt; Presentaci\u00f3n de p\u00e1gina&gt; Vista previa de sobreimpresi\u00f3n. Descargua la \u00faltima versi\u00f3n de Adobe Acrobat Reader gratis en http:\/\/get.adobe.com\/reader.<\/li>\n<li>Si tus pruebas parecen estar bien,\u00a0es necesaria una respuesta por correo electr\u00f3nico\u00a0a info@munstervinyl.com indicando \u00abTodas las pruebas aprobadas\u00bb. Si alguna prueba no se aprueba (por correcciones que debas hacer, erratas, etc) \u00abPruebas aprobadas, excepto -nombre de la prueba no aprobada-\u00ab, si no se aprueba ninguna de las pruebas \u00abPruebas no aprobadas\u00bb.<br \/>\nSi no apruebas las gr\u00e1ficas en un correo electr\u00f3nico, es posible que su trabajo no comience.\u00a0Aseg\u00farese de haber recibido pruebas de todas las partes de su pedido.<br \/>\nSI las pruebas no se aprueban procura enviarnos nuevos artes a la brevedad para evitar retrasos y en tal caso comun\u00edcate de inmediato con nosotros.<\/li>\n<li>Las pruebas deben verificarse con Adobe Acrobat, si as\u00ed no se hiciera no nos hacemos responsables por los errores que pudieran producirse.<\/li>\n<\/ul>\n<p>[\/vc_column_text][\/vc_tab][\/vc_tour][\/vc_column][vc_column width=&#8221;1\/3&#8243;]<div class=\"widget_sidebar_menu main-sidebar-menu wpb_custom_fa56fd63c3b694fcdb3812eb30a338f1\"><div class=\"sidebar-menu-wrap\"><ul id=\"menu-fabricacion\" class=\"sidebar-menu side-menu-accordion\"><li id=\"nav-menu-item-106164\" class=\"menu-item menu-item-type-post_type menu-item-object-page  narrow \"><a href=\"https:\/\/munster-records.com\/en\/fabricacion\/\">Fabricaci\u00f3n<\/a><\/li>\n<li id=\"nav-menu-item-106162\" class=\"menu-item menu-item-type-post_type menu-item-object-page  narrow \"><a href=\"https:\/\/munster-records.com\/en\/audio_fabricacion\/\">Audio<\/a><\/li>\n<li id=\"nav-menu-item-106163\" class=\"menu-item menu-item-type-post_type menu-item-object-page  narrow \"><a href=\"https:\/\/munster-records.com\/en\/grafica\/\">Gr\u00e1fica<\/a><\/li>\n<li id=\"nav-menu-item-106165\" class=\"menu-item menu-item-type-taxonomy menu-item-object-category  narrow \"><a href=\"https:\/\/munster-records.com\/genero\/faqs\/\">FAQs<\/a><\/li>\n<\/ul><\/div><\/div>[\/vc_column][\/vc_row]<\/p>\n<\/div>","protected":false},"excerpt":{"rendered":"<p>[vc_row][vc_column][vc_column_text] Instrucciones para preparar tus gr\u00e1ficas [\/vc_column_text][\/vc_column][\/vc_row][vc_row gap=&#8221;30&#8243;][vc_column width=&#8221;2\/3&#8243; css=&#8221;.vc_custom_1647684155935{padding-top: 10px !important;}&#8221;][vc_tour skin=&#8221;primary&#8221; el_class=&#8221;col-md-12&#8243;][vc_tab title=&#8221;Como preparar las gr\u00e1ficas&#8221; tab_id=&#8221;2b05e028-6e5c-8&#8243;][vc_column_text]Si usas Illustrator o InDesign, trabaja con una capa para la plantilla y otra para tu arte, puedes guardar tu artwork como PDF por capas\u00a0usando\u00a0este\u00a0preset\u00a0para exportar PDF\u00a0(PDFLayers.joboptions, descargar) \u2022 IMAGENES:\u00a0Las im\u00e1genes deben ser CMYK,\u00a0los archivos PANTONE preparados [&hellip;]<\/p>\n","protected":false},"author":1,"featured_media":0,"parent":0,"menu_order":0,"comment_status":"closed","ping_status":"closed","template":"","meta":{"_acf_changed":false,"footnotes":""},"class_list":["post-106145","page","type-page","status-publish","hentry"],"acf":[],"_links":{"self":[{"href":"https:\/\/munster-records.com\/en\/wp-json\/wp\/v2\/pages\/106145","targetHints":{"allow":["GET"]}}],"collection":[{"href":"https:\/\/munster-records.com\/en\/wp-json\/wp\/v2\/pages"}],"about":[{"href":"https:\/\/munster-records.com\/en\/wp-json\/wp\/v2\/types\/page"}],"author":[{"embeddable":true,"href":"https:\/\/munster-records.com\/en\/wp-json\/wp\/v2\/users\/1"}],"replies":[{"embeddable":true,"href":"https:\/\/munster-records.com\/en\/wp-json\/wp\/v2\/comments?post=106145"}],"version-history":[{"count":0,"href":"https:\/\/munster-records.com\/en\/wp-json\/wp\/v2\/pages\/106145\/revisions"}],"wp:attachment":[{"href":"https:\/\/munster-records.com\/en\/wp-json\/wp\/v2\/media?parent=106145"}],"curies":[{"name":"wp","href":"https:\/\/api.w.org\/{rel}","templated":true}]}}