{"id":106154,"date":"2022-03-18T10:02:55","date_gmt":"2022-03-18T10:02:55","guid":{"rendered":"https:\/\/munster-records.com\/?page_id=106154"},"modified":"2022-03-19T10:00:06","modified_gmt":"2022-03-19T10:00:06","slug":"audio_fabricacion","status":"publish","type":"page","link":"https:\/\/munster-records.com\/en\/audio_fabricacion\/","title":{"rendered":"Audio"},"content":{"rendered":"<div class=\"wpb-content-wrapper\"><p>[vc_row][vc_column width=&#8221;2\/3&#8243;][vc_column_text]<\/p>\n<h2>Audio<\/h2>\n<h3>A la hora de prensar tu disco, lo importante es la calidad del sonido<\/h3>\n<p>[\/vc_column_text][\/vc_column][vc_column width=&#8221;1\/3&#8243;][\/vc_column][\/vc_row][vc_row][vc_column width=&#8221;2\/3&#8243; css=&#8221;.vc_custom_1647684002522{padding-top: 10px !important;}&#8221;][vc_tour el_class=&#8221;col-12&#8243;][vc_tab title=&#8221;Tiempos m\u00e1ximos&#8221; tab_id=&#8221;b9591d59-5c0a-5&#8243;][vc_column_text]TIEMPOS M\u00c1XIMOS RECOMENDADOS POR CARA<\/p>\n<p>7 \u00ab- 33RPM: 6,5 minutos \/ 7 \u00ab- 45 RPM: 5,0 \u200b\u200bminutos<\/p>\n<p>10 \u00ab- 33RPM: 13,5 minutos \/ 10 \u00ab- 45 RPM: 10,0 Minutos<\/p>\n<p>12 \u00ab- 33RPM: 19,5 minutos \/ 12 \u00ab- 45 RPM: 14,5 minutos<\/p>\n<p>Los tiempos se pueden forzar, pero no asumimos ninguna responsabilidad por el deterioro en la calidad del sonido cuando se exceden los tiempos recomendados.<\/p>\n<p>Se rechazar\u00e1n las reclamaciones sobre la base de la calidad del sonido con tiempos de reproducci\u00f3n que exceden los recomendados. En caso de duda, recomendamos la realizaci\u00f3n de un Test Pressing.[\/vc_column_text][\/vc_tab][vc_tab title=&#8221;Especificaciones t\u00e9cnicas&#8221; tab_id=&#8221;30a801d9-511c-7&#8243;][vc_column_text]<strong>FORMATOS \/ RESOLUCION<\/strong><br \/>\n<strong>Ten en cuenta que un m\u00e1ster para vinilo NO ES IGUAL que un m\u00e1ster para CD.<br \/>\n<\/strong><strong>Masteriza tu audio con un Estudio de Mastering Profesional.<\/strong><\/p>\n<p>Puedes solicitar 2 tipos de corte\/m\u00e1ster: \u00abSTANDARD\u00bb o \u00abLOUD\u00bb.<br \/>\nConsulta el documento \u00abC\u00f3mo preparar el master\u00bb (en ingl\u00e9s) para saber m\u00e1s,\u00a0<a href=\"http:\/\/munstervinyl.com\/wp-content\/uploads\/2018\/04\/HOW-TO-PREPARE-VINYL-MASTER.pdf\" target=\"_blank\" rel=\"noopener\">click aqu\u00ed.<\/a><\/p>\n<ul>\n<li class=\"first-child\">WAV (Windows PCM).<\/li>\n<li>AIF, AIFF (Apple Macintosh<\/li>\n<li>DDP<\/li>\n<li>APE (Monkey Audio), lossless compression, including error detection.<\/li>\n<li>FLAC (FREE LOSSLESS AUDIO CODEC),\u00a0lossless compression, including error detection<\/li>\n<li>BIT RESOLUTION: accepted 16, 20, 24, 32 bits<\/li>\n<li>SAMPLING FRECUENCY: accepted 44.1, 48, 88.2, 96, 176.4 and 192 kHz<\/li>\n<li class=\"last-child\"><strong>MP3, M4A y archivos CDA\u00a0no son aceptados.<\/strong><\/li>\n<\/ul>\n<p>[\/vc_column_text][\/vc_tab][vc_tab title=&#8221;Test pressing&#8221; tab_id=&#8221;1647597695401-2-9&#8243;][vc_column_text]ACLARACIONES SOBRE TEST PRESSING<br \/>\nel test pressing es una prueba en vinilo prensado (un disco como tal) que se obtiene de las planchas de metal producidas a partir del corte (DMM o Lacquer) con las que se prensan los discos de vinilo. Los test pressing son tal y como quedar\u00e1n los discos al final de la producci\u00f3n. En caso de que haya diferencias entre el sonido final del total de la producci\u00f3n y el sonido de los test pressing se pondr\u00e1 un reclamo a la f\u00e1brica. En caso de que el sonido de los test pressing presente ruidos (crakcs, plops, etc) o haya deficiencias en cuanto a la velocidad de reproducci\u00f3n se pondr\u00e1 un reclamo (descargar formulario, enlace m\u00e1s abajo) que ser\u00e1 evaluado por la f\u00e1brica. En caso de aceptar como v\u00e1lido el reclamo la f\u00e1brica proveer\u00e1 un nuevo corte y unos nuevos test pressing para aprobaci\u00f3n del cliente.<br \/>\nLos reclamos por la calidad del sonido si el master no es \u00f3ptimo (vol\u00famen bajo\/alto, mala ecualizaci\u00f3n, etc) en la evaluaci\u00f3n del departamento de Mastering de la f\u00e1brica no ser\u00e1n admitidos como defecto.<\/p>\n<p>Si el cliente no est\u00e1 conforme con el sonido deber\u00e1 proveer un nuevo m\u00e1ster de audio y se har\u00e1 cargo de los costes por la repetici\u00f3n del corte (DMM o Lacquer) y los nuevos test pressings en caso de que los solicite. Los reclamos por deficiencias en el sonido si no se cumplen los tiempos recomendados por la f\u00e1brica para cada formato, no ser\u00e1n admitidos.<br \/>\nEl protocolo para la aprobaci\u00f3n o no aprobaci\u00f3n de los test pressings deber\u00e1 ser indicado por el cliente de la siguiente manera: \u201cTest Pressing aprobado, continuar con la producci\u00f3n total\u201d, y en caso de no aprobaci\u00f3n: \u201cTest Pressing no aprobado\u201d y se deber\u00e1n indicar las razones de la no aprobaci\u00f3n completando un formulario de reclamo.<br \/>\nEn caso de que la no aprobaci\u00f3n se deba a ruidos (cracks, plops, etc) se debe indicar el minuto y segundo en el que se notan tales defectos, en caso de una reproducci\u00f3n una velocidad defectuosa se de be indicar si la reproducci\u00f3n es m\u00e1s r\u00e1pida o m\u00e1s lenta, y si fuera necesario se deber\u00e1n enviar los test pressing a Musica de Miedo SL para que sean remitidos a la f\u00e1brica para la evaluaci\u00f3n del reclamo.<br \/>\nEl retraso (incluso de unos pocos d\u00edas) en la aprobaci\u00f3n o no del Test Pressing puede generar retrasos importantes, recomendamos dar una respuesta en las 24-48 horas de haber sido recibido.<\/p>\n<p>Formulario de reclamo para Test Pressing, download.[\/vc_column_text][\/vc_tab][vc_tab title=&#8221;C\u00f3mo enviar audio&#8221; tab_id=&#8221;1647597739773-3-2&#8243;][vc_column_text]C\u00d3MO GUARDAR Y ENVIAR LOS ARCHIVOS DE AUDIO<\/p>\n<p>GUARDA LOS ARCHIVOS DE AUDIO CON EL LADO Y N\u00daMERO DE TRACK y\/o NOMBRE (tal como lo hayas apuntado en la Hoja de Pedido de fabricaci\u00f3n)<br \/>\n(por ejemplo: A1_\u201dNombre track\u201d, A2_ \u201cNombre track\u201d, etc)<\/p>\n<p>\u2022 Si todos los tracks vienen en una sola pista de audio por cada lado, indica la duraci\u00f3n exacta de cada tema en la Hoja de Pedido. SI los temas no tienen separaci\u00f3n (silencio) entre ellos se pueden insertar \u201cmarcas visuales\u201d (separaci\u00f3n de surcos, no hay silencio) para dar la sensaci\u00f3n \u201cvisual\u201d de separaci\u00f3n de cada track<\/p>\n<p>Guarda los archivos en una carpeta y compr\u00edmela (.sit, .zip, .rar), recomendamos que los env\u00edes comprimidos en un directorio para evitar el posible deterioro en la transferencia.<\/p>\n<p>Env\u00edanos el archivo por WeTransfer o servicio similar.[\/vc_column_text][\/vc_tab][\/vc_tour][\/vc_column][vc_column width=&#8221;1\/3&#8243;]<div class=\"widget_sidebar_menu main-sidebar-menu wpb_custom_fa56fd63c3b694fcdb3812eb30a338f1\"><div class=\"sidebar-menu-wrap\"><ul id=\"menu-fabricacion\" class=\"sidebar-menu side-menu-accordion\"><li id=\"nav-menu-item-106164\" class=\"menu-item menu-item-type-post_type menu-item-object-page  narrow \"><a href=\"https:\/\/munster-records.com\/en\/fabricacion\/\">Fabricaci\u00f3n<\/a><\/li>\n<li id=\"nav-menu-item-106162\" class=\"menu-item menu-item-type-post_type menu-item-object-page  narrow \"><a href=\"https:\/\/munster-records.com\/en\/audio_fabricacion\/\">Audio<\/a><\/li>\n<li id=\"nav-menu-item-106163\" class=\"menu-item menu-item-type-post_type menu-item-object-page  narrow \"><a href=\"https:\/\/munster-records.com\/en\/grafica\/\">Gr\u00e1fica<\/a><\/li>\n<li id=\"nav-menu-item-106165\" class=\"menu-item menu-item-type-taxonomy menu-item-object-category  narrow \"><a href=\"https:\/\/munster-records.com\/genero\/faqs\/\">FAQs<\/a><\/li>\n<\/ul><\/div><\/div>[\/vc_column][\/vc_row]<\/p>\n<\/div>","protected":false},"excerpt":{"rendered":"<p>[vc_row][vc_column width=&#8221;2\/3&#8243;][vc_column_text] Audio A la hora de prensar tu disco, lo importante es la calidad del sonido [\/vc_column_text][\/vc_column][vc_column width=&#8221;1\/3&#8243;][\/vc_column][\/vc_row][vc_row][vc_column width=&#8221;2\/3&#8243; css=&#8221;.vc_custom_1647684002522{padding-top: 10px !important;}&#8221;][vc_tour el_class=&#8221;col-12&#8243;][vc_tab title=&#8221;Tiempos m\u00e1ximos&#8221; tab_id=&#8221;b9591d59-5c0a-5&#8243;][vc_column_text]TIEMPOS M\u00c1XIMOS RECOMENDADOS POR CARA 7 \u00ab- 33RPM: 6,5 minutos \/ 7 \u00ab- 45 RPM: 5,0 \u200b\u200bminutos 10 \u00ab- 33RPM: 13,5 minutos \/ 10 \u00ab- 45 RPM: 10,0 Minutos [&hellip;]<\/p>\n","protected":false},"author":1,"featured_media":0,"parent":0,"menu_order":0,"comment_status":"closed","ping_status":"closed","template":"","meta":{"_acf_changed":false,"footnotes":""},"class_list":["post-106154","page","type-page","status-publish","hentry"],"acf":[],"_links":{"self":[{"href":"https:\/\/munster-records.com\/en\/wp-json\/wp\/v2\/pages\/106154","targetHints":{"allow":["GET"]}}],"collection":[{"href":"https:\/\/munster-records.com\/en\/wp-json\/wp\/v2\/pages"}],"about":[{"href":"https:\/\/munster-records.com\/en\/wp-json\/wp\/v2\/types\/page"}],"author":[{"embeddable":true,"href":"https:\/\/munster-records.com\/en\/wp-json\/wp\/v2\/users\/1"}],"replies":[{"embeddable":true,"href":"https:\/\/munster-records.com\/en\/wp-json\/wp\/v2\/comments?post=106154"}],"version-history":[{"count":0,"href":"https:\/\/munster-records.com\/en\/wp-json\/wp\/v2\/pages\/106154\/revisions"}],"wp:attachment":[{"href":"https:\/\/munster-records.com\/en\/wp-json\/wp\/v2\/media?parent=106154"}],"curies":[{"name":"wp","href":"https:\/\/api.w.org\/{rel}","templated":true}]}}