{"id":45679,"date":"2020-09-02T07:01:06","date_gmt":"2020-09-02T07:01:06","guid":{"rendered":"https:\/\/munster.creando.net\/politica-de-cookies\/"},"modified":"2020-12-07T02:20:11","modified_gmt":"2020-12-07T02:20:11","slug":"politica-de-cookies","status":"publish","type":"page","link":"https:\/\/munster-records.com\/en\/politica-de-cookies\/","title":{"rendered":"Pol\u00edtica de Cookies"},"content":{"rendered":"<div class=\"wpb-content-wrapper\"><p>[vc_row css=&#8221;.vc_custom_1606557726619{padding-top: 40px !important;}&#8221;][vc_column width=&#8221;3\/4&#8243;][vc_column_text]<\/p>\n<h3>Preguntas frecuentes para cookies<\/h3>\n<p><strong>\u00bfPor qu\u00e9 saltan ahora tantos avisos sobre el uso de las &#8220;cookies&#8221;?<\/strong><\/p>\n<p>En 2012 se introdujo una modificaci\u00f3n en el art\u00edculo 22.2 de la Ley de Servicios de la Sociedad de la Informaci\u00f3n y de Comercio Electr\u00f3nico (LSSICE) de 2002. Hasta entonces, se daba por hecho que las p\u00e1ginas web avisaban del uso de cookies en los textos que inclu\u00edan bajo ep\u00edgrafes del estilo&#8221;Aviso legal&#8221;,&#8221;Condiciones de uso&#8221;, \u201cT\u00e9rminos de uso&#8221;,&#8221;Pol\u00edtica de protecci\u00f3n de datos&#8221;&#8230; Pero se consider\u00f3 insuficiente.<\/p>\n<p>Tras la modificaci\u00f3n de 2012 estableci\u00f3 que el usuario debe consentir el uso de las cookies, tras ser debidamente nformado de las finalidades para las que son utilizadas.<\/p>\n<p><strong>\u00bfCu\u00e1les son las multas por incumplir la normativa decookies?<\/strong><\/p>\n<p>Las infracciones leves acarrean multas de hasta 30.000 euros y las graves pueden llegar a los 150.000, aunque la jurisprudencia nunca ha llegado a esos extremos, estableciendo normalmente cuant\u00edas de entre 500 y 25.000 euros.<\/p>\n<p><strong>\u00bfPuedo eliminar las\u00a0cookies de mi ordenador?<\/strong><\/p>\n<p>S\u00ed, se puede controlar o borrar las cookies siempre que lo desee, aunque con ello puede experimentar un comportamiento diferente en la web, adem\u00e1s puede configurar la mayor\u00eda de los navegadores para que dejen de aceptarlas. En caso que las rechace o las elimine, algunas funcionalidades de la web pueden que no\u00a0 funcionen correctamente.<\/p>\n<p><strong>\u00bfSon las cookies un peligro para mi ordenador?<\/strong><\/p>\n<p>No, una cookie es fichero de texto, no es un programa o plug\\in. No puede usarse como virus y no puede acceder a tu disco duro. Es el propio navegador y no una persona la que guarda la cookie de una p\u00e1gina web cuando es necesario.<\/p>\n<p><strong>\u00bfPueden las cookies llenar mi disco duro?<\/strong><\/p>\n<p>Aunque las cookies ocupan muy poco espacio (escasos kilobytes), a medida que se navega por internet la acumulaci\u00f3n de estas puede llegar a ocupar un espacio relativamente grande en el disco duro. Es por ello que tanto los propios navegadores y sistemas operativos tienen sistemas autom\u00e1ticos propios para que esto no ocurra, normalmente con un n\u00famero m\u00e1ximo de cookies que se puedan almacenar. Cuando ese n\u00famero se supera, el navegador autom\u00e1ticamente eliminar\u00e1 aquellas que se hayan usado menos.<\/p>\n<p><strong>\u00bfQui\u00e9n debe cumplir\u00a0esta normativa?<\/strong><\/p>\n<ul>\n<li>Las p\u00e1ginas corporativas de las compa\u00f1\u00edas.<\/li>\n<li>Las p\u00e1ginas corporativas de profesionales aut\u00f3nomos, independientemente de si son utilizadas para informar sobre sus negocios o como tiendas online.<\/li>\n<li>Las tiendas online y otras plataformas de comercio electr\u00f3nico.<\/li>\n<li>Los medios de comunicaci\u00f3n o blogs de particulares que incluyan alg\u00fan tipo de publicidad.<\/li>\n<\/ul>\n<p>Esto aplica tanto a las compa\u00f1\u00edas y profesionales establecidos en establecidos en Espa\u00f1a como a aquellas webs extranjeras dirigidas al p\u00fablico espa\u00f1ol.[\/vc_column_text][\/vc_column][vc_column width=&#8221;1\/4&#8243;][vc_wp_custommenu nav_menu=&#8221;38&#8243;][vc_column_text]<\/p>\n<h3>Pol\u00edtica de cookies<\/h3>\n<p>Una cookie es un fichero que se descargar\u00e1 en su ordenador al acceder a determinadas p\u00e1ginas web. Las cookies permiten a una p\u00e1gina web, entre otras cosas, almacenar y recuperar informaci\u00f3n sobre los h\u00e1bitos de navegaci\u00f3n de un usuario o de su equipo y, dependiendo de la informaci\u00f3n que contengan y de la forma en que se utilice su equipo, pueden servir para reconocerlo.<\/p>\n<p>No obstante, estos medios s\u00f3lo obtienen informaci\u00f3n relacionada con el n\u00famero de p\u00e1ginas visitadas, la ciudad a la que est\u00e1 asignada la direcci\u00f3n IP desde la que se accede, el n\u00famero de nuevos usuarios, la frecuencia y reincidencia de las visitas, el tiempo de visita, en navegador o el operador o tipo de terminar desde el que se accede a la web.<\/p>\n<p>Estas cookies se asocian \u00fanicamente con un usuario an\u00f3nimo y su ordenador y no proporcionan referencias que permitan deducir el nombre y apellidos del usuario ni acceder a otro tipo de datos almacenados en el dispositivo.<\/p>\n<p>Las cookies de <strong>MUNSTER-RECORDS<\/strong> no pueden leer datos de su disco duro ni leer los archivos cookie creados por otros proveedores de servicio.[\/vc_column_text][\/vc_column][\/vc_row]<\/p>\n<\/div>","protected":false},"excerpt":{"rendered":"<p>[vc_row css=&#8221;.vc_custom_1606557726619{padding-top: 40px !important;}&#8221;][vc_column width=&#8221;3\/4&#8243;][vc_column_text] Preguntas frecuentes para cookies \u00bfPor qu\u00e9 saltan ahora tantos avisos sobre el uso de las &#8220;cookies&#8221;? En 2012 se introdujo una modificaci\u00f3n en el art\u00edculo 22.2 de la Ley de Servicios de la Sociedad de la Informaci\u00f3n y de Comercio Electr\u00f3nico (LSSICE) de 2002. Hasta entonces, se daba por hecho [&hellip;]<\/p>\n","protected":false},"author":1,"featured_media":0,"parent":0,"menu_order":0,"comment_status":"closed","ping_status":"closed","template":"","meta":{"_acf_changed":false,"footnotes":""},"class_list":["post-45679","page","type-page","status-publish","hentry"],"acf":[],"_links":{"self":[{"href":"https:\/\/munster-records.com\/en\/wp-json\/wp\/v2\/pages\/45679","targetHints":{"allow":["GET"]}}],"collection":[{"href":"https:\/\/munster-records.com\/en\/wp-json\/wp\/v2\/pages"}],"about":[{"href":"https:\/\/munster-records.com\/en\/wp-json\/wp\/v2\/types\/page"}],"author":[{"embeddable":true,"href":"https:\/\/munster-records.com\/en\/wp-json\/wp\/v2\/users\/1"}],"replies":[{"embeddable":true,"href":"https:\/\/munster-records.com\/en\/wp-json\/wp\/v2\/comments?post=45679"}],"version-history":[{"count":0,"href":"https:\/\/munster-records.com\/en\/wp-json\/wp\/v2\/pages\/45679\/revisions"}],"wp:attachment":[{"href":"https:\/\/munster-records.com\/en\/wp-json\/wp\/v2\/media?parent=45679"}],"curies":[{"name":"wp","href":"https:\/\/api.w.org\/{rel}","templated":true}]}}