{"id":105595,"date":"2022-02-01T15:22:05","date_gmt":"2022-02-01T15:22:05","guid":{"rendered":"https:\/\/munster-records.com\/producto\/dracula-ye%e2%80%8b-%e2%80%8bye-caperucita-ye%e2%80%8b-%e2%80%8bye-pre%e2%80%8b-%e2%80%8border\/"},"modified":"2026-02-06T23:06:30","modified_gmt":"2026-02-06T23:06:30","slug":"dracula-ye-ye-caperucita-ye-ye-pre-order","status":"publish","type":"product","link":"https:\/\/munster-records.com\/en\/producto\/dracula-ye-ye-caperucita-ye-ye-pre-order\/","title":{"rendered":"Dr\u00e1cula Ye\u200b-\u200bY\u00e9 \/ Caperucita Ye\u200b-\u200bY\u00e9 (PRE\u200b-\u200bORDER)"},"content":{"rendered":"<p>Mainly known for his career as an actor, especially during the post-dictatorship years and through his &#8220;soft-erotic&#8221; comedy films, the popular Spanish comedian Andr\u00e9s Pajares also recorded several records since the mid-1960s. Among them, &#8220;Dracula Yey\u00e9&#8221; is THE song that has conquered selected dancefloors worldwide and has been on the wants lists of 60s sounds collectors and DJs for years. A rare artifact that was originally released in 1968 and whose original copies are very scarce and currently fetch exorbitant prices in the second-hand market. The later version recorded by the Spanish band Doctor Explosi\u00f3n in the \u201890s helped to make this record better known so that has already achieved the status of Spanish garage-yey\u00e9 holy grail.<\/p>\n<p>The single is completed with another fun and surprising yey\u00e9 song on the B side that could well be the main track of this release since it brings together some of the best artists of the Spanish-sung yey\u00e9 scene of the 60s: singers Marta Baiz\u00e1n, Miguel R\u00edos and the Venezuelan garage band Los Impala. All of them were the uncredited artists involved in this recording that was originally released as a children&#8217;s record, with the musicalized narration of the classic tale \u201cLittle Red Riding Hood\u201d that these musicians turned into a stunning garage-beat hit.<\/p>\n<p>Both songs are reissued here on a 7\u201d single for the first time.<\/p>\n","protected":false},"excerpt":{"rendered":"<p><strong>FINALLY, the highly sought-after and fun \u2018Dr\u00e1cula Yey\u00e9\u2019 by Andr\u00e9s Pajares is being officially reissued on a 7\u201d vinyl single for the first time. The version recorded by the Spanish band Doctor Explosi\u00f3n in the 90s helped to popularize this song that has already achieved the status of garage-yey\u00e9 holy grail.<\/p>\n<p>On the B side the stunning garage-beat number \u2018Caperucita Yey\u00e9\u2019 brings together some of the best artists of the Spanish-sung yey\u00e9 scene of the 60s: singers Marta Baiz\u00e1n, Miguel R\u00edos and the Venezuelan garage band Los Impala.<\/p>\n<p>Two highly sought-after garage-yey\u00e9 songs on a double-A-side single, essential for lovers of 60s sounds.<\/strong><\/p>\n","protected":false},"featured_media":105586,"template":"","meta":{"_acf_changed":false},"product_brand":[],"product_cat":[208,215,211,66],"product_tag":[],"class_list":{"0":"post-105595","1":"product","2":"type-product","3":"status-publish","4":"has-post-thumbnail","6":"product_cat-60s-en-2","7":"product_cat-beat-en-2","8":"product_cat-garage-en-2","9":"product_cat-spanish","10":"product_shipping_class-cd-en","11":"pa_formato-7-en-2","13":"first","14":"outofstock","15":"taxable","16":"shipping-taxable","17":"purchasable","18":"product-type-simple"},"acf":[],"_links":{"self":[{"href":"https:\/\/munster-records.com\/en\/wp-json\/wp\/v2\/product\/105595","targetHints":{"allow":["GET"]}}],"collection":[{"href":"https:\/\/munster-records.com\/en\/wp-json\/wp\/v2\/product"}],"about":[{"href":"https:\/\/munster-records.com\/en\/wp-json\/wp\/v2\/types\/product"}],"wp:featuredmedia":[{"embeddable":true,"href":"https:\/\/munster-records.com\/en\/wp-json\/wp\/v2\/media\/105586"}],"wp:attachment":[{"href":"https:\/\/munster-records.com\/en\/wp-json\/wp\/v2\/media?parent=105595"}],"wp:term":[{"taxonomy":"product_brand","embeddable":true,"href":"https:\/\/munster-records.com\/en\/wp-json\/wp\/v2\/product_brand?post=105595"},{"taxonomy":"product_cat","embeddable":true,"href":"https:\/\/munster-records.com\/en\/wp-json\/wp\/v2\/product_cat?post=105595"},{"taxonomy":"product_tag","embeddable":true,"href":"https:\/\/munster-records.com\/en\/wp-json\/wp\/v2\/product_tag?post=105595"}],"curies":[{"name":"wp","href":"https:\/\/api.w.org\/{rel}","templated":true}]}}