{"id":107853,"date":"2022-06-06T08:52:08","date_gmt":"2022-09-21T19:53:09","guid":{"rendered":"https:\/\/munster-records.com\/producto\/dire-a-mi-gente\/"},"modified":"2026-02-06T23:06:29","modified_gmt":"2026-02-06T23:06:29","slug":"dire-a-mi-gente","status":"publish","type":"product","link":"https:\/\/munster-records.com\/en\/producto\/dire-a-mi-gente\/","title":{"rendered":"Dir\u00e9 a mi gente"},"content":{"rendered":"<p>&#8220;Dir\u00e9 a mi gente&#8221; is an essential Colombian album that connects the new generations that grew up after the fall of the socialist block. It\u2019s a classic with one foot in protest song and the other in acid rock, harsh sounding but also current, raw and sincere.\u00a0 It\u2019s reminiscent of Nadaism via Pablus Gallinazo, the bittersweet tenderness of Elia y Elizabeth and the post Yetis duet of Norman y Dar\u00edo.<\/p>\n<p>It was recorded by the brothers Ana y Jaime Valencia and originally released in 1969 on the local label Discos 15. The messages it conveys are still fresh and the blend of superb songs, arrangements and the candor of the duo\u2019s performance proves the relevance and importance of re-listening to this album in an increasingly nihilistic and depoliticized world. The teenage voices enhance the truthfulness and power of conviction of the classic songs of Al\u00ed Primera and Daniel Viglietti. The endearing song &#8216;Cu\u00e1ntos momentos&#8217;, originally recorded by Iv\u00e1n Dar\u00edo L\u00f3pez from Los Yetis-Norman y Dar\u00edo, stands out on the album. &#8216;Es largo el camino&#8217;, with more stark lyrics by Nelson Osorio backed by Astudillo&#8217;s screeching guitar, sends shivers down your spine.<\/p>\n<p>&#8220;Dir\u00e9 a mi gente&#8221; reaffirms that the transformative power of music is still there, latent, waiting to be unleashed. Even though the road traveled to get there is sometimes long.<\/p>\n","protected":false},"excerpt":{"rendered":"<p>&#8220;Dir\u00e9 a mi gente&#8221; is a 1969 Colombian pop classic with one foot in protest song and the other in acid rock, harsh sounding but also current and sincere. <\/p>\n<p>The rawness of the lyrics, the simple and dynamic electrified instrumentation and the contrast with the sweetness and innocence of the adolescent vocals make it reminiscent of Nadaism via Pablus Gallinazo, the bittersweet tenderness of Elia y Elizabeth and the post Los Yetis duet of Norman y Dar\u00edo.<\/p>\n<p>First time vinyl reissue. Liner notes by Mexican DJ and collector Carlos Icaza aka Tropicaza (Dublab\/Worldwide FM.)<\/p>\n","protected":false},"featured_media":106987,"template":"","meta":{"_acf_changed":false},"product_brand":[],"product_cat":[198,193],"product_tag":[],"class_list":{"0":"post-107853","1":"product","2":"type-product","3":"status-publish","4":"has-post-thumbnail","6":"product_cat-folk-en-4","7":"product_cat-latin-en","8":"product_shipping_class-lp-lp-7-lp-cd","9":"pa_formato-lp-en","11":"first","12":"instock","13":"sale","14":"taxable","15":"shipping-taxable","16":"purchasable","17":"product-type-simple"},"acf":[],"_links":{"self":[{"href":"https:\/\/munster-records.com\/en\/wp-json\/wp\/v2\/product\/107853","targetHints":{"allow":["GET"]}}],"collection":[{"href":"https:\/\/munster-records.com\/en\/wp-json\/wp\/v2\/product"}],"about":[{"href":"https:\/\/munster-records.com\/en\/wp-json\/wp\/v2\/types\/product"}],"wp:featuredmedia":[{"embeddable":true,"href":"https:\/\/munster-records.com\/en\/wp-json\/wp\/v2\/media\/106987"}],"wp:attachment":[{"href":"https:\/\/munster-records.com\/en\/wp-json\/wp\/v2\/media?parent=107853"}],"wp:term":[{"taxonomy":"product_brand","embeddable":true,"href":"https:\/\/munster-records.com\/en\/wp-json\/wp\/v2\/product_brand?post=107853"},{"taxonomy":"product_cat","embeddable":true,"href":"https:\/\/munster-records.com\/en\/wp-json\/wp\/v2\/product_cat?post=107853"},{"taxonomy":"product_tag","embeddable":true,"href":"https:\/\/munster-records.com\/en\/wp-json\/wp\/v2\/product_tag?post=107853"}],"curies":[{"name":"wp","href":"https:\/\/api.w.org\/{rel}","templated":true}]}}