{"id":108021,"date":"2022-10-14T20:39:24","date_gmt":"2022-10-14T20:39:24","guid":{"rendered":"https:\/\/munster-records.com\/producto\/interferencias-vol-1-vol-2-spanish-synth-wave-1980-89\/"},"modified":"2026-02-06T23:06:28","modified_gmt":"2026-02-06T23:06:28","slug":"interferencias-vol-1-vol-2-spanish-synth-wave-1980-89","status":"publish","type":"product","link":"https:\/\/munster-records.com\/en\/producto\/interferencias-vol-1-vol-2-spanish-synth-wave-1980-89\/","title":{"rendered":"Interferencias Vol. 1 &#038; Vol. 2. Spanish Synth Wave 1980-89"},"content":{"rendered":"<p>BANDS: TodoTodo, Oviformia SCI, \u00daltima Emoci\u00f3n, WAQ, Justine, S\u00e9ptimo Sello, L\u00edneas A\u00e9reas, MD, Lavabos Iturriaga, Vocoder, Metal y Ca, La Mode, Aviador Dro, Kalashnikov, Tomates El\u00e9ctricos, Metropakt, El Humano Mecano, Dise\u00f1o Corbusier, Los Iniciados, Bola\/Banda Electr\u00f3nica, Muzak, Diagonal, TV Sovi\u00e9tica, Orfe\u00f3n Gagarin, Esplendor Geom\u00e9trico, Logotipo, Jan, Claustrofobia, De Picnic, Fanzine, Q, Demian, Flash Cero, Fl\u00e1cidos Lunes, Betty Troupe, Man\u00eda, Minuit Polonia, Heroica, V Generaci\u00f3n, Programa.<\/p>\n","protected":false},"excerpt":{"rendered":"<h2 class=\"title\">Various Artists &#8211; Interferencias Vol. 1 &amp; Vol. 2. Spanish Synth Wave 1980-89<\/h2>\n","protected":false},"featured_media":106437,"template":"","meta":{"_acf_changed":false},"product_brand":[],"product_cat":[226,229],"product_tag":[],"class_list":{"0":"post-108021","1":"product","2":"type-product","3":"status-publish","4":"has-post-thumbnail","6":"product_cat-80s-en-2","7":"product_cat-synth-pop-en","8":"product_shipping_class-lp-lp-7-lp-cd","9":"pa_formato-cd-en","11":"first","12":"outofstock","13":"featured","14":"taxable","15":"shipping-taxable","16":"purchasable","17":"product-type-simple"},"acf":[],"_links":{"self":[{"href":"https:\/\/munster-records.com\/en\/wp-json\/wp\/v2\/product\/108021","targetHints":{"allow":["GET"]}}],"collection":[{"href":"https:\/\/munster-records.com\/en\/wp-json\/wp\/v2\/product"}],"about":[{"href":"https:\/\/munster-records.com\/en\/wp-json\/wp\/v2\/types\/product"}],"wp:featuredmedia":[{"embeddable":true,"href":"https:\/\/munster-records.com\/en\/wp-json\/wp\/v2\/media\/106437"}],"wp:attachment":[{"href":"https:\/\/munster-records.com\/en\/wp-json\/wp\/v2\/media?parent=108021"}],"wp:term":[{"taxonomy":"product_brand","embeddable":true,"href":"https:\/\/munster-records.com\/en\/wp-json\/wp\/v2\/product_brand?post=108021"},{"taxonomy":"product_cat","embeddable":true,"href":"https:\/\/munster-records.com\/en\/wp-json\/wp\/v2\/product_cat?post=108021"},{"taxonomy":"product_tag","embeddable":true,"href":"https:\/\/munster-records.com\/en\/wp-json\/wp\/v2\/product_tag?post=108021"}],"curies":[{"name":"wp","href":"https:\/\/api.w.org\/{rel}","templated":true}]}}