{"id":108029,"date":"2022-10-14T20:44:20","date_gmt":"2022-10-14T20:44:20","guid":{"rendered":"https:\/\/munster-records.com\/producto\/frauen-feuer\/"},"modified":"2026-02-06T23:06:28","modified_gmt":"2026-02-06T23:06:28","slug":"frauen-feuer","status":"publish","type":"product","link":"https:\/\/munster-records.com\/en\/producto\/frauen-feuer\/","title":{"rendered":"FRAUEN-FEUER"},"content":{"rendered":"<p>This would have been the Brazilian post-punk supergroup. It would have, because bassist and singer Sandra Coutinho moved to Germany, leaving these recordings behind \u2013 only two songs\u00a0were released, in an independent compilation (Enquanto Isso).<\/p>\n<p>Sandra (Bass, As Mercen\u00e1rias) along with Denise Camargo (keyboards and voice, Bruhah\u00e1Bab\u00e9lico and Dequinha e Zaba), Biba Meira (drums, De Falla) and Karla Xavier (guitar, R. Mutt), expressive musicians in expressive bands, were AKT. And this powerful repertoire, composed and recorded in the short period of the group&#8217;s existence, recorded and produced by R.H. Jackson (Caracol) the complete session remained unheard until now.<\/p>\n","protected":false},"excerpt":{"rendered":"<p><strong>For the first time ever on vinyl (or any other format) the complete AKT recording session.<\/strong><\/p>\n<p><strong>AKT was a short lived Brazilian all girl post-punk\/experimental group formed by members of As Mercen\u00e1rias, Bruhah\u00e1 Bab\u00e9lico, De Falla and R. Mutt.<br \/>\n<\/strong><\/p>\n<p><strong>Remastered from the original tapes, this reissue also brings unseen photos by Rui Mendes and the band story written by Alex Antunes (Akira S &#038; As Garotas Que Erraram)<\/strong>,<strong> based on statements by the girls, the engineer, Bruno Verner (R. Mutt) and Thomas Pappon (Fellini).<\/strong><\/p>\n","protected":false},"featured_media":105994,"template":"","meta":{"_acf_changed":false},"product_brand":[],"product_cat":[300,63,233],"product_tag":[],"class_list":{"0":"post-108029","1":"product","2":"type-product","3":"status-publish","4":"has-post-thumbnail","6":"product_cat-afterpunk","7":"product_cat-brazil-en","8":"product_cat-post-punk-en","9":"product_shipping_class-lp-lp-7-lp-cd","10":"pa_formato-lp-en","12":"first","13":"instock","14":"featured","15":"taxable","16":"shipping-taxable","17":"purchasable","18":"product-type-simple"},"acf":[],"_links":{"self":[{"href":"https:\/\/munster-records.com\/en\/wp-json\/wp\/v2\/product\/108029","targetHints":{"allow":["GET"]}}],"collection":[{"href":"https:\/\/munster-records.com\/en\/wp-json\/wp\/v2\/product"}],"about":[{"href":"https:\/\/munster-records.com\/en\/wp-json\/wp\/v2\/types\/product"}],"wp:featuredmedia":[{"embeddable":true,"href":"https:\/\/munster-records.com\/en\/wp-json\/wp\/v2\/media\/105994"}],"wp:attachment":[{"href":"https:\/\/munster-records.com\/en\/wp-json\/wp\/v2\/media?parent=108029"}],"wp:term":[{"taxonomy":"product_brand","embeddable":true,"href":"https:\/\/munster-records.com\/en\/wp-json\/wp\/v2\/product_brand?post=108029"},{"taxonomy":"product_cat","embeddable":true,"href":"https:\/\/munster-records.com\/en\/wp-json\/wp\/v2\/product_cat?post=108029"},{"taxonomy":"product_tag","embeddable":true,"href":"https:\/\/munster-records.com\/en\/wp-json\/wp\/v2\/product_tag?post=108029"}],"curies":[{"name":"wp","href":"https:\/\/api.w.org\/{rel}","templated":true}]}}