{"id":109261,"date":"2023-03-28T08:25:59","date_gmt":"2023-03-28T08:25:59","guid":{"rendered":"https:\/\/munster-records.com\/?post_type=product&#038;p=109261"},"modified":"2025-05-30T09:01:50","modified_gmt":"2025-05-30T09:01:50","slug":"quiero","status":"publish","type":"product","link":"https:\/\/munster-records.com\/en\/producto\/quiero\/","title":{"rendered":"QUIERO\u2026"},"content":{"rendered":"<p>Este LP nos presenta al cantante y compositor cubano-peruano Kr\u00f3ffer Jim\u00e9nez, l\u00edder de Poppy y sus Pira\u00f1as, que grab\u00f3 \u201cQuiero\u2026\u201d en 1969 para MAG.<\/p>\n<p>El grupo prepar\u00f3 el \u00e1lbum, consistente en doce canciones, compuestas especialmente para el disco: diez originales y dos versiones.<\/p>\n<p>Quintetos como el de Compay Quinto, Pedro Miguel y sus Maracaibos y Los Totos eran las estrellas de la escena tropical de Per\u00fa por aquel entonces, sumando seguidores gracias a sus poderosas secciones r\u00edtmicas y melod\u00edas aceleradas. En contraste, la docena de guarachas y cumbias contenidas en \u201cQuiero\u2026\u201d son m\u00e1s lentas y relejadas, mostrando elegantemente las ra\u00edces cubanas de Kr\u00f3ffer y los Pira\u00f1as aportando su fuerza a los momentos m\u00e1s festivos. La cumbia &#8216;Mala mujer&#8217; y las guarachas &#8216;Amar en el mar&#8217; y &#8216;El sortilegio&#8217; se adelantaron a su tiempo, con una forma de cantar que no se pondr\u00eda de moda hasta 1971.<\/p>\n<p>Hay tambi\u00e9n cortes mucho m\u00e1s r\u00edtmicos como &#8216;Fiesta en el callej\u00f3n&#8217;, &#8216;La tamalera&#8217;, &#8216;Ritmo en furor&#8217; y \u2018Quiero\u2019, que incluyen referencias folcl\u00f3ricas y toques de humor, anticipando la direcci\u00f3n que Kr\u00f3ffer adoptar\u00eda para sus trabajos futuros. El \u00e1lbum se remata con dos versiones: &#8216;Elvira no se vira&#8217;, del repertorio de los cubanos Los Guaracheros del Oriente de finales de los 50; y &#8216;La pla\u00f1idera&#8217;, una balada po\u00e9tica que describe el papel de las mujeres especializadas en llorar en funerales.<\/p>\n<p>Aunque algunas canciones de estas sesiones fueron apareciendo como singles, MAG no public\u00f3 este LP hasta 1972, cuando Dinsa empezaba a tener \u00e9xitos con Poppy y sus Pira\u00f1as, cuya formaci\u00f3n inclu\u00eda algunos de los mejores m\u00fasicos del panorama tropical.<\/p>\n<p>Quiz\u00e1 fuera esta situaci\u00f3n de \u00e9xitos y reconocimiento en otra discogr\u00e1fica lo que hizo que el LP de MAG \u201cQuiero\u2026\u201d apenas despertara inter\u00e9s en 1972, algo que esperamos que se remedie con esta primera reedici\u00f3n de su fant\u00e1stico disco.<\/p>\n","protected":false},"excerpt":{"rendered":"<p><strong><b>Primera reedici\u00f3n de \u201cQuiero\u2026\u201d del cantante y compositor cubano-peruano Kr\u00f3ffer Jim\u00e9nes, l\u00edder de Poppy y sus Pira\u00f1as, una de las figuras clave en la m\u00fasica tropical de Per\u00fa.<\/b><\/strong><\/p>\n<p><strong><b>Grabado en 1969 pero no publicado hasta 1972, este \u00e1lbum contiene guarachas y cumbias que se adelantaron a su tiempo, principalmente composiciones originales. Desgraciadamente el \u00e1lbum pas\u00f3 desapercibido en el momento de su lanzamiento, convirti\u00e9ndose en tiempos m\u00e1s recientes en una buscad\u00edsima pieza de colecci\u00f3n.<\/b><\/strong><\/p>\n<p><strong><b>Vinilo de 180gr.<\/b><\/strong><\/p>\n","protected":false},"featured_media":109262,"template":"","meta":{"_acf_changed":false},"product_brand":[],"product_cat":[59,80],"product_tag":[],"class_list":{"0":"post-109261","1":"product","2":"type-product","3":"status-publish","4":"has-post-thumbnail","6":"product_cat-latin","7":"product_cat-peru","8":"product_shipping_class-lp-2","9":"pa_formato-lp","11":"first","12":"instock","13":"sale","14":"taxable","15":"shipping-taxable","16":"purchasable","17":"product-type-simple"},"acf":[],"_links":{"self":[{"href":"https:\/\/munster-records.com\/en\/wp-json\/wp\/v2\/product\/109261","targetHints":{"allow":["GET"]}}],"collection":[{"href":"https:\/\/munster-records.com\/en\/wp-json\/wp\/v2\/product"}],"about":[{"href":"https:\/\/munster-records.com\/en\/wp-json\/wp\/v2\/types\/product"}],"wp:featuredmedia":[{"embeddable":true,"href":"https:\/\/munster-records.com\/en\/wp-json\/wp\/v2\/media\/109262"}],"wp:attachment":[{"href":"https:\/\/munster-records.com\/en\/wp-json\/wp\/v2\/media?parent=109261"}],"wp:term":[{"taxonomy":"product_brand","embeddable":true,"href":"https:\/\/munster-records.com\/en\/wp-json\/wp\/v2\/product_brand?post=109261"},{"taxonomy":"product_cat","embeddable":true,"href":"https:\/\/munster-records.com\/en\/wp-json\/wp\/v2\/product_cat?post=109261"},{"taxonomy":"product_tag","embeddable":true,"href":"https:\/\/munster-records.com\/en\/wp-json\/wp\/v2\/product_tag?post=109261"}],"curies":[{"name":"wp","href":"https:\/\/api.w.org\/{rel}","templated":true}]}}