{"id":109265,"date":"2023-03-28T08:59:10","date_gmt":"2023-03-28T08:59:10","guid":{"rendered":"https:\/\/munster-records.com\/?post_type=product&#038;p=109265"},"modified":"2023-04-21T11:34:17","modified_gmt":"2023-04-21T11:34:17","slug":"la-retreta-mayor","status":"publish","type":"product","link":"https:\/\/munster-records.com\/en\/producto\/la-retreta-mayor\/","title":{"rendered":"LA RETRETA MAYOR"},"content":{"rendered":"<p>Primera reedici\u00f3n del alucinante disco hom\u00f3nimo de jazz-funk latino de la banda venezolana La Retreta Mayor \u2014fundada y dirigida por el guitarrista Alex Rodr\u00edguez\u2014 publicado originalmente por Discomoda en 1976.<\/p>\n<p>Rodr\u00edguez es un guitarrista de formaci\u00f3n cl\u00e1sica y de jazz que en los primeros a\u00f1os de su carrera formar\u00eda parte de las mejores orquestas de Venezuela, incluyendo la Onda Nueva de Aldemaro Romero. A mediados de los 70 dio forma a este proyecto ef\u00edmero, La Retreta Mayor, que tan solo publicar\u00eda un \u00fanico \u00e1lbum.<\/p>\n<p>La Retreta Mayor fue una banda de trayectoria brev\u00edsima formada por 10 m\u00fasicos junto a numerosos invitados, totalizando 29 miembros, que cre\u00f3 una joya de jazz-funk y fusi\u00f3n considerada una obra fundamental en la historia musical de Venezuela. Lamentablemente el grupo se disolvi\u00f3 tras la grabaci\u00f3n y nunca volvi\u00f3 a tocar o grabar juntos.<\/p>\n<p>El \u00e1lbum incluye unos cuantos cortes para la pista de baile, como\u00a0\u2018Zambo\u2019 y \u2018L\u00edquido elemento\u2019, resplandecientes gracias a la potente secci\u00f3n de vientos y la percusi\u00f3n, por no hablar del tema inicial \u2018Torta de pan\u2019, que puede incluso recordar a cl\u00e1sicos de funk norteamericano, como los propios JBs.<\/p>\n<p>Dos a\u00f1os m\u00e1s tarde Rodr\u00edguez publicar\u00eda un nuevo disco a modo de continuaci\u00f3n: el buscad\u00edsimo LP \u201cB\u00fasqueda\u201d, grabado y producido entre los Estados Unidos y Venezuela.<\/p>\n","protected":false},"excerpt":{"rendered":"<p><strong><b>Alucinante disco hom\u00f3nimo de jazz-funk latino de la banda venezolana La Retreta Mayor \u2014fundada y dirigida por el guitarrista Alex Rodr\u00edguez\u2014 publicado originalmente por Discomoda en 1976<\/b><\/strong><\/p>\n<p><strong><b>La Retreta Mayor fue una banda, de trayectoria brev\u00edsima, formada por 10 m\u00fasicos junto a numerosos invitados que cre\u00f3 una joya de jazz-funk y fusi\u00f3n, considerada una obra fundamental en la historia musical de Venezuela. Lamentablemente el grupo se disolvi\u00f3 tras la grabaci\u00f3n y nunca volvi\u00f3 a tocar o grabar juntos.<\/b><\/strong><\/p>\n<p><strong><b>\u00a0<\/b><\/strong><strong><b>El \u00e1lbum incluye unos cuantos cortes para la pista de baile, como \u2018Zambo\u2019 y \u2018L\u00edquido elemento\u2019, resplandecientes gracias a la potente secci\u00f3n de vientos y la percusi\u00f3n.<\/b><\/strong><\/p>\n<p><strong><b>\u00a0<\/b><\/strong><strong><b>Primera reedici\u00f3n. Vinilo de 180gr.<\/b><\/strong><\/p>\n","protected":false},"featured_media":109266,"template":"","meta":{"_acf_changed":false},"product_brand":[],"product_cat":[130,75,59],"product_tag":[],"class_list":{"0":"post-109265","1":"product","2":"type-product","3":"status-publish","4":"has-post-thumbnail","6":"product_cat-funk","7":"product_cat-jazz-2","8":"product_cat-latin","9":"product_shipping_class-lp-2","10":"pa_formato-lp","12":"first","13":"instock","14":"taxable","15":"shipping-taxable","16":"purchasable","17":"product-type-simple"},"acf":[],"_links":{"self":[{"href":"https:\/\/munster-records.com\/en\/wp-json\/wp\/v2\/product\/109265","targetHints":{"allow":["GET"]}}],"collection":[{"href":"https:\/\/munster-records.com\/en\/wp-json\/wp\/v2\/product"}],"about":[{"href":"https:\/\/munster-records.com\/en\/wp-json\/wp\/v2\/types\/product"}],"wp:featuredmedia":[{"embeddable":true,"href":"https:\/\/munster-records.com\/en\/wp-json\/wp\/v2\/media\/109266"}],"wp:attachment":[{"href":"https:\/\/munster-records.com\/en\/wp-json\/wp\/v2\/media?parent=109265"}],"wp:term":[{"taxonomy":"product_brand","embeddable":true,"href":"https:\/\/munster-records.com\/en\/wp-json\/wp\/v2\/product_brand?post=109265"},{"taxonomy":"product_cat","embeddable":true,"href":"https:\/\/munster-records.com\/en\/wp-json\/wp\/v2\/product_cat?post=109265"},{"taxonomy":"product_tag","embeddable":true,"href":"https:\/\/munster-records.com\/en\/wp-json\/wp\/v2\/product_tag?post=109265"}],"curies":[{"name":"wp","href":"https:\/\/api.w.org\/{rel}","templated":true}]}}