{"id":109268,"date":"2023-03-28T09:16:18","date_gmt":"2023-03-28T09:16:18","guid":{"rendered":"https:\/\/munster-records.com\/?post_type=product&#038;p=109268"},"modified":"2025-05-30T09:14:42","modified_gmt":"2025-05-30T09:14:42","slug":"femirama","status":"publish","type":"product","link":"https:\/\/munster-records.com\/en\/producto\/femirama\/","title":{"rendered":"FEMIRAMA"},"content":{"rendered":"<p>\u201cUna perspectiva diferente de la m\u00fasica de mujeres\u201d, como reza el subt\u00edtulo, re\u00fane 11 cortes a cargo de artistas de m\u00fasica experimental sin concesiones, todas mujeres, comprendiendo desde sonidos industriales hasta m\u00fasica electroac\u00fastica.<\/p>\n<p>Fue publicado originalmente en 1986 en el emblem\u00e1tico sello espa\u00f1ol Auxilio de Cientos (hogar tambi\u00e9n de Dise\u00f1o Corbusier, la banda belga de sonido EBM\/industrial The Klinik, y los estupendos recopilatorios \u201cPas De Deux\u201d y \u201cTerra Incognita\u201d). Se reedita ahora por primera vez incluyendo grabaciones de\u00a0Wendy Chambers, Emily Faryna, Neo Zelanda, Anne Gillis, Dagi Bernhard, Sue Ann Harkey, Tara Cross, Ericka Irganon y Audio Leter. La mayor\u00eda de ellas, conocidas en las escenas de <em><i>minimal\/synth wave<\/i><\/em>\u00a0y de casetes <em><i>underground<\/i><\/em>\u00a0de los 80.<\/p>\n<p>\u201cFemirama\u201d se abre con \u201cStar Spangled Banner\u201d, el himno estadounidense, grabado por Wendy Chambers usando un extra\u00f1o \u00f3rgano construido a base de bocinas de coches, desvelando ya el enfoque poco convencional que adopta el recopilatorio. Aparecen tambi\u00e9n dos temas de Emily Faryna, una artista multidisciplinar de Vancouver muy prol\u00edfica en la escena de casetes canadiense. Se incluye igualmente un corte de Neo Zelanda, el proyecto personal de Ani Zinc, componente del d\u00fao experimental Dise\u00f1o Corbusier y co-fundadora de Auxilio de Cientos, sello espa\u00f1ol en el que este recopilatorio vio la luz originalmente.<\/p>\n<p>El disco se completa con cortes extra\u00eddos de diversas casetes editadas por las artistas en la primera mitad de los 80 y que en este compilado aparec\u00edan disponibles en vinilo por primera vez, contando adem\u00e1s con una distribuci\u00f3n algo m\u00e1s amplia que el circuito de casetes.<\/p>\n<p>\u201cFemirama\u201d, un recopilatorio pionero en reivindicar las grabaciones de mujeres en la escena de m\u00fasica experimental <em><i>underground<\/i><\/em>\u00a0de los 80, se reedita ahora por primera vez, con una r\u00e9plica de su encarte y arte originales.<\/p>\n","protected":false},"excerpt":{"rendered":"<p><strong><b>\u201cUna perspectiva diferente de la m\u00fasica de mujeres\u201d, como reza el subt\u00edtulo, re\u00fane 11 cortes a cargo de artistas de m\u00fasica experimental sin concesiones, todas mujeres, comprendiendo desde sonidos industriales hasta m\u00fasica electroac\u00fastica.<\/b><\/strong><\/p>\n<p><strong><b>\u00a0<\/b><\/strong><strong><b>Fue publicado originalmente en 1986 en el emblem\u00e1tico sello espa\u00f1ol Auxilio de Cientos (hogar tambi\u00e9n de Dise\u00f1o Corbusier, la banda belga de sonido EBM\/industrial The Klinik, y los estupendos recopilatorios \u201cPas De Deux\u201d y \u201cTerra Incognita\u201d).<\/b><\/strong><\/p>\n<p><strong><b>\u201cFemirama\u201d, un recopilatorio pionero en reivindicar las grabaciones de mujeres en la escena de m\u00fasica experimental underground de los 80, se reedita ahora por primera vez, con una r\u00e9plica de su encarte y arte originales, en vinilo de 180gr.<\/b><\/strong><\/p>\n","protected":false},"featured_media":109269,"template":"","meta":{"_acf_changed":false},"product_brand":[],"product_cat":[55],"product_tag":[],"class_list":{"0":"post-109268","1":"product","2":"type-product","3":"status-publish","4":"has-post-thumbnail","6":"product_cat-experimental","7":"product_shipping_class-lp-2","8":"pa_formato-lp","10":"first","11":"instock","12":"sale","13":"taxable","14":"shipping-taxable","15":"purchasable","16":"product-type-simple"},"acf":[],"_links":{"self":[{"href":"https:\/\/munster-records.com\/en\/wp-json\/wp\/v2\/product\/109268","targetHints":{"allow":["GET"]}}],"collection":[{"href":"https:\/\/munster-records.com\/en\/wp-json\/wp\/v2\/product"}],"about":[{"href":"https:\/\/munster-records.com\/en\/wp-json\/wp\/v2\/types\/product"}],"wp:featuredmedia":[{"embeddable":true,"href":"https:\/\/munster-records.com\/en\/wp-json\/wp\/v2\/media\/109269"}],"wp:attachment":[{"href":"https:\/\/munster-records.com\/en\/wp-json\/wp\/v2\/media?parent=109268"}],"wp:term":[{"taxonomy":"product_brand","embeddable":true,"href":"https:\/\/munster-records.com\/en\/wp-json\/wp\/v2\/product_brand?post=109268"},{"taxonomy":"product_cat","embeddable":true,"href":"https:\/\/munster-records.com\/en\/wp-json\/wp\/v2\/product_cat?post=109268"},{"taxonomy":"product_tag","embeddable":true,"href":"https:\/\/munster-records.com\/en\/wp-json\/wp\/v2\/product_tag?post=109268"}],"curies":[{"name":"wp","href":"https:\/\/api.w.org\/{rel}","templated":true}]}}