{"id":109286,"date":"2022-12-12T09:59:30","date_gmt":"2023-03-28T11:47:52","guid":{"rendered":"https:\/\/munster-records.com\/producto\/baile-usted-con\/"},"modified":"2026-02-06T23:06:27","modified_gmt":"2026-02-06T23:06:27","slug":"baile-usted-con","status":"publish","type":"product","link":"https:\/\/munster-records.com\/en\/producto\/baile-usted-con\/","title":{"rendered":"Baile Usted con&#8230;"},"content":{"rendered":"<p>First solo LP by the talented Peruvian artist Betico Salas, lead trumpet player of the great Sonora de Lucho Macedo, one of the best ensembles playing Cuban repertoires in the early \u201860s.<\/p>\n<p>Alfredo Linares on piano and sonero vocals by Benny del Solar stand out on this album. \u00a0Benny del Solar sings lead vocals on the cumbia of Argentine origin &#8216;Nos vamos a casar&#8217;; the Colombian &#8216;Lo que pasa es que la banda est\u00e1 borracha&#8217;, a continental hit since the early sixties; the guaracha &#8216;A los muchachos de Bel\u00e9n&#8217;, by Puerto Rican musician Tito Rodr\u00edguez; the guaracha &#8216;Ritmo del amor&#8217;; the elegant Cuban guaguanc\u00f3 &#8216;As\u00ed nam\u00e1&#8217;, also well known for Tito Rodr\u00edguez&#8217;s rendition; and the cumbia &#8216;Qu\u00e9 le digo a mi mujer&#8217;.<\/p>\n<p>Singer, C\u00e9sar Gonzales, who would have an extensive career in Peruvian tropical music, sang lead vocals in the guaguanc\u00f3 by the Sonora Matancera &#8216;Lindo Omelenko&#8217; and the bolero &#8216;El \u00e1rbol&#8217;, a hit for the singer Roberto Ledesma, also recorded that same year by Peruvians Carmita Jim\u00e9nez, Anamelba, Raul del Mar and Lucho Macedo himself, who decided to sing for his new record label.<\/p>\n<p>The mythical singer Johnny Arce, years later known as Mr. Macondo, also appears on the album on the two guarachas: &#8216;La renga&#8217;, a composition by Esther Forero, known as La novia de Barranquilla; and &#8216;Yo soy candela&#8217;, a composition by the Colombian Ray Rodr\u00edguez.<\/p>\n<p>Finally, &#8216;La chola&#8217; is a cumbia by Peruvian composer Tom\u00e1s Ben\u00edtez; and &#8216;Mambo Jazz&#8217; is a version of the descarga &#8216;Yayi&#8217;s instant mambo&#8217;, an innovative instrumental track performed by Puerto Rican Willie Rosario, who recorded it in the United States at the start of 1966 with his own orchestra.<\/p>\n<p>Betico Salas would later release two more albums and become a legendary trumpet player in Peruvian musical history.<\/p>\n","protected":false},"excerpt":{"rendered":"<p>First solo LP by the talented Peruvian artist Betico Salas, lead trumpet player of the great Sonora de Lucho Macedo, one of the best ensembles playing Cuban repertoires in the early \u201860s. <\/p>\n<p>This 1966 album features Alfredo Linares on piano and sonero vocals by Benny del Solar, and combines a mix of guarachas, guanguanc\u00f3 and even cumbias. Betico Salas would later release two more albums and become a legendary trumpet player in Peruvian musical history.<\/p>\n<p>First time reissue.<\/p>\n","protected":false},"featured_media":108492,"template":"","meta":{"_acf_changed":false},"product_brand":[],"product_cat":[197,193,203],"product_tag":[],"class_list":{"0":"post-109286","1":"product","2":"type-product","3":"status-publish","4":"has-post-thumbnail","6":"product_cat-cumbia-en","7":"product_cat-latin-en","8":"product_cat-peru-en","9":"product_shipping_class-lp-en-3","10":"pa_formato-lp-en","12":"first","13":"instock","14":"sale","15":"taxable","16":"shipping-taxable","17":"purchasable","18":"product-type-simple"},"acf":[],"_links":{"self":[{"href":"https:\/\/munster-records.com\/en\/wp-json\/wp\/v2\/product\/109286","targetHints":{"allow":["GET"]}}],"collection":[{"href":"https:\/\/munster-records.com\/en\/wp-json\/wp\/v2\/product"}],"about":[{"href":"https:\/\/munster-records.com\/en\/wp-json\/wp\/v2\/types\/product"}],"wp:featuredmedia":[{"embeddable":true,"href":"https:\/\/munster-records.com\/en\/wp-json\/wp\/v2\/media\/108492"}],"wp:attachment":[{"href":"https:\/\/munster-records.com\/en\/wp-json\/wp\/v2\/media?parent=109286"}],"wp:term":[{"taxonomy":"product_brand","embeddable":true,"href":"https:\/\/munster-records.com\/en\/wp-json\/wp\/v2\/product_brand?post=109286"},{"taxonomy":"product_cat","embeddable":true,"href":"https:\/\/munster-records.com\/en\/wp-json\/wp\/v2\/product_cat?post=109286"},{"taxonomy":"product_tag","embeddable":true,"href":"https:\/\/munster-records.com\/en\/wp-json\/wp\/v2\/product_tag?post=109286"}],"curies":[{"name":"wp","href":"https:\/\/api.w.org\/{rel}","templated":true}]}}