{"id":109317,"date":"2023-03-28T12:57:17","date_gmt":"2023-03-28T12:57:17","guid":{"rendered":"https:\/\/munster-records.com\/producto\/no-sub-reino-dos-metazoarios\/"},"modified":"2026-02-06T23:05:43","modified_gmt":"2026-02-06T23:05:43","slug":"no-sub-reino-dos-metazoarios","status":"publish","type":"product","link":"https:\/\/munster-records.com\/en\/producto\/no-sub-reino-dos-metazoarios\/","title":{"rendered":"NO SUB REINO DOS METAZO\u00c1RIOS"},"content":{"rendered":"<p>For years it was known that the master tape of \u2018No Sub Reino dos Metazo\u00e1rios\u2019 had been lost during two floods that wrecked the Rozenblit Studios. Lots of equipment were damaged and plenty of material gone. However what no one expected was that the tapes were kept on the highest shelves in the studio where the water did not reach with the thought of &#8220;equipment can be replaced, master tapes are unique&#8221;.<\/p>\n<p>Notaro&#8217;s daughters inherited and rescued the tape and made it available so that Fatiado Discos could release the first and remastered version from the original tapes since 1973.<\/p>\n<p><strong>\u00a0<\/strong>The lysergic highest moments come with nature elements textures as water and wind mixing together with the unmistaken sound of the Tric\u00f3rdio Ac\u00fastico &#8211; which is a very unique instrument that Lula C\u00f4rtes brought himself from India and then adapted it with the help of a local luthier to the regional sound of the Brazilian northeast.<\/p>\n<p>The gatefold designed by Lula C\u00f4rtes is portrayed in this release and it also has its inner side designed by C\u00e1tia Mezel, apart from an extra insert with unpublished photos of Marconi provided by the musician&#8217;s family.<\/p>\n","protected":false},"excerpt":{"rendered":"<p><strong>\u2018No Sub Reino dos Metazo\u00e1rios\u2019 is the first and only record by musician and poet Marconi Notaro, out of Pernambuco, Brazil. Originally released independently, however, with the support and distribution of Rozenblit, the 1973 album featuring Lula Cortes, Z\u00e9 Ramalho and Robertinho de Recife is part of the holy trilogy of &#8220;Psicodelia Nordestina&#8221; amongst the equally mindblowing Paebiru (1975) and Satwa (1973).<\/strong><\/p>\n<p><strong>\u00a0<\/strong><strong>For its non-comercial a raw aesthetics, the record became a true rarity among collectors worldwide and one of the most important albums of Brazilian Psychedelia.<\/strong><\/p>\n","protected":false},"featured_media":106907,"template":"","meta":{"_acf_changed":false},"product_brand":[],"product_cat":[63,186],"product_tag":[],"class_list":{"0":"post-109317","1":"product","2":"type-product","3":"status-publish","4":"has-post-thumbnail","6":"product_cat-brazil-en","7":"product_cat-tropicalisimo-en","8":"product_shipping_class-lp-doble-en","9":"pa_formato-lp-en","11":"first","12":"instock","13":"sale","14":"taxable","15":"shipping-taxable","16":"purchasable","17":"product-type-simple"},"acf":[],"_links":{"self":[{"href":"https:\/\/munster-records.com\/en\/wp-json\/wp\/v2\/product\/109317","targetHints":{"allow":["GET"]}}],"collection":[{"href":"https:\/\/munster-records.com\/en\/wp-json\/wp\/v2\/product"}],"about":[{"href":"https:\/\/munster-records.com\/en\/wp-json\/wp\/v2\/types\/product"}],"wp:featuredmedia":[{"embeddable":true,"href":"https:\/\/munster-records.com\/en\/wp-json\/wp\/v2\/media\/106907"}],"wp:attachment":[{"href":"https:\/\/munster-records.com\/en\/wp-json\/wp\/v2\/media?parent=109317"}],"wp:term":[{"taxonomy":"product_brand","embeddable":true,"href":"https:\/\/munster-records.com\/en\/wp-json\/wp\/v2\/product_brand?post=109317"},{"taxonomy":"product_cat","embeddable":true,"href":"https:\/\/munster-records.com\/en\/wp-json\/wp\/v2\/product_cat?post=109317"},{"taxonomy":"product_tag","embeddable":true,"href":"https:\/\/munster-records.com\/en\/wp-json\/wp\/v2\/product_tag?post=109317"}],"curies":[{"name":"wp","href":"https:\/\/api.w.org\/{rel}","templated":true}]}}