{"id":109648,"date":"2023-05-11T11:32:12","date_gmt":"2023-05-11T11:32:12","guid":{"rendered":"https:\/\/munster-records.com\/?post_type=product&#038;p=109648"},"modified":"2025-05-30T09:06:14","modified_gmt":"2025-05-30T09:06:14","slug":"ii","status":"publish","type":"product","link":"https:\/\/munster-records.com\/en\/producto\/ii\/","title":{"rendered":"II"},"content":{"rendered":"<p>Entre 1967 y 1974, Sa\u00fal y Manuel Cornejo lideraron una serie de grupos que marcaron una \u00e9poca en el sello MAG (New Juggler Sound, Laghonia y We All Together) e hicieron historia en el rock peruano. Todas estas bandas hab\u00edan sido influidas por la <em><i>invasi\u00f3n brit\u00e1nica<\/i><\/em>\u00a0y usaban los nuevos sonidos del Hammond, sintetizadores, pedales phaser y cintas al rev\u00e9s, lo que estimul\u00f3 la rivalidad con otros grupos.\u00a0Otro sello distintivo de los hermanos fue la calidad t\u00e9cnica de sus discos, gracias a la supervisi\u00f3n de Saul de todas las grabaciones de MAG entre 1972 y 1974.<\/p>\n<p>A finales de 1971, cuando Laghonia estaba trabajando en los \u00faltimos temas de \u201cEtc\u00e9tera\u201d, conocieron a Carlos, hijo del fundador de MAG Manuel Antonio Guerrero, que acababa de volver de USA, y acept\u00f3 con gusto unirse a los coros de la \u00faltima canci\u00f3n de Laghonia que se estaba grabando. Se volvieron a reunir pronto para ensayar varias canciones de Paul McCartney. Tan pronto como los escuch\u00f3 tocar, el sr. Guerrero les sugiri\u00f3 que formaran un grupo centrado en hacer versiones de \u00e9xitos extranjeros a\u00fan no conocidas en Per\u00fa. Al principio, a los hermanos Cornejo no les entusiasmaba la idea de hacer un proyecto tan diferente de Laghonia, pero acabaron aceptando al permitirles pasar m\u00e1s tiempo en el estudio. La voz mel\u00f3dica de Carlos supon\u00eda otro incentivo, sin embargo dejaron claro que el nuevo grupo, We All Together (WAT), se limitar\u00eda a ser un proyecto de estudio: \u201cla banda no est\u00e1 interesada en conciertos o presentaciones, solo queremos grabar m\u00fasica y purificarla al m\u00e1ximo\u201d, declaraba Sa\u00fal en la \u00e9poca. Su primer \u00e1lbum incluy\u00f3 cuatro versiones de Paul McCartney y Badfinger, varias composiciones de Carlos Guerrero y dos canciones de Sa\u00fal y Manuel. El resultado fue uno de los discos m\u00e1s vendidos en la historia del rock peruano.<\/p>\n<p>Para su segundo LP, decidieron continuar cantando en ingl\u00e9s pero grabando \u00fanicamente sus propias canciones. Carlos compuso cinco temas que delatan su pasi\u00f3n por McCartney: &#8216;Little Boy&#8217;, &#8216;Cloudy Night&#8217;, &#8216;Ozzy&#8217;, &#8216;I&#8217;d Like Her to Be Mine&#8217; y &#8216;It&#8217;s Us Who Say Goodbye&#8217;, llevando el <em><i>Beatlecentrismo<\/i><\/em>\u00a0a otro nivel en Sudam\u00e9rica.<\/p>\n<p>Sa\u00fal y Manuel compusieron tres canciones excepcionales, escritas especialmente para el LP: &#8216;Follow Me If You Can&#8217;, que bebe de una forma descarada de Yes, Cream y George Harrison, con dos guitarras y un inspirado Hammond; &#8216;Beautiful People&#8217;, una emocionante melod\u00eda desarrollada a partir de un riff de Manuel; y la tierna canci\u00f3n &#8216;Persons and Faces&#8217;. El piano domina el \u00e1lbum, gracias al sobresaliente trabajo del teclista; tambi\u00e9n abundan los arreglos de cuerdas. El periodista peruano Fidel Guti\u00e9rrez resalta que \u201cWe All Together hicieron de su segundo LP un espacio en el que afloraron sus principales influencias a trav\u00e9s de sus incre\u00edbles composiciones propias. A su fascinaci\u00f3n por los sonidos tard\u00edos de los Beatles, la banda a\u00f1adi\u00f3 gui\u00f1os al rock prog\u00a0y la huella crepuscular de cantautores viviendo el final del sue\u00f1o hippy.\u201d<\/p>\n","protected":false},"excerpt":{"rendered":"<p><strong><b>Primera reedici\u00f3n en vinilo del segundo \u00e1lbum (publicado originalmente en 1973) de uno de los grupos que marcaron una \u00e9poca en la historia del rock peruano: We All Together.<\/b><\/strong><\/p>\n<p><strong><b>\u00a0<\/b><\/strong><strong><b>Sus composiciones originales \u2014cantadas todas en ingl\u00e9s\u2014 delatan su pasi\u00f3n por McCartney, llevando el <\/b><\/strong><strong><em><b><i>Beatlecentrismo<\/i><\/b><\/em><\/strong><strong><b>\u00a0a otro nivel en Sudam\u00e9rica. Mientras que Los Shakers uruguayos nos podr\u00edan recordar a los primeros Fab 4, We All Together ser\u00edan como su versi\u00f3n de los 70.<\/b><\/strong><\/p>\n<p><strong><b>\u00a0<\/b><\/strong><strong><b>Composiciones alucinantes, con gui\u00f1os al rock prog y la huella crepuscular de cantautores viviendo el final del sue\u00f1o hippy, que muestran tanto diversidad como una identidad definida. Imprescindible para cualquier coleccionista de pop-rock de los 70.<\/b><\/strong><\/p>\n","protected":false},"featured_media":109651,"template":"","meta":{"_acf_changed":false},"product_brand":[],"product_cat":[53,112,113],"product_tag":[848,849],"class_list":{"0":"post-109648","1":"product","2":"type-product","3":"status-publish","4":"has-post-thumbnail","6":"product_cat-60s","7":"product_cat-pop-3","8":"product_cat-psicodelia-2","9":"product_tag-soft-rock","10":"product_tag-sunshine-pop","11":"product_shipping_class-lp-2","12":"pa_formato-lp","14":"first","15":"instock","16":"sale","17":"taxable","18":"shipping-taxable","19":"purchasable","20":"product-type-simple"},"acf":[],"_links":{"self":[{"href":"https:\/\/munster-records.com\/en\/wp-json\/wp\/v2\/product\/109648","targetHints":{"allow":["GET"]}}],"collection":[{"href":"https:\/\/munster-records.com\/en\/wp-json\/wp\/v2\/product"}],"about":[{"href":"https:\/\/munster-records.com\/en\/wp-json\/wp\/v2\/types\/product"}],"wp:featuredmedia":[{"embeddable":true,"href":"https:\/\/munster-records.com\/en\/wp-json\/wp\/v2\/media\/109651"}],"wp:attachment":[{"href":"https:\/\/munster-records.com\/en\/wp-json\/wp\/v2\/media?parent=109648"}],"wp:term":[{"taxonomy":"product_brand","embeddable":true,"href":"https:\/\/munster-records.com\/en\/wp-json\/wp\/v2\/product_brand?post=109648"},{"taxonomy":"product_cat","embeddable":true,"href":"https:\/\/munster-records.com\/en\/wp-json\/wp\/v2\/product_cat?post=109648"},{"taxonomy":"product_tag","embeddable":true,"href":"https:\/\/munster-records.com\/en\/wp-json\/wp\/v2\/product_tag?post=109648"}],"curies":[{"name":"wp","href":"https:\/\/api.w.org\/{rel}","templated":true}]}}