{"id":109684,"date":"2023-05-11T13:44:31","date_gmt":"2023-05-11T13:44:31","guid":{"rendered":"https:\/\/munster-records.com\/?post_type=product&#038;p=109684"},"modified":"2025-09-17T08:21:00","modified_gmt":"2025-09-17T08:21:00","slug":"sabroso-go-go","status":"publish","type":"product","link":"https:\/\/munster-records.com\/en\/producto\/sabroso-go-go\/","title":{"rendered":"Sabroso Go Go"},"content":{"rendered":"<p>\u201cSabroso Go Go\u201d re\u00fane catorce mezclas musicales creadas en los estudios de grabaci\u00f3n de Manuel Antonio Guerrero (MAG), donde los directores musicales combinan ritmos con alquimia en la b\u00fasqueda de la piedra filosofal del baile. Exotica, ye-y\u00e9 cumbia, twist ba\u00f1ado en cumbia, rock\u2019n roll mambo, rumba espa\u00f1ola, Boogaloo beat, garage tropical y otros inesperados g\u00e9neros bastardos son reunidos en esta recopilaci\u00f3n festiva.<\/p>\n<p>Aunque este compilado comienza en 1957, experimentos similares (algunos con m\u00e1s \u00e9xito que otros) no supon\u00edan una novedad en Per\u00fa. Las canciones de este disco son, sin embargo, h\u00edbridos mucho m\u00e1s memorables. Algunos claramente unen g\u00e9neros, otros son temas con nombres creativos, pero todos son iniciativas musicales rese\u00f1ables que atra\u00edan al p\u00fablico hacia la pista de baile y siempre lo har\u00e1n.<\/p>\n<p>A finales de los 50, el rock agit\u00f3 los cimientos de la m\u00fasica en Per\u00fa, y las orquestas se apresuraron a versionar canciones de \u00e9xito y explorar las posibilidades de su mezcla con la m\u00fasica tropical. La orquesta de Lucho Macedo tom\u00f3 el relevo y reinterpret\u00f3 una conocida guaracha de Celia Cruz (&#8216;Rock and Roll&#8217;) en clave de mambo, rebautiz\u00e1ndola &#8216;Rock and roll mambo&#8217;. &#8216;Maestro de rock and roll&#8217;, un \u00e9xito de los cubanos Conjunto Casino, recibi\u00f3 un tratamiento similar. Otra mezcla en esta l\u00ednea es la canci\u00f3n rock &#8216;El rock de los chinos&#8217; del mexicano Manolo Mu\u00f1oz (autor de &#8216;Speedy Gonz\u00e1lez&#8217;), grabada por el chileno Choche M\u00e9rida para MAG en 1961. El a\u00f1o siguiente &#8216;The Twist&#8217; de Chubby Checker revolucion\u00f3 la escena y fue inmediatamente mezclado con guaracha por el maestro Nelson Ferreyra.<\/p>\n<p>Un legendario m\u00fasico de MAG, Carlos Pickling, compuso &#8216;La charanga del espacio&#8217; en 1963. Los sonidos espaciales son producidos por Pickling y su inseparable Hammond. \u00c9l mismo es quien lidera la orquesta que acompa\u00f1a a Benny del Solar, Lita Branda y Pablo \u201cMelcochita\u201d Villanueva en la versi\u00f3n tropicalizada de la rumba espa\u00f1ola, cuando este ritmo era a\u00fan ex\u00f3tico en Sudam\u00e9rica.<\/p>\n<p>En torno a esa misma \u00e9poca, el chileno Willy Marambio ya se encontraba viviendo en Lima. En el corte incluido en este disco, el estilo go-go muestra su virtuosismo a la trompeta. Otro destacado trompetista, Roberto \u201cTito\u201d Chicoma, toc\u00f3 como m\u00fasico de estudio en MAG desde 1959. Unos a\u00f1os despu\u00e9s, se convirti\u00f3 en uno de los m\u00fasicos de cumbia m\u00e1s populares, un talento que demuestra en la canci\u00f3n de este recopilatorio, que une los beats del ye-y\u00e9 con la diversi\u00f3n del go-go.<\/p>\n<p>&#8216;Batijugando&#8217; fue un \u00e9xito en Mexico y se toc\u00f3 desde 1967 adaptado a cada ritmo del mundo hispano. Inspirado en la serie &#8220;Batman&#8221;, se grab\u00f3 en MAG por la orquesta de Betico Salas con acompa\u00f1amiento vocal a cargo de la <em><i>crooner<\/i><\/em>\u00a0paname\u00f1a Nallye Fern\u00e1ndez. &#8216;Computador electr\u00f3nico&#8217; es otra sorpresa de este disco, interpretada por la cantante Patty Pastel, es la \u00fanica versi\u00f3n en espa\u00f1ol conocida de &#8216;Der Computer Nr. 3&#8217;, cantada originalmente en alem\u00e1n por France Gall. Otras dos canciones cuentan con Edgar Zamudio. La versatilidad de Zamudio y Los Vikingos (originalmente un grupo chileno) queda demostrada en la canci\u00f3n guitarrera compuesta espec\u00edficamente siguiendo la moda de los patines de finales de los 60 (&#8216;Go Go en Patines&#8217;) y tambi\u00e9n en su canci\u00f3n protesta\u00a0idiosincr\u00e1tica (&#8216;D\u00eda de pago&#8217;) tocada al estilo beat.<\/p>\n<p>A mediados de los 70, Los Kintos, liderados por el guitarrista Francisco Acosta, desarrollaron diferentes ideas arm\u00f3nicas en un tema instrumental que transita entre el Boogaloo y la salsa, el ritmo de moda en ese momento.<\/p>\n<p>Por \u00faltimo, en 1976, cuando la locura del baile de chocar las caderas arras\u00f3 el continente, Manuel Guerrero se subi\u00f3 r\u00e1pidamente al carro componiendo una canci\u00f3n de Bump junto a su hijo Carlos. El m\u00fasico italiano residente en Lima, Luciano Luciani, grab\u00f3 la canci\u00f3n &#8216;A bailar bump&#8217; respaldado por Los Mulatos, su banda de m\u00fasicos locales.<\/p>\n","protected":false},"excerpt":{"rendered":"<p>Side A<br \/>\n1 CARLOS PICKLING &#8211; La Charanga del Espacio<br \/>\n2 TITO CHICOMA &#8211; Cumbia a Go-Go<br \/>\n3 CHOCHE MERIDA &#8211; El Rock de los Chinos<br \/>\n4 BENNY DEL SOLAR, MELCOCHITA, LITA BRANDA &#8211; Rumba Espa\u00f1ola<br \/>\n5 LUCHO MACEDO &#8211; Rock and Roll Mambo<br \/>\n6 NALLYE FERNANDEZ &#8211; Batiugando<br \/>\n7 NELSON FERREYRA \u2013 Twist en Guaracha<\/p>\n<p>Side B<br \/>\n1 LOS KINTOS &#8211; Kintos Boogaloo<br \/>\n2 PATTY PASTEL &#8211; Computador Electr\u00f3nico<br \/>\n3 LUCIANO LUCIANI &#8211; A Bailar Bump<br \/>\n4 WILLY MARAMBIO &#8211; Trompeta a Go-Go<br \/>\n5 LOS VIKINGOS &#8211; Go-Go en patines<br \/>\n6 EDGAR ZAMUDIO &#8211; D\u00eda de Pago<br \/>\n7 LUCHO MACEDO &#8211; El Maestro del Rock and Roll<\/p>\n<p><strong><b>Exotica, ye-y\u00e9 cumbia, twist ba\u00f1ado en cumbia, rock\u2019n roll mambo, rumba espa\u00f1ola, Boogaloo beat, garage tropical y otros inesperados g\u00e9neros bastardos son reunidos en esta recopilaci\u00f3n festiva de \u00e9xitos bizarros pertenecientes al glorioso cat\u00e1logo de discos publicados en los 60 y 70 en el sello peruano Discos MAG.<\/b><\/strong><\/p>\n<p><strong><b>Algunos claramente unen g\u00e9neros, otros son temas con nombres creativos, pero todos ellos son iniciativas musicales rese\u00f1ables que atra\u00edan al p\u00fablico hacia la pista de baile y siempre lo har\u00e1n.<\/b><\/strong><\/p>\n","protected":false},"featured_media":109686,"template":"","meta":{"_acf_changed":false},"product_brand":[],"product_cat":[53,107,106,80,111],"product_tag":[],"class_list":{"0":"post-109684","1":"product","2":"type-product","3":"status-publish","4":"has-post-thumbnail","6":"product_cat-60s","7":"product_cat-beat","8":"product_cat-garage-2","9":"product_cat-peru","10":"product_cat-surf","11":"product_shipping_class-lp-2","12":"pa_formato-lp","14":"first","15":"instock","16":"sale","17":"taxable","18":"shipping-taxable","19":"purchasable","20":"product-type-simple"},"acf":[],"_links":{"self":[{"href":"https:\/\/munster-records.com\/en\/wp-json\/wp\/v2\/product\/109684","targetHints":{"allow":["GET"]}}],"collection":[{"href":"https:\/\/munster-records.com\/en\/wp-json\/wp\/v2\/product"}],"about":[{"href":"https:\/\/munster-records.com\/en\/wp-json\/wp\/v2\/types\/product"}],"wp:featuredmedia":[{"embeddable":true,"href":"https:\/\/munster-records.com\/en\/wp-json\/wp\/v2\/media\/109686"}],"wp:attachment":[{"href":"https:\/\/munster-records.com\/en\/wp-json\/wp\/v2\/media?parent=109684"}],"wp:term":[{"taxonomy":"product_brand","embeddable":true,"href":"https:\/\/munster-records.com\/en\/wp-json\/wp\/v2\/product_brand?post=109684"},{"taxonomy":"product_cat","embeddable":true,"href":"https:\/\/munster-records.com\/en\/wp-json\/wp\/v2\/product_cat?post=109684"},{"taxonomy":"product_tag","embeddable":true,"href":"https:\/\/munster-records.com\/en\/wp-json\/wp\/v2\/product_tag?post=109684"}],"curies":[{"name":"wp","href":"https:\/\/api.w.org\/{rel}","templated":true}]}}