{"id":109732,"date":"2023-05-12T08:24:24","date_gmt":"2023-05-12T08:24:24","guid":{"rendered":"https:\/\/munster-records.com\/?post_type=product&#038;p=109732"},"modified":"2025-02-04T08:48:47","modified_gmt":"2025-02-04T08:48:47","slug":"carruseles","status":"publish","type":"product","link":"https:\/\/munster-records.com\/en\/producto\/carruseles\/","title":{"rendered":"Carruseles"},"content":{"rendered":"<p>Afrosound surgi\u00f3 del deseo del vicepresidente de Discos Fuentes, Jos\u00e9 Mar\u00eda Fuentes, de contar con una versi\u00f3n local de los sonidos emergentes de rock afro-latino que llegaban desde fuera del pa\u00eds, inspirados en artistas como Osibisa o Santana. La misi\u00f3n era emular los sonidos tropicales y guitarreros que en ese momento surg\u00edan en Per\u00fa y Ecuador. El tema de 1972 \u2018La danza de los mirlos\u2019 (de los peruanos Los Mirlos) fue un gran \u00e9xito en Colombia y con \u00e9l surgi\u00f3 una nueva manera de interpretar el mayor patrimonio musical exportable, la cumbia, desde una perspectiva peruana. Los ejecutivos de Fuentes juntaron el a\u00f1o siguiente a un grupo de m\u00fasicos expertos a quienes encargaron crear este tipo de m\u00fasica para el mercado local ya que confiaban en lograr un \u00e9xito similar.<\/p>\n<p>Publicado en 1974, \u201cCarruseles\u201d de Afrosound es el tercer \u00e1lbum del grupo y uno de sus discos m\u00e1s buscados, con raz\u00f3n. La grabaci\u00f3n continua con la misma f\u00f3rmula de mezclar guitarras sicod\u00e9licas, teclados ex\u00f3ticos, bajos profundos y ritmos duros afrocaribe\u00f1os, pero en este caso la banda lo lleva a\u00fan m\u00e1s lejos, haciendo de este disco posiblemente su m\u00e1s experimental y divertido.<\/p>\n<p>Fruko est\u00e1 de nuevo al mando en el estudio, controlando y a la vez permitiendo que los m\u00fasicos exploren sus fantas\u00edas m\u00e1s disparatadas. Su hombre de confianza, Mario \u201cPachanga\u201d Rinc\u00f3n, vuelve de nuevo a la mesa de mezclas, sacando todo tipo de trucos sonoros con efectos reverb y eco, edits y paneos, sonando todos como si se lo estuvieran pasando muy bien, y sin olvidar a Wilson Saoko con su habituales vocales juguetonas y extravagantes flotando por encima de todo.<\/p>\n<p>S\u00famale el uso puntual de cajas de ritmo, moog y mellotr\u00f3n y tienes la f\u00f3rmula para un h\u00edbrido realmente \u00fanico sin precedentes en Colombia. Lo que hace de este experimento afrosonoro algo cautivador son las contradicciones inherentes y los contrastes dentro de la propia receta, mezclando como hace estilos latinos convencionales como la cumbia, descarga, preg\u00f3n o salsa con rock, funk y m\u00fasica africana, as\u00ed como improvisaciones de estudio inclasificables.<\/p>\n<p>El milagro no es que Fuentes confiara en sus propios m\u00fasicos y su ingeniero para hacer un \u00fanico disco, sino que les permitiera seguir publicando lanzamientos a lo largo de esa d\u00e9cada y hasta la siguiente, generando un tesoro musical, siendo \u201cCarruseles\u201d la joya de la corona.<\/p>\n<p>Sin embargo el LP original ha sido caro y dif\u00edcil de conseguir en a\u00f1os recientes debido a su estatus de <em><i>grial<\/i><\/em>, por suerte ahora se ha remasterizado a partir de las cintas originales, con su arte original intacto, haci\u00e9ndolo disponible de nuevo para ser redescubierto por los aficionados a la m\u00fasica colombiana de hoy.<\/p>\n","protected":false},"excerpt":{"rendered":"<p><strong><b>El tercer \u00e1lbum de Afrosound es una buscada pieza de coleccionista por su fren\u00e9tica afro-sicodelia funky y la reputaci\u00f3n de ser uno de los discos m\u00e1s extra\u00f1os de Discos Fuentes en los 70. Con sus sintetizadores vintage, guitarras con fuzz y wah wah y el potente bajo de Fruko, \u201cCarruseles\u201d es una monta\u00f1a rusa de cumbia y salsa que ahora se reedita por primera vez respetando su arte original para ser redescubierta por los aficionados de hoy a la m\u00fasica colombiana. Edici\u00f3n en vinilo de 180 gr<\/b><\/strong><\/p>\n","protected":false},"featured_media":109733,"template":"","meta":{"_acf_changed":false},"product_brand":[],"product_cat":[79,59],"product_tag":[853,852,854],"class_list":{"0":"post-109732","1":"product","2":"type-product","3":"status-publish","4":"has-post-thumbnail","6":"product_cat-colombia","7":"product_cat-latin","8":"product_tag-afrosound","9":"product_tag-fruko","10":"product_tag-salsa","11":"product_shipping_class-lp-2","12":"pa_formato-lp","14":"first","15":"outofstock","16":"taxable","17":"shipping-taxable","18":"purchasable","19":"product-type-simple"},"acf":[],"_links":{"self":[{"href":"https:\/\/munster-records.com\/en\/wp-json\/wp\/v2\/product\/109732","targetHints":{"allow":["GET"]}}],"collection":[{"href":"https:\/\/munster-records.com\/en\/wp-json\/wp\/v2\/product"}],"about":[{"href":"https:\/\/munster-records.com\/en\/wp-json\/wp\/v2\/types\/product"}],"wp:featuredmedia":[{"embeddable":true,"href":"https:\/\/munster-records.com\/en\/wp-json\/wp\/v2\/media\/109733"}],"wp:attachment":[{"href":"https:\/\/munster-records.com\/en\/wp-json\/wp\/v2\/media?parent=109732"}],"wp:term":[{"taxonomy":"product_brand","embeddable":true,"href":"https:\/\/munster-records.com\/en\/wp-json\/wp\/v2\/product_brand?post=109732"},{"taxonomy":"product_cat","embeddable":true,"href":"https:\/\/munster-records.com\/en\/wp-json\/wp\/v2\/product_cat?post=109732"},{"taxonomy":"product_tag","embeddable":true,"href":"https:\/\/munster-records.com\/en\/wp-json\/wp\/v2\/product_tag?post=109732"}],"curies":[{"name":"wp","href":"https:\/\/api.w.org\/{rel}","templated":true}]}}