{"id":109769,"date":"2023-05-12T11:21:27","date_gmt":"2023-05-12T11:21:27","guid":{"rendered":"https:\/\/munster-records.com\/?post_type=product&#038;p=109769"},"modified":"2025-11-25T14:18:30","modified_gmt":"2025-11-25T14:18:30","slug":"alegria-ponte-bajo-el-sol","status":"publish","type":"product","link":"https:\/\/munster-records.com\/en\/producto\/alegria-ponte-bajo-el-sol\/","title":{"rendered":"Alegr\u200b\u00ed\u200ba \/ Ponte bajo el sol"},"content":{"rendered":"<p>Colombian sisters Elia and Elizabeth Fleta recorded a handful of songs between 1972 and 1973, acompannied by Jimmy Salcedo and his group La Onda Tres, mixing soft-pop with a touch of tropical-pastoral funk, singer-songwriter sweetened by the subtle perfume of Caribbean music and psychedelia. These elements blended graciously, brimming with freshness, in a perfect partnership of sharp melodies with lyrics inspired by a genuine juvenile curiosity about life&#8217;s mysteries, love and nature in their simplest forms.<\/p>\n<p>The songs of Elia y Elizabeth remain among us as part of the most wonderful pop legacy of all time.<\/p>\n<p>\u2018Alegr\u00eda\u2019 and \u2018Ponte Bajo el Sol\u2019 are two of the most celebrated songs by the Colombian sisters. We are now happy to present them together on a 45 for the first time. A Tropical funk pop gem!<\/p>\n","protected":false},"excerpt":{"rendered":"<p><strong><b>Las hermanas colombianas Elia y Elizabeth Fleta grabaron un pu\u00f1ado de canciones entre 1972 y 1973, acompa\u00f1adas por Jimmy Salcedo y su grupo La Onda Tres, mezclando soft-pop con un toque de funk tropical-pastoral, canci\u00f3n de autor endulzada con el sutil perfume musical del Caribe y la psicodelia.<\/b><\/strong><strong><b><br \/>\n<\/b><\/strong><strong><b><br \/>\n<\/b><\/strong><strong><b>Ahora nos complace presentar \u2018Alegr\u00eda\u2019 y \u2018Ponte Bajo el Sol\u2019 juntas en un mismo single por primera vez. <\/b><\/strong><\/p>\n<p><strong><b>\u00a1Una joya de funk pop tropical!<\/b><\/strong><\/p>\n","protected":false},"featured_media":109771,"template":"","meta":{"_acf_changed":false},"product_brand":[],"product_cat":[195,193,204],"product_tag":[859,858,857,856],"class_list":{"0":"post-109769","1":"product","2":"type-product","3":"status-publish","4":"has-post-thumbnail","6":"product_cat-colombia-en","7":"product_cat-latin-en","8":"product_cat-pop-en-2","9":"product_tag-colombia","10":"product_tag-funk","11":"product_tag-pop","12":"product_tag-tropical","13":"product_shipping_class-cd-en","14":"pa_formato-7-en-2","16":"first","17":"instock","18":"taxable","19":"shipping-taxable","20":"purchasable","21":"product-type-simple"},"acf":[],"_links":{"self":[{"href":"https:\/\/munster-records.com\/en\/wp-json\/wp\/v2\/product\/109769","targetHints":{"allow":["GET"]}}],"collection":[{"href":"https:\/\/munster-records.com\/en\/wp-json\/wp\/v2\/product"}],"about":[{"href":"https:\/\/munster-records.com\/en\/wp-json\/wp\/v2\/types\/product"}],"wp:featuredmedia":[{"embeddable":true,"href":"https:\/\/munster-records.com\/en\/wp-json\/wp\/v2\/media\/109771"}],"wp:attachment":[{"href":"https:\/\/munster-records.com\/en\/wp-json\/wp\/v2\/media?parent=109769"}],"wp:term":[{"taxonomy":"product_brand","embeddable":true,"href":"https:\/\/munster-records.com\/en\/wp-json\/wp\/v2\/product_brand?post=109769"},{"taxonomy":"product_cat","embeddable":true,"href":"https:\/\/munster-records.com\/en\/wp-json\/wp\/v2\/product_cat?post=109769"},{"taxonomy":"product_tag","embeddable":true,"href":"https:\/\/munster-records.com\/en\/wp-json\/wp\/v2\/product_tag?post=109769"}],"curies":[{"name":"wp","href":"https:\/\/api.w.org\/{rel}","templated":true}]}}