{"id":109835,"date":"2023-06-06T11:26:59","date_gmt":"2023-06-06T11:26:59","guid":{"rendered":"https:\/\/munster-records.com\/?post_type=product&#038;p=109835"},"modified":"2025-12-16T09:15:32","modified_gmt":"2025-12-16T09:15:32","slug":"me-gusta-ser-una-zorra-inkisicion","status":"publish","type":"product","link":"https:\/\/munster-records.com\/en\/producto\/me-gusta-ser-una-zorra-inkisicion\/","title":{"rendered":"Me gusta ser una zorra \/ Inkisici\u00f3n"},"content":{"rendered":"<p>En la ma\u00f1ana del s\u00e1bado 16 de abril de 1983, el programa de Televisi\u00f3n Espa\u00f1ola \u201cCaja de Ritmos\u201d emit\u00eda el v\u00eddeo \u2018Me gusta ser una zorra\u2019, una personal adaptaci\u00f3n del cl\u00e1sico de The Stooges \u2018I Wanna Be Your Dog\u2019, por la banda vasca de punk Vulpes. El revuelo medi\u00e1tico, y hasta judicial, que gener\u00f3 su aparici\u00f3n televisiva tuvo consecuencias sin precedentes en toda la historia de la TVE, incluyendo la dimisi\u00f3n del director del programa.<\/p>\n<p>Aprovechando la notoriedad alcanzada por la banda, el sello Dos Rombos materializar\u00eda la publicaci\u00f3n del single, modificando previamente el nombre del grupo a\u00f1adiendo una \u2018S\u2019 final que no hac\u00eda sino aumentar la pol\u00e9mica: Vulpess.<\/p>\n<p>Vigiladas de cerca por la polic\u00eda y acosadas por la violencia de la derecha m\u00e1s extrema, los conciertos de presentaci\u00f3n del single acababan con frecuencia en incidentes. Por su parte, las ventas del disco, aunque supuestamente superaron las 10.000 unidades, contaron con una distribuci\u00f3n muy deficiente.<\/p>\n<p>La historia de esta banda pionera, liderada por chicas (Loles V\u00e1zquez a la guitarra, Est\u00edbaliz Markiegui a la voz, Ruth \u2014excomponente de N-634\u2014 al bajo y Bernardo V\u00e1zquez \u2014procedente de M.C.D.\u2014 a la bater\u00eda; as\u00ed como Lupe V\u00e1zquez y Mamen Rodrigo), llegar\u00eda pronto a su fin, elevando a las Vulpess a la categor\u00eda de mito, convirti\u00e9ndose su disco en un deseado objeto de coleccionismo, fetiche de los primeros a\u00f1os del punk cantado en espa\u00f1ol e icono de un per\u00edodo hist\u00f3rico en el que Espa\u00f1a transitaba hacia la plena democracia lastrada a\u00fan por los \u00faltimos vestigios de la todav\u00eda reciente dictadura.<\/p>\n<p>Con la \u00faltima reedici\u00f3n de este single agotada desde hace m\u00e1s de 15 a\u00f1os, ha llegado el momento de recuperar de nuevo este cl\u00e1sico, con su arte original e incluyendo un p\u00f3ster de la banda.<\/p>\n","protected":false},"excerpt":{"rendered":"<p><strong><b>Esta versi\u00f3n tan particular del \u2018I Wanna Be Your Dog\u2019 de los Stooges, grabada en 1983, es uno de los discos m\u00e1s ic\u00f3nicos y buscados de los primeros a\u00f1os del punk espa\u00f1ol.<\/b><\/strong><strong><b><br \/>\n<\/b><\/strong><strong><b><br \/>\n<\/b><\/strong><strong><b>Esta banda de existencia ef\u00edmera, liderada por chicas, hizo una aparici\u00f3n hist\u00f3rica en Televisi\u00f3n Espa\u00f1ola que gener\u00f3 un revuelo medi\u00e1tico, y hasta legal, sin precedentes.<\/b><\/strong><\/p>\n<p><strong><b>Con la \u00faltima reedici\u00f3n de este single agotada desde hace m\u00e1s de 15 a\u00f1os, ha llegado el momento de recuperar de nuevo este cl\u00e1sico, con su arte original e incluyendo un p\u00f3ster de la banda.<\/b><\/strong><\/p>\n","protected":false},"featured_media":109836,"template":"","meta":{"_acf_changed":false},"product_brand":[],"product_cat":[66,220],"product_tag":[],"class_list":{"0":"post-109835","1":"product","2":"type-product","3":"status-publish","4":"has-post-thumbnail","6":"product_cat-spanish","7":"product_cat-punk-en-2","8":"product_shipping_class-cd-en","9":"pa_formato-7-en-2","11":"first","12":"instock","13":"taxable","14":"shipping-taxable","15":"purchasable","16":"product-type-simple"},"acf":[],"_links":{"self":[{"href":"https:\/\/munster-records.com\/en\/wp-json\/wp\/v2\/product\/109835","targetHints":{"allow":["GET"]}}],"collection":[{"href":"https:\/\/munster-records.com\/en\/wp-json\/wp\/v2\/product"}],"about":[{"href":"https:\/\/munster-records.com\/en\/wp-json\/wp\/v2\/types\/product"}],"wp:featuredmedia":[{"embeddable":true,"href":"https:\/\/munster-records.com\/en\/wp-json\/wp\/v2\/media\/109836"}],"wp:attachment":[{"href":"https:\/\/munster-records.com\/en\/wp-json\/wp\/v2\/media?parent=109835"}],"wp:term":[{"taxonomy":"product_brand","embeddable":true,"href":"https:\/\/munster-records.com\/en\/wp-json\/wp\/v2\/product_brand?post=109835"},{"taxonomy":"product_cat","embeddable":true,"href":"https:\/\/munster-records.com\/en\/wp-json\/wp\/v2\/product_cat?post=109835"},{"taxonomy":"product_tag","embeddable":true,"href":"https:\/\/munster-records.com\/en\/wp-json\/wp\/v2\/product_tag?post=109835"}],"curies":[{"name":"wp","href":"https:\/\/api.w.org\/{rel}","templated":true}]}}