{"id":109838,"date":"2023-06-06T11:39:06","date_gmt":"2023-06-06T11:39:06","guid":{"rendered":"https:\/\/munster-records.com\/?post_type=product&#038;p=109838"},"modified":"2023-06-07T08:58:51","modified_gmt":"2023-06-07T08:58:51","slug":"baila-sha-la-la-means-i-love-you","status":"publish","type":"product","link":"https:\/\/munster-records.com\/en\/producto\/baila-sha-la-la-means-i-love-you\/","title":{"rendered":"Baila \/ Sha La La (Means I Love You)"},"content":{"rendered":"<p>Black Sugar es una banda peruana, considerada pionera en Am\u00e9rica Latina en mezclar las influencias del funk con el rock y los ritmos latinos.<\/p>\n<p>En 1976, tras un concierto en el Coliseo Amauta de Lima, abriendo para el legendario grupo espa\u00f1ol Barrab\u00e1s, comenzaron a mostrar un inter\u00e9s creciente en la m\u00fasica disco, provocando algunos cambios en su formaci\u00f3n, con la salida de miembros que no estaban interesados en ese nuevo sonido y la entrada de otros componentes nuevos.<\/p>\n<p>Se dice que los directivos de Sono Radio, sello en el que ya se hab\u00edan publicado un pu\u00f1ado de referencias de Tamla Motown para el mercado peruano, pensaron que el prestigio y la credibilidad de Black Sugar en esta nueva etapa se ver\u00edan beneficiados si su nuevo single aparec\u00eda con las galletas de la famosa discogr\u00e1fica de Detroit. Y as\u00ed fue. Con ciertas luces y sombras, \u2018Baila\u2019 se lanz\u00f3 en Per\u00fa en 1978, luciendo la misma apariencia que los discos de artistas como\u00a0Marvin Gaye, Diana Ross, Commodores o Thelma Houston. Una h\u00e1bil estrategia de marketing que, sin embargo, no logr\u00f3 impulsar las ventas del single\u2026<\/p>\n<p>Han tenido que transcurrir m\u00e1s de cuatro d\u00e9cadas para que el inter\u00e9s por esta grabaci\u00f3n de Black Sugar vuelva a cobrar fuerza y \u2018Baila\u2019 suene en eventos internacionales de la escena de soul y disco, convirti\u00e9ndose en una buscada pieza de coleccionismo y, por encima de todo, en la canci\u00f3n rompepistas que siempre debi\u00f3 ser. Desde la intro inicial, con un magistral arreglo de piano, hasta los soberbios vientos \u2014totalmente alineados con las producciones de sonido disco que llegaban desde Estados Unidos\u2014 o su estribillo extremadamente pegadizo, \u2018Baila\u2019 tiene todos los ingredientes necesarios para convertirse en una adictiva invitaci\u00f3n a la pista de baile.<\/p>\n<p>El single se completa con la versi\u00f3n del \u00e9xito de Barry White \u2018Sha La La (Means I Love You)\u2019, cara B original de este disco y prueba evidente de cu\u00e1les eran las referencia de Black Sugar en aquellos a\u00f1os.<\/p>\n<p>Primera reedici\u00f3n.<\/p>\n","protected":false},"excerpt":{"rendered":"<p><strong><b>Single incre\u00edble de latin disco \u2014grabado en Per\u00fa a finales de los 70 por los pioneros del funk Black Sugar, pero comparable con las mejores grabaciones de Nueva York y Los \u00c1ngeles de aquellos a\u00f1os.<\/b><\/strong><\/p>\n<p><strong><b>Han tenido que transcurrir m\u00e1s de cuatro d\u00e9cadas para que el inter\u00e9s por esta grabaci\u00f3n de Black Sugar vuelva a cobrar fuerza y \u2018Baila\u2019 suene en eventos internacionales de la escena de soul y disco, convirti\u00e9ndose en una buscada pieza de coleccionismo y, por encima de todo, en la canci\u00f3n rompepistas que siempre debi\u00f3 ser.<\/b><\/strong><strong><b><br \/>\n<\/b><\/strong><strong><b><br \/>\n<\/b><\/strong><strong><b>Primera reedici\u00f3n<\/b><\/strong><\/p>\n","protected":false},"featured_media":109839,"template":"","meta":{"_acf_changed":false},"product_brand":[],"product_cat":[131],"product_tag":[],"class_list":{"0":"post-109838","1":"product","2":"type-product","3":"status-publish","4":"has-post-thumbnail","6":"product_cat-disco-boogie","7":"product_shipping_class-cd","8":"pa_formato-473","10":"first","11":"instock","12":"taxable","13":"shipping-taxable","14":"purchasable","15":"product-type-simple"},"acf":[],"_links":{"self":[{"href":"https:\/\/munster-records.com\/en\/wp-json\/wp\/v2\/product\/109838","targetHints":{"allow":["GET"]}}],"collection":[{"href":"https:\/\/munster-records.com\/en\/wp-json\/wp\/v2\/product"}],"about":[{"href":"https:\/\/munster-records.com\/en\/wp-json\/wp\/v2\/types\/product"}],"wp:featuredmedia":[{"embeddable":true,"href":"https:\/\/munster-records.com\/en\/wp-json\/wp\/v2\/media\/109839"}],"wp:attachment":[{"href":"https:\/\/munster-records.com\/en\/wp-json\/wp\/v2\/media?parent=109838"}],"wp:term":[{"taxonomy":"product_brand","embeddable":true,"href":"https:\/\/munster-records.com\/en\/wp-json\/wp\/v2\/product_brand?post=109838"},{"taxonomy":"product_cat","embeddable":true,"href":"https:\/\/munster-records.com\/en\/wp-json\/wp\/v2\/product_cat?post=109838"},{"taxonomy":"product_tag","embeddable":true,"href":"https:\/\/munster-records.com\/en\/wp-json\/wp\/v2\/product_tag?post=109838"}],"curies":[{"name":"wp","href":"https:\/\/api.w.org\/{rel}","templated":true}]}}