{"id":109841,"date":"2023-06-06T11:51:23","date_gmt":"2023-06-06T11:51:23","guid":{"rendered":"https:\/\/munster-records.com\/?post_type=product&#038;p=109841"},"modified":"2025-05-30T09:19:26","modified_gmt":"2025-05-30T09:19:26","slug":"s-t-9","status":"publish","type":"product","link":"https:\/\/munster-records.com\/en\/producto\/s-t-9\/","title":{"rendered":"S\/T"},"content":{"rendered":"<p>En el momento en el que Discos Fuentes publicaba el \u00e1lbum \u201cWganda Kenya Kammpala Grupo\u201d en 1977, la discograf\u00eda de Wganda Kenya estaba ampli\u00e1ndose con muchos singles y apariciones en recopilatorios. El disco debut del grupo en 1975 \u201c\u00c1frica 5.000\u201d fue un larga duraci\u00f3n en los Estados Unidos mientras que sali\u00f3 en formato recopilatorio en Colombia, al que sigui\u00f3 el disco hom\u00f3nimo al a\u00f1o siguiente. Sin embargo, Kammpala Grupo, con quienes comparten el t\u00edtulo del disco y firman en \u00e9l tres canciones, nunca antes hab\u00edan aparecido en ning\u00fan lado, y eran b\u00e1sicamente el mismo grupo de estudio que Wganda Kenya. Con toda probabilidad, la creaci\u00f3n de este proyecto de corta duraci\u00f3n no fue m\u00e1s que un truco del sello para hacer ver que contaba con m\u00e1s bandas que tocaban ese tipo de canciones ex\u00f3ticas de corte africano tan del gusto de los DJs picoteros de la costa caribe\u00f1a de Colombia (especialmente Barranquilla y Cartagena).<\/p>\n<p>En 1974 la direcci\u00f3n de Discos Fuentes hab\u00eda enviado al m\u00fasico, productor y director de banda Julio Ernesto \u201cFruko\u201d Estrada a la costa en una misi\u00f3n de A&amp;R para descubrir qu\u00e9 se bailaba en las verbenas organizadas por los propietarios de los pic\u00f3s (discotecas m\u00f3viles decoradas de una forma particular). A Fruko se le encarg\u00f3 volver a Medell\u00edn con ejemplos de canciones populares en esos estilos esot\u00e9ricos de discos africanos y antillanos dif\u00edciles de encontrar para que sirvieran de inspiraci\u00f3n (o ser directamente copiados) de tal forma que el sello pudiera entrar en el creciente mercado regional y expandir su popularidad en el interior de Colombia y otros territorios de Am\u00e9rica latina a trav\u00e9s de su creaci\u00f3n de estudio, Wganda Kenya. Fuentes volv\u00eda a explotar la riqueza de la cultura afro coste\u00f1a como hab\u00eda hecho antes con la cumbia y otros g\u00e9neros regionales, as\u00ed que no result\u00f3 sorprendente que estuvieran alineados con este fen\u00f3meno nicho de un sector popular y marginado de la poblaci\u00f3n. Los estilos m\u00e1s populares entre los bailarines de champeta en los 70 y 80 eran la rumba congole\u00f1a, highlife, afrobeat, juju, mbaqanga y soukous as\u00ed como la m\u00fasica de Hait\u00ed, Guadalupe, Martinica, Cura\u00e7ao\u2026 que era celosamente guardada por los DJs que hab\u00edan logrado conseguirla, a menudo en condiciones extremas.<\/p>\n<p>El disco arranca con el alegre \u2018El gallo africano\u2019 que incluye la exquisita interacci\u00f3n entre el estilo highlife del guitarrista Sep\u00falveda y el saxo de sonido aut\u00e9nticamente africano, tocado probablemente por Carlos Pi\u00f1a. En realidad se trata de \u2018Go Call Police Chief\u2019 del prol\u00edfico guitarrista nigeriano de highlife Chief Oliver Sunday Akanite, aka Oliver De Coque. Le sigue \u2018La yuca ray\u00e1\u2019 de Kammpala Grupo, escrita por Isaac Villanueva en un estilo que acu\u00f1\u00f3 como son haitiano que suena muy parecido a la m\u00fasica Shona mbira de Zimbawe. Por el contrario, \u2018Caimito\u2019 (un tipo de fruta tropical) de Wganda Kenya es realmente una versi\u00f3n de un merengue haitiano relativamente conocido.<\/p>\n<p>Kammpala Grupo por su parte nos trasladan al ambiente multicultural de las discotecas de Paris, a trav\u00e9s de una versi\u00f3n del himno afro-boogie de Black Soul \u2018Black Soul Music\u2019, rebautizado como \u2018King Kong\u2019, probablemente como gui\u00f1o al remake de 1976 de la pel\u00edcula del mismo t\u00edtulo.<\/p>\n<p>En el lado B, se nos introduce en el ritmo contagioso del merengue rebita de Angola via \u2018La riphyta\u2019 con las vocales de \u201cPapar\u00ed\u201d, aka Mariano Sep\u00falveda, y tambi\u00e9n replicando fielmente el estilo angole\u00f1o de guitarra. \u2018La Trompeta Loca\u2019, posiblemente el corte m\u00e1s loco de todo el \u00e1lbum, es una ingeniosa versi\u00f3n de \u2018Ye Gbawa Oo Baba (Tributo a Nigeria)\u2019 de Joe Mensah of Ghana. Como ocurre con todas sus versiones de canciones africanas, esta refuerza el original con un poco de brillo pop, una percusi\u00f3n m\u00e1s s\u00f3lida y una producci\u00f3n m\u00e1s pulida, transform\u00e1ndola en un potente llenapistas. Le sigue una de las mejores canciones originales de Wganda Kenya, el himno reggae \u2018El nativo\u2019 de Mike Char con Joe Arroyo como cantante.<\/p>\n<p>El disco finaliza con un toque aut\u00e9nticamente caribe\u00f1o con el instrumental \u2018El testamento\u2019, un alegre tema isle\u00f1o con metales brillantes, ritmos de calipso sincopados y sonido de cuatro. El original era un mento titulado \u2018Sweet meat\u2019, escrito y grabado por el trompetista jamaicano Bobby Ellis.<\/p>\n<p>Con todos estos sonidos afro, salvajes y funky, en sus surcos, \u201cWganda Kenya Kammpala Grupo\u201d se adelant\u00f3 a su tiempo y se ha convertido en una buscada pieza de coleccionismo en a\u00f1os recientes, especialmente debido al creciente inter\u00e9s en el fen\u00f3meno de los pic\u00f3s (sound systems).<\/p>\n","protected":false},"excerpt":{"rendered":"<p><strong><b>Una colecci\u00f3n salvaje y funky de temas de inspiraci\u00f3n afro que se adelant\u00f3 a su tiempo en 1977, que se ha convertido en una buscada pieza de coleccionismo debido al creciente inter\u00e9s en la cultura de pic\u00f3s colombianos. Fruko y sus bandas de estudio Wganda Kenya y Kammpala Grupo nos regalan un variado set de estilos africanos y caribe\u00f1os, mezclado con sintetizadores locos, guitarras psicod\u00e9licas y ritmos panafricanos contagiosos.<\/b><\/strong><\/p>\n<p><strong><b>Primera reedici\u00f3n. Vinilo de 180 gr<\/b><\/strong><\/p>\n","protected":false},"featured_media":109842,"template":"","meta":{"_acf_changed":false},"product_brand":[],"product_cat":[79,59],"product_tag":[],"class_list":{"0":"post-109841","1":"product","2":"type-product","3":"status-publish","4":"has-post-thumbnail","6":"product_cat-colombia","7":"product_cat-latin","8":"product_shipping_class-lp-2","9":"pa_formato-lp","11":"first","12":"instock","13":"sale","14":"taxable","15":"shipping-taxable","16":"purchasable","17":"product-type-simple"},"acf":[],"_links":{"self":[{"href":"https:\/\/munster-records.com\/en\/wp-json\/wp\/v2\/product\/109841","targetHints":{"allow":["GET"]}}],"collection":[{"href":"https:\/\/munster-records.com\/en\/wp-json\/wp\/v2\/product"}],"about":[{"href":"https:\/\/munster-records.com\/en\/wp-json\/wp\/v2\/types\/product"}],"wp:featuredmedia":[{"embeddable":true,"href":"https:\/\/munster-records.com\/en\/wp-json\/wp\/v2\/media\/109842"}],"wp:attachment":[{"href":"https:\/\/munster-records.com\/en\/wp-json\/wp\/v2\/media?parent=109841"}],"wp:term":[{"taxonomy":"product_brand","embeddable":true,"href":"https:\/\/munster-records.com\/en\/wp-json\/wp\/v2\/product_brand?post=109841"},{"taxonomy":"product_cat","embeddable":true,"href":"https:\/\/munster-records.com\/en\/wp-json\/wp\/v2\/product_cat?post=109841"},{"taxonomy":"product_tag","embeddable":true,"href":"https:\/\/munster-records.com\/en\/wp-json\/wp\/v2\/product_tag?post=109841"}],"curies":[{"name":"wp","href":"https:\/\/api.w.org\/{rel}","templated":true}]}}