{"id":109844,"date":"2023-06-06T13:12:49","date_gmt":"2023-06-06T13:12:49","guid":{"rendered":"https:\/\/munster-records.com\/?post_type=product&#038;p=109844"},"modified":"2025-06-09T08:10:42","modified_gmt":"2025-06-09T08:10:42","slug":"cumbia-cumbia-cumbia","status":"publish","type":"product","link":"https:\/\/munster-records.com\/en\/producto\/cumbia-cumbia-cumbia\/","title":{"rendered":"Cumbia Cumbia Cumbia!"},"content":{"rendered":"<h6>Side A<\/h6>\n<ol>\n<li>\n<h6>JUAN PI\u00d1A Y SUS MUCHACHOS \u2013 Toquen Cumbia<\/h6>\n<\/li>\n<li>\n<h6>LOS CORRALEROS DE MAJAGUAL\u00a0\u2013 La Pollera Color\u00e1<\/h6>\n<\/li>\n<li>\n<h6>AN\u00cdBAL VEL\u00c1SQUEZ Y SU CONJUNTO \u2013 La Negra Celina<\/h6>\n<\/li>\n<li>\n<h6>CUMBIA CIPOTE VAINA \u2013 Soledad<\/h6>\n<\/li>\n<li>\n<h6>CALIXTO OCHOA Y SU CONJUNTO \u2013 Recordando el Pasado<\/h6>\n<\/li>\n<li>\n<h6>LUCHO CAMPILLO Y SU CONJUNTO \u2013 Me Dejaste Solo<\/h6>\n<\/li>\n<\/ol>\n<h6>Side B<\/h6>\n<ol>\n<li>\n<h6>LA SONORA DEL CARIBE \u2013 Gaita Colombiana<\/h6>\n<\/li>\n<li>\n<h6>EL SEXTETO MIRAMAR\u2013 Cumbiamba<\/h6>\n<\/li>\n<li>\n<h6>PELLO TORRES Y SUS DIABLOS DEL RITMO \u2013 Lucy<\/h6>\n<\/li>\n<li>\n<h6>COMBO LOS GALLEROS\u2013 Suena la Timba<\/h6>\n<\/li>\n<li>\n<h6>LOS GUACHARACOS\u2013 Baila Rosita<\/h6>\n<\/li>\n<li>\n<h6>COMBO SAMPUESANO \u2013 Cumbia Monteriana<\/h6>\n<\/li>\n<\/ol>\n<h6>Side C<\/h6>\n<ol>\n<li>\n<h6>CONJUNTO T\u00cdPICO VALLENATO \u2013 Cumbia Sampuesana<\/h6>\n<\/li>\n<li>\n<h6>PEDRO LAZA Y SUS PELAYEROS \u2013 Esperma y Ron<\/h6>\n<\/li>\n<li>\n<h6>ANDR\u00c9S LANDERO Y SU CONJUNTO \u2013 La Pollera Rosada<\/h6>\n<\/li>\n<li>\n<h6>LOS GOLDEN BOYS \u2013 Se Trab\u00f3 la Banda<\/h6>\n<\/li>\n<li>\n<h6>ORQUESTA NU\u00d1EZ \u2013 La Samaria<\/h6>\n<\/li>\n<li>\n<h6>LOS CANDELOSOS \u2013 Cumbia de Amores<\/h6>\n<\/li>\n<\/ol>\n<h6>Side D<\/h6>\n<ol>\n<li>\n<h6>MORGAN BLANCO Y SU CONJUNTO\u2013 Cumbia de Colombia<\/h6>\n<\/li>\n<li>\n<h6>PACHO GAL\u00c1N Y SUS SABANEROS\u2013 Caracoleando<\/h6>\n<\/li>\n<li>\n<h6>LOS GAVILANES DE LA COSTA\u2013 Lorenza<\/h6>\n<\/li>\n<li>\n<h6>LAS ESTRELLAS DE TOL\u00da\u2013 Cumbia Al Amanecer<\/h6>\n<\/li>\n<li>\n<h6>LOS WARAHUACO\u2013 El Pescador de Bar\u00fa<\/h6>\n<\/li>\n<li>\n<h6>RODOLFO AICARDI Y SU TIPICA RA7 \u2013 La Colegiala<\/h6>\n<\/li>\n<\/ol>\n","protected":false},"excerpt":{"rendered":"<p><strong><b>Una selecci\u00f3n de 24<\/b><\/strong>\u00a0<strong><b>temazos de cumbia colombiana orientados a la pista de baile, extra\u00eddos de los archivos de Discos Fuentes, el sello m\u00e1s emblem\u00e1tico y m\u00e1s identificado con la edad de oro del g\u00e9nero.<\/b><\/strong><\/p>\n<p><strong><b>Una invitaci\u00f3n para disfrutar y dejarse sorprender, al margen y por encima de aproximaciones acad\u00e9micas y etnogr\u00e1ficas a la cumbia.<\/b><\/strong><strong><b><br \/>\n<\/b><\/strong><b><\/b><\/p>\n<p><strong><b>Doble LP.<\/b><\/strong><\/p>\n","protected":false},"featured_media":109845,"template":"","meta":{"_acf_changed":false},"product_brand":[],"product_cat":[79,70,59],"product_tag":[],"class_list":{"0":"post-109844","1":"product","2":"type-product","3":"status-publish","4":"has-post-thumbnail","6":"product_cat-colombia","7":"product_cat-cumbia","8":"product_cat-latin","9":"product_shipping_class-lp-doble","10":"pa_formato-2lp","12":"first","13":"instock","14":"taxable","15":"shipping-taxable","16":"purchasable","17":"product-type-simple"},"acf":[],"_links":{"self":[{"href":"https:\/\/munster-records.com\/en\/wp-json\/wp\/v2\/product\/109844","targetHints":{"allow":["GET"]}}],"collection":[{"href":"https:\/\/munster-records.com\/en\/wp-json\/wp\/v2\/product"}],"about":[{"href":"https:\/\/munster-records.com\/en\/wp-json\/wp\/v2\/types\/product"}],"wp:featuredmedia":[{"embeddable":true,"href":"https:\/\/munster-records.com\/en\/wp-json\/wp\/v2\/media\/109845"}],"wp:attachment":[{"href":"https:\/\/munster-records.com\/en\/wp-json\/wp\/v2\/media?parent=109844"}],"wp:term":[{"taxonomy":"product_brand","embeddable":true,"href":"https:\/\/munster-records.com\/en\/wp-json\/wp\/v2\/product_brand?post=109844"},{"taxonomy":"product_cat","embeddable":true,"href":"https:\/\/munster-records.com\/en\/wp-json\/wp\/v2\/product_cat?post=109844"},{"taxonomy":"product_tag","embeddable":true,"href":"https:\/\/munster-records.com\/en\/wp-json\/wp\/v2\/product_tag?post=109844"}],"curies":[{"name":"wp","href":"https:\/\/api.w.org\/{rel}","templated":true}]}}