{"id":110424,"date":"2023-09-26T11:26:01","date_gmt":"2023-09-26T11:26:01","guid":{"rendered":"https:\/\/munster-records.com\/producto\/desde-espana-la-columna-de-fuego\/"},"modified":"2026-02-06T23:05:42","modified_gmt":"2026-02-06T23:05:42","slug":"desde-espana-la-columna-de-fuego","status":"publish","type":"product","link":"https:\/\/munster-records.com\/en\/producto\/desde-espana-la-columna-de-fuego\/","title":{"rendered":"DESDE ESPA\u00d1A\u2026 LA COLUMNA DE FUEGO"},"content":{"rendered":"<p>Considerado como uno de los grupos m\u00e1s innovadores del circuito musical de Colombia en 1973, Columna de Fuego forj\u00f3 su sonido a base de mezclar, de una forma creativa y org\u00e1nica, elementos del <em><i>heavy rock<\/i><\/em>\u00a0y ritmos enraizados en la m\u00fasica de las costas pac\u00edfica y caribe\u00f1a del pa\u00eds.<\/p>\n<p>Columna de Fuego, el primer grupo colombiano de rock en girar fuera de Sudam\u00e9rica, ejerci\u00f3 de banda de acompa\u00f1amiento de Leonor Gonz\u00e1lez \u2014La Negra Grande de Colombia\u2014 durante meses y estaba formado por miembros de Los Young Beats, Los Speakers y Siglo Cero.<\/p>\n<p>Su \u00fanico LP, grabado en Espa\u00f1a y publicado \u00fanicamente en Colombia en 1974, supuso un punto de inflexi\u00f3n en la historia del rock colombiano. Es un disco repleto de <em><i>funk<\/i><\/em>, <em><i>soul <\/i><\/em>y <em><i>currulao<\/i><\/em>\u00a0con un ritmo veloz que se mantiene de comienzo a final.<\/p>\n<p>Tras varios intentos fallidos de establecerse en Europa, el grupo se disolvi\u00f3; algunos miembros volvieron a Colombia mientras que otros se quedaron en Espa\u00f1a como parte de La Banda Salsa, un cap\u00edtulo poco conocido y citado dentro de la historia del <em><i>Latin rock<\/i><\/em>. Roberto Fiorilli, el destacado baterista del rock colombiano, regres\u00f3 a su Italia natal.<\/p>\n<p>Durante las cinco d\u00e9cadas siguientes, el mito de Columna de Fuego, esa fabulosa banda de rock de Bogot\u00e1 que se atrevi\u00f3 a experimentar con la m\u00fasica coste\u00f1a de Colombia, creci\u00f3. La curiosidad desarrollada por m\u00fasicos en torno a la m\u00fasica tradicional y el folklore coste\u00f1o desde los 80, la consiguiente mezcla de g\u00e9neros musicales diferentes (modernos y de ra\u00edz) a finales del siglo XX y el deseo de los coleccionistas \u2014casi imposible de realizar\u2014 de encontrar una copia del \u00e1lbum o de los singles de la banda, les otorg\u00f3 el estatus que siempre debieron tener como pioneros\u2026<\/p>\n<p>Despu\u00e9s de no estar disponible durante cinco d\u00e9cadas, nos complace presentar ahora la primera reedici\u00f3n de esta joya con su arte original. que incluye adem\u00e1s un encarte con notas y fotos in\u00e9ditas.<\/p>\n","protected":false},"excerpt":{"rendered":"<p><strong><b>Considerado como uno de los grupos m\u00e1s innovadores del circuito musical de Colombia en 1973, Columna de Fuego forj\u00f3 su sonido a base de mezclar, de una forma creativa y org\u00e1nica, elementos del <\/b><\/strong><strong><em><b><i>heavy rock<\/i><\/b><\/em><\/strong><strong><b>\u00a0y ritmos enraizados en la m\u00fasica de las costas pac\u00edfica y caribe\u00f1a. La banda estaba formada por miembros de Los Young Beats, Los Speakers y Siglo Cero.<\/b><\/strong><\/p>\n<p><strong><b>Su \u00fanico LP, grabado en Espa\u00f1a y publicado \u00fanicamente en Colombia en 1974, supuso un punto de inflexi\u00f3n en la historia del rock colombiano. Es un disco repleto de <\/b><\/strong><strong><em><b><i>funk<\/i><\/b><\/em><\/strong><strong><b>, <\/b><\/strong><strong><em><b><i>soul<\/i><\/b><\/em><\/strong><strong><b>\u00a0y <\/b><\/strong><strong><em><b><i>currulao<\/i><\/b><\/em><\/strong><strong><b>\u00a0con un ritmo veloz que se mantiene de comienzo a final.<\/b><\/strong><\/p>\n<p><strong><b>Despu\u00e9s de no estar disponible durante cinco d\u00e9cadas, nos complace presentar ahora la primera reedici\u00f3n de esta joya<\/b><\/strong>\u00a0<strong><b>con su arte original. que incluye adem\u00e1s un encarte con notas y fotos in\u00e9ditas.<\/b><\/strong><\/p>\n","protected":false},"featured_media":110423,"template":"","meta":{"_acf_changed":false},"product_brand":[],"product_cat":[195,200],"product_tag":[],"class_list":{"0":"post-110424","1":"product","2":"type-product","3":"status-publish","4":"has-post-thumbnail","6":"product_cat-colombia-en","7":"product_cat-latin-rock-en","8":"product_shipping_class-lp-en-3","9":"pa_formato-lp-en","11":"first","12":"instock","13":"sale","14":"taxable","15":"shipping-taxable","16":"purchasable","17":"product-type-simple"},"acf":[],"_links":{"self":[{"href":"https:\/\/munster-records.com\/en\/wp-json\/wp\/v2\/product\/110424","targetHints":{"allow":["GET"]}}],"collection":[{"href":"https:\/\/munster-records.com\/en\/wp-json\/wp\/v2\/product"}],"about":[{"href":"https:\/\/munster-records.com\/en\/wp-json\/wp\/v2\/types\/product"}],"wp:featuredmedia":[{"embeddable":true,"href":"https:\/\/munster-records.com\/en\/wp-json\/wp\/v2\/media\/110423"}],"wp:attachment":[{"href":"https:\/\/munster-records.com\/en\/wp-json\/wp\/v2\/media?parent=110424"}],"wp:term":[{"taxonomy":"product_brand","embeddable":true,"href":"https:\/\/munster-records.com\/en\/wp-json\/wp\/v2\/product_brand?post=110424"},{"taxonomy":"product_cat","embeddable":true,"href":"https:\/\/munster-records.com\/en\/wp-json\/wp\/v2\/product_cat?post=110424"},{"taxonomy":"product_tag","embeddable":true,"href":"https:\/\/munster-records.com\/en\/wp-json\/wp\/v2\/product_tag?post=110424"}],"curies":[{"name":"wp","href":"https:\/\/api.w.org\/{rel}","templated":true}]}}