{"id":111621,"date":"2024-03-20T11:52:03","date_gmt":"2024-03-20T11:52:03","guid":{"rendered":"https:\/\/munster-records.com\/producto\/111621\/"},"modified":"2026-02-06T23:05:41","modified_gmt":"2026-02-06T23:05:41","slug":"111621","status":"publish","type":"product","link":"https:\/\/munster-records.com\/en\/producto\/111621\/","title":{"rendered":"Mister Boogaloo"},"content":{"rendered":"<p>In the few years that the Disper\u00fa record label was operative, it managed to open its doors to emerging artists, who were often ignored by the major labels but would go on to leave their mark on Peruvian popular music.<\/p>\n<p>In 1967, Disper\u00fa commissioned trumpeter To\u00f1o Reyes to form a band he called To\u00f1o y sus Sicod\u00e9licos. During the recording sessions for this album they performed a series of songs that reflected the latest tropical music trends, in his inimitable style.<\/p>\n<p>Instrumentals such as &#8216;Mr. Boogaloo&#8217;, &#8216;El Guayacol&#8217;, &#8216;La Anticuchera&#8217;, &#8216;La Peinadora&#8217; and &#8216;La Fiesta es Ma\u00f1ana&#8217; are versions that follow the lines traced by the Mexican composer and drummer Leo Acosta. In the early sixties, based in Los Angeles, Acosta played with the orchestras of Harry James, Sammy Davis Jr, Tony Bennett, Herb Alpert, and D\u00e1maso P\u00e9rez Prado. Mid-decade, Acosta turned to the novel sounds of boogaloo, which immediately caught the attention of young South Americans.<\/p>\n<p>The song &#8216;Borinque Bella&#8217; is another cover version, originally recorded by The TNT Band, based in New York. Another noteworthy influence on the album is the blind Venezuelan organist Tulio Enrique Le\u00f3n, who performed cumbias and guarachas enhanced by his Hammond organ, as is the case of &#8216;Chin chin&#8217;.<\/p>\n<p>Songs in vogue at the time complete the album. The best known is perhaps &#8216;Es la lluvia que cae&#8217;, popularized in Spanish in 1967 by Los Iracundos. \u2018Tequila&#8217; and &#8216;No te bote&#8217;, by The Champs and Sonora Matancera, respectively, were also classics on Lima&#8217;s radio stations. &#8216;Las hojas secas&#8217;, by the Mexicans Los Zignos, was so popular that it was even covered by Peruvian rock groups such as Los Steivos and Los 007.<\/p>\n<p>The success reaped by To\u00f1o y sus Sicod\u00e9licos took them straight to another record company, and the group\u2019s records were also re-released in neighboring countries, always with striking psychedelic cover illustrations.<\/p>\n<p>First time reissue!<\/p>\n","protected":false},"excerpt":{"rendered":"<p><strong><b>In 1967, Disper\u00fa commissioned trumpeter To\u00f1o Reyes to form a band and record an album with a series of songs that reflected the latest tropical music trends, in his own inimitable style.! \u201cMister Boogaloo\u201d combines the influences received from the likes of Mexican drummer Leo Acosta and the emerging Nuyorican boogaloo scene.<\/b><\/strong><\/p>\n<p><strong><b>First time reissue, including its original striking psychedelic artwork and remastered sound.<\/b><\/strong><\/p>\n","protected":false},"featured_media":111620,"template":"","meta":{"_acf_changed":false},"product_brand":[],"product_cat":[194,193,203],"product_tag":[],"class_list":{"0":"post-111621","1":"product","2":"type-product","3":"status-publish","4":"has-post-thumbnail","6":"product_cat-boogaloo-en","7":"product_cat-latin-en","8":"product_cat-peru-en","9":"product_shipping_class-lp-en-4","10":"pa_formato-lp-en","12":"first","13":"outofstock","14":"taxable","15":"shipping-taxable","16":"purchasable","17":"product-type-simple"},"acf":[],"_links":{"self":[{"href":"https:\/\/munster-records.com\/en\/wp-json\/wp\/v2\/product\/111621","targetHints":{"allow":["GET"]}}],"collection":[{"href":"https:\/\/munster-records.com\/en\/wp-json\/wp\/v2\/product"}],"about":[{"href":"https:\/\/munster-records.com\/en\/wp-json\/wp\/v2\/types\/product"}],"wp:featuredmedia":[{"embeddable":true,"href":"https:\/\/munster-records.com\/en\/wp-json\/wp\/v2\/media\/111620"}],"wp:attachment":[{"href":"https:\/\/munster-records.com\/en\/wp-json\/wp\/v2\/media?parent=111621"}],"wp:term":[{"taxonomy":"product_brand","embeddable":true,"href":"https:\/\/munster-records.com\/en\/wp-json\/wp\/v2\/product_brand?post=111621"},{"taxonomy":"product_cat","embeddable":true,"href":"https:\/\/munster-records.com\/en\/wp-json\/wp\/v2\/product_cat?post=111621"},{"taxonomy":"product_tag","embeddable":true,"href":"https:\/\/munster-records.com\/en\/wp-json\/wp\/v2\/product_tag?post=111621"}],"curies":[{"name":"wp","href":"https:\/\/api.w.org\/{rel}","templated":true}]}}