{"id":112712,"date":"2024-08-30T07:45:58","date_gmt":"2024-08-30T07:45:58","guid":{"rendered":"https:\/\/munster-records.com\/?post_type=product&#038;p=112712"},"modified":"2025-08-06T09:20:44","modified_gmt":"2025-08-06T09:20:44","slug":"weve-got-a-groovy-thing-going-the-latin-soul-of-bobby-marin","status":"publish","type":"product","link":"https:\/\/munster-records.com\/en\/producto\/weve-got-a-groovy-thing-going-the-latin-soul-of-bobby-marin\/","title":{"rendered":"WE\u2019VE GOT A GROOVY THING GOING: THE LATIN SOUL OF BOBBY MARIN"},"content":{"rendered":"<p>Desde finales de los 80 se han sucedido los proyectos recopilatorios de latin soul y boogaloo, y tambi\u00e9n se ha escrito mucho acerca de la historia de esta m\u00fasica. Tanto un documental excelente (We Like It Like That, de Mathew Ram\u00edrez Warren) como un musical llamado I Like It Like That, ambos bautizados como el conocido himno de Pete Rodr\u00edguez \u2018I Like It Like That\u2019, han llevado esta m\u00fasica a un p\u00fablico m\u00e1s amplio. La canci\u00f3n tambi\u00e9n inspir\u00f3 una pel\u00edcula hom\u00f3nima de 1994 que contaba en su banda sonora con una versi\u00f3n contempor\u00e1nea a cargo de Tito Nieves, y, m\u00e1s recientemente, el original ha sido sampleado por Cardi B y se ha incluido en anuncios. Igualmente, ha habido un repunte del inter\u00e9s sobre bandas en directo con repertorio de boogaloo, tanto versiones como nuevas composiciones, surgiendo proyectos s\u00f3lidos como Setenta, Spanglish Fly y the Boogaloo Assassins, entre otros.<\/p>\n<p>Tradicionalmente, al hablar de la \u201cprimera oleada\u201d de latin soul y boogaloo, se cita a las bandas y a sus l\u00edderes, a los vocalistas y a las canciones, pero \u00bfqu\u00e9 pasa con los productores, compositores y arreglistas detr\u00e1s de esta m\u00fasica?.<br \/>\nA lo largo de los a\u00f1os se ha ido reconociendo el talento de Bobby Marin, uno de los mejores productores de la vieja escuela de m\u00fasica latina de Nueva York a trav\u00e9s de notas interiores de discos y de art\u00edculos en diversos medios (Wax Poetics, Fania, Gladys Palmera). Sin embargo, para el p\u00fablico general, e incluso entre algunos fans del boogaloo y la salsa, su nombre sigue sin resultar familiar. Por suerte, los entendidos del g\u00e9nero conocen de sobra su trabajo y el hecho de que es una figura omnipresente \u2014a la sombra\u2014 en mucho del mejor boogaloo y salsa de los 60 y 70. Incluso hay algunas compilaciones contempor\u00e1neas de latin soul que contienen mayoritariamente material licenciado, producido y\/o escrito por Bobby Marin (o su hermano Richard), algo que hay que agradecer a Dean Rudland por su trabajo en este campo, as\u00ed como a Rocafort Records por haber recuperado el \u00e1lbum perdido de Nitty Gritty Sextet.<\/p>\n<p>Pero, hasta ahora, nadie hab\u00eda puesto el nombre de Bobby Marin en un lugar prominente, acredit\u00e1ndolo y destac\u00e1ndolo en la portada de un recopilatorio de latin soul. Este trabajo trata de cambiar esto y de otorgarle por primera vez el cr\u00e9dito que merece a trav\u00e9s de un repaso, cuidadosamente seleccionado, a su fascinante y compleja obra en este g\u00e9nero.<\/p>\n<p>Veinticuatro joyas esenciales de boogaloo, latin funk, rock y afro disco, todas ellas con el marchamo de calidad \u201cProducci\u00f3n de Bobby Marin\u201d, incluyendo canciones de Ricardo Marrero, the Ghetto Brothers, Ocho, Louie Ram\u00edrez\u2026<\/p>\n","protected":false},"excerpt":{"rendered":"<p><strong>Lado A<\/strong><\/p>\n<ol>\n<li><strong>MOVIN\u2019 MUCH TOO FAST &#8211; Bobby Marin<\/strong><br \/>\n<strong>2. A GROOVY THING GOING &#8211; Bobby Marin <\/strong><br \/>\n<strong>3. HEY MR. SKYJACKER &#8211; Richie &amp; The PS 54 School Yard <\/strong><br \/>\n<strong>4. WHAT I FEEL &#8211; Ricardo Marrero and The Group \/ The PS 54 School Yard <\/strong><br \/>\n<strong>5. TAKE A RIDE &#8211; Bobby Marin &amp; The Latin Chords feat. Sonny Bravo <\/strong><br \/>\n<strong>6. WORK YOUR SHOW &#8211; Bobby Marin &amp; The Latin Chords feat. Sonny Bravo <\/strong><br \/>\n<strong>7. \u2018NEATH THE HEAT OF THE SUMMER SUN &#8211; Bobby Marin &amp; The Latin Chords feat. Sonny Bravo<\/strong><\/li>\n<\/ol>\n<p><strong>Lado B<\/strong><\/p>\n<ol>\n<li><strong>BARBARA WITH THE KOOKY EYES &#8211; 107th Street Stickball Team <\/strong><br \/>\n<strong>2. MOJO SHINGALING &#8211; 107th Street Stickball Team <\/strong><br \/>\n<strong>3. RHYTHM AND SOUL &#8211; 107th Street Stickball Team <\/strong><br \/>\n<strong>4. LUCY\u2019S SPANISH HARLEM &#8211; Louie Ram\u00edrez &amp; His Orchestra <\/strong><br \/>\n<strong>5. LOVE IT UP &#8211; Louie Ram\u00edrez &amp; His Orchestra <\/strong><br \/>\n<strong>6. JUMPIN\u2019 AROUND &#8211; Johnny Rodriguez &amp; Angel Ren\u00e9 Orchestra <\/strong><br \/>\n<strong>7. TAKIN\u2019 OVER &#8211; La Cucaracha Brass<\/strong><\/li>\n<\/ol>\n<p><strong>Lado C<\/strong><\/p>\n<ol>\n<li><strong>HEY, MAMA &#8211; La Cucaracha Brass <\/strong><br \/>\n<strong>2. WE BELONG TOGETHER &#8211; Herbie Olivieri &amp; The Latin Blues Band \u00a0<\/strong><br \/>\n<strong>3. COME LIVE WITH ME &#8211; Herbie Oliveri &amp; The Latin Blues Band <\/strong><br \/>\n<strong>4. GOT THIS HAPPY FEELING &#8211; The Ghetto Brothers <\/strong><br \/>\n<strong>5. DO IT &#8211; Los Africanos<\/strong><\/li>\n<\/ol>\n<p><strong>Lado D<\/strong><\/p>\n<ol>\n<li><strong>PAMOJA WATU (TOGETHER PEOPLE) &#8211; Los Africanos <\/strong><br \/>\n<strong>2. IT\u2019S YOUR THING &#8211; Los Africanos <\/strong><br \/>\n<strong>3. UNDRESS MY MIND &#8211; Ocho <\/strong><br \/>\n<strong>4. CISCO KID &#8211; La Crema <\/strong><br \/>\n<strong>5. GIMME, TAKE IT &#8211; Louie Ram\u00edrez (Bobby Marin edit)<\/strong><\/li>\n<\/ol>\n<p>&nbsp;<\/p>\n<p><strong><b>Los entendidos del g\u00e9nero conocen de sobra su trabajo y el hecho de que es una figura omnipresente \u2014a la sombra\u2014 en mucho del mejor boogaloo y salsa de los 60 y 70. Pero, hasta ahora, nadie hab\u00eda puesto el nombre de Bobby Marin en un lugar prominente, acredit\u00e1ndolo y destac\u00e1ndolo en la portada de un recopilatorio de latin soul.<\/b><\/strong><\/p>\n<p><strong><b>Esta compilaci\u00f3n re\u00fane veinticuatro joyas esenciales de boogaloo, latin funk, rock y afro disco, todas ellas con el marchamo de calidad \u201cProducci\u00f3n de Bobby Marin\u201d, incluyendo canciones de Ricardo Marrero, the Ghetto Brothers, Ocho, Louie Ram\u00edrez\u2026 Un repaso, cuidadosamente seleccionado, a su fascinante y compleja obra en estos estilos.<\/b><\/strong><\/p>\n","protected":false},"featured_media":112713,"template":"","meta":{"_acf_changed":false},"product_brand":[],"product_cat":[59,77],"product_tag":[],"class_list":{"0":"post-112712","1":"product","2":"type-product","3":"status-publish","4":"has-post-thumbnail","6":"product_cat-latin","7":"product_cat-latin-soul","8":"product_shipping_class-lp-doble","9":"pa_formato-2lp","11":"first","12":"outofstock","13":"taxable","14":"shipping-taxable","15":"purchasable","16":"product-type-simple"},"acf":[],"_links":{"self":[{"href":"https:\/\/munster-records.com\/en\/wp-json\/wp\/v2\/product\/112712","targetHints":{"allow":["GET"]}}],"collection":[{"href":"https:\/\/munster-records.com\/en\/wp-json\/wp\/v2\/product"}],"about":[{"href":"https:\/\/munster-records.com\/en\/wp-json\/wp\/v2\/types\/product"}],"wp:featuredmedia":[{"embeddable":true,"href":"https:\/\/munster-records.com\/en\/wp-json\/wp\/v2\/media\/112713"}],"wp:attachment":[{"href":"https:\/\/munster-records.com\/en\/wp-json\/wp\/v2\/media?parent=112712"}],"wp:term":[{"taxonomy":"product_brand","embeddable":true,"href":"https:\/\/munster-records.com\/en\/wp-json\/wp\/v2\/product_brand?post=112712"},{"taxonomy":"product_cat","embeddable":true,"href":"https:\/\/munster-records.com\/en\/wp-json\/wp\/v2\/product_cat?post=112712"},{"taxonomy":"product_tag","embeddable":true,"href":"https:\/\/munster-records.com\/en\/wp-json\/wp\/v2\/product_tag?post=112712"}],"curies":[{"name":"wp","href":"https:\/\/api.w.org\/{rel}","templated":true}]}}