{"id":113345,"date":"2025-01-16T09:23:28","date_gmt":"2025-01-16T09:23:28","guid":{"rendered":"https:\/\/munster-records.com\/producto\/all-black-and-hairy\/"},"modified":"2026-02-06T23:05:39","modified_gmt":"2026-02-06T23:05:39","slug":"all-black-and-hairy","status":"publish","type":"product","link":"https:\/\/munster-records.com\/en\/producto\/all-black-and-hairy\/","title":{"rendered":"ALL BLACK AND HAIRY"},"content":{"rendered":"<p>Han pasado m\u00e1s de 40 a\u00f1os desde que los Gravedigger V entraron en los estudios Silvery Moon y grabaron \u201cAll Black and Hairy\u201d.<\/p>\n<p>Solo llevaban unos diez meses funcionando como banda y apenas tocado un pu\u00f1ado de conciertos cuando se metieron en el estudio de grabaci\u00f3n. La mayor\u00eda de sus miembros ni siquiera hab\u00edan estado en un grupo antes. Quiz\u00e1 ah\u00ed resida parte de su magia, en esa cierta ingenuidad que logr\u00f3 llamar la atenci\u00f3n de Greg Shaw.<\/p>\n<p>En marzo de 1984 los Gravediggers se ven abriendo como teloneros para las leyendas del punk The Dickies en el Music Machine de West Hollywood cuando aparece por la puerta Greg Shaw suficientemente temprano como para poderles ver en directo. Pasan unos meses y reciben una llamada de Shaw dici\u00e9ndoles que al d\u00eda siguiente tiene un estudio de grabaci\u00f3n reservado para que fueran a hacer un \u00e1lbum. All\u00ed estaba Greg Shaw, por supuesto, como productor, y tambi\u00e9n un amigo de la banda, Ron Rimsite, como productor ejecutivo y apoyo moral, y Gary Stern, como ingeniero de la grabaci\u00f3n. Paula Pierce y Julie Patchouli de las Pandoras tambi\u00e9n andaban por all\u00ed y colaboraron haciendo coros en algunas canciones. Ese mismo a\u00f1o aparec\u00eda publicado en Bomp! \u201cAll Black and Hairy\u201d, que resultar\u00eda ser el \u00fanico \u00e1lbum de su corta carrera.<\/p>\n<p>En el disco hay cinco composiciones propias, incluyendo las geniales \u2018Tomorrow is Yesterday\u2019, \u2018She&#8217;s A Cur\u2019 y \u2018She&#8217;s Gone\u2019. Y tambi\u00e9n hay algunas versiones, como el \u2018Searching\u2019 de los Omens. El \u00e1lbum se grab\u00f3 en el transcurso de dos d\u00edas y casi todo se hizo en directo en el estudio. Hay una cierta magia que impregna todo el disco y casi con total seguridad se debe a que los miembros de la banda se limitaron a ser ellos mismos y hacer lo que ven\u00edan haciendo un par de veces a la semana en el garaje de uno de sus miembros.<\/p>\n<p>\u00a1Este disco es fruto de la pura exuberancia adolescente! Garage punk del mejor que te transporta de vuelta a 1984, o 1966!<\/p>\n<p>Fuera de la circulaci\u00f3n durante m\u00e1s de una d\u00e9cada, nos encanta poder reeditar ahora esta joya esencial del garage 80s como parte de nuestra serie de lanzamientos celebrando el 50 aniversario de Bomp! Nuestra edici\u00f3n incluye un libreto con notas interiores a cargo del miembro de la banda John Hanrittie y fotos exclusivas.<\/p>\n","protected":false},"excerpt":{"rendered":"<p><strong><b>\u00a1Este disco es fruto de la pura exuberancia adolescente! Garage punk del mejor que te transporta de vuelta a 1984, o 1966!<\/b><\/strong><strong><b><br \/>\n<\/b><\/strong><strong><b>Producido por Greg Shaw, \u201cAll Black and Hairy\u201d se public\u00f3 en 1984 en su sello Bomp! y result\u00f3 ser el \u00fanico LP que grabar\u00eda la banda en su corta carrera.<\/b><\/strong><\/p>\n<p><strong><b>Fuera de la circulaci\u00f3n durante m\u00e1s de una d\u00e9cada, nos encanta poder reeditar ahora esta joya esencial del garage 80s como parte de nuestra serie de lanzamientos celebrando el 50 aniversario de Bomp! Nuestra edici\u00f3n incluye un libreto con notas interiores a cargo del miembro de la banda John Hanrittie y fotos exclusivas.<\/b><\/strong><\/p>\n","protected":false},"featured_media":113175,"template":"","meta":{"_acf_changed":false},"product_brand":[],"product_cat":[241],"product_tag":[],"class_list":{"0":"post-113345","1":"product","2":"type-product","3":"status-publish","4":"has-post-thumbnail","6":"product_cat-garage-en-3","7":"product_shipping_class-lp-en-4","8":"pa_formato-lp-en","10":"first","11":"outofstock","12":"taxable","13":"shipping-taxable","14":"purchasable","15":"product-type-simple"},"acf":[],"_links":{"self":[{"href":"https:\/\/munster-records.com\/en\/wp-json\/wp\/v2\/product\/113345","targetHints":{"allow":["GET"]}}],"collection":[{"href":"https:\/\/munster-records.com\/en\/wp-json\/wp\/v2\/product"}],"about":[{"href":"https:\/\/munster-records.com\/en\/wp-json\/wp\/v2\/types\/product"}],"wp:featuredmedia":[{"embeddable":true,"href":"https:\/\/munster-records.com\/en\/wp-json\/wp\/v2\/media\/113175"}],"wp:attachment":[{"href":"https:\/\/munster-records.com\/en\/wp-json\/wp\/v2\/media?parent=113345"}],"wp:term":[{"taxonomy":"product_brand","embeddable":true,"href":"https:\/\/munster-records.com\/en\/wp-json\/wp\/v2\/product_brand?post=113345"},{"taxonomy":"product_cat","embeddable":true,"href":"https:\/\/munster-records.com\/en\/wp-json\/wp\/v2\/product_cat?post=113345"},{"taxonomy":"product_tag","embeddable":true,"href":"https:\/\/munster-records.com\/en\/wp-json\/wp\/v2\/product_tag?post=113345"}],"curies":[{"name":"wp","href":"https:\/\/api.w.org\/{rel}","templated":true}]}}