{"id":113675,"date":"2025-02-24T09:29:45","date_gmt":"2025-02-24T09:29:45","guid":{"rendered":"https:\/\/munster-records.com\/producto\/erotica\/"},"modified":"2026-02-06T23:05:38","modified_gmt":"2026-02-06T23:05:38","slug":"erotica","status":"publish","type":"product","link":"https:\/\/munster-records.com\/en\/producto\/erotica\/","title":{"rendered":"EROTICA"},"content":{"rendered":"<p>French actress, model, dancer and singer Rita Cadillac, local star at well-known Parisian cabarets like Crazy Horse or Folies Berg\u00e8re, recorded several 45s in the 1960s. In 1969, and most likely following the success of the Welsh band Man (from whom they \u201ctook inspiration\u201d when recorded this \u2018Erotica\u2019), released this song that could have easily worked as the perfect soundtrack for a sexploitation movie. Rita\u2019s sensual voice is wrapped in a piece of background music that could have been taken from a classic library record from the KPM, Chappell or Montparnasse 2000 catalogues. Hammond-driven prog jazzy passages, subtle fuzzy guitar solos and a contagious bassline all delivered by some anonymous studio band accompanied by Rita&#8217;s provocative whispers and moans. This 7\u201d-only rarity has been compiled many times over the years, but we thought it would be nice to have it reissued in its original format.<\/p>\n<p>Nada mejor que otro tema de id\u00e9ntico t\u00edtulo y planteamiento similar, el \u2018Erotica\u2019 de los pioneros del rock chileno Aguaturbia, para cerrar este single. La guitarra de Carlos Corales lidera este di\u00e1logo psicod\u00e9lico con la voz de Denise donde la distorsi\u00f3n y el efecto wah wah ayudan a construir un viaje sonoro progresivo e hipn\u00f3tico. La canci\u00f3n se incluy\u00f3 en su buscad\u00edsimo disco debut y la presentamos aqu\u00ed de nuevo como acompa\u00f1amiento perfecto de la sensual Rita.<\/p>\n<p>What better than another song in a similar vein and identical title, \u2018Erotica\u2019 by Chilean rock pioneers Aguaturbia, to complete this single? Denise&#8217;s alluring vocals dance harmoniously with Carlos&#8217; electrifying guitar loaded with fuzz and wah wah effects, building up a progressive and hypnotic musical journey. This song was included in their much sought-after debut LP and we present it here again as the perfect accompaniment to the sensual Rita.<\/p>\n<p>Both songs are reissued on a 45 for the first time.<\/p>\n","protected":false},"excerpt":{"rendered":"<p><strong><b>Two killer tracks of erotic psychedelia with a jazzy twist and touches of acid rock by the French cabaret star Rita and Chilean rock pioneers Aguaturbia. <\/b><\/strong><\/p>\n<p><strong><b>A perfect soundtrack to an imaginary <\/b><\/strong><strong><em><b><i>sexploitation<\/i><\/b><\/em><\/strong><strong><b>\u00a0film, half-way between the classic sound of library records and a progressive and hypnotic musical journey driven by fuzzy guitars.<\/b><\/strong><\/p>\n<p><strong><b>Reissued on a 45 for the first time.<\/b><\/strong><\/p>\n","protected":false},"featured_media":113672,"template":"","meta":{"_acf_changed":false},"product_brand":[],"product_cat":[62],"product_tag":[],"class_list":{"0":"post-113675","1":"product","2":"type-product","3":"status-publish","4":"has-post-thumbnail","6":"product_cat-60s-en","7":"product_shipping_class-cd-en","8":"pa_formato-7-en-2","10":"first","11":"instock","12":"taxable","13":"shipping-taxable","14":"purchasable","15":"product-type-simple"},"acf":[],"_links":{"self":[{"href":"https:\/\/munster-records.com\/en\/wp-json\/wp\/v2\/product\/113675","targetHints":{"allow":["GET"]}}],"collection":[{"href":"https:\/\/munster-records.com\/en\/wp-json\/wp\/v2\/product"}],"about":[{"href":"https:\/\/munster-records.com\/en\/wp-json\/wp\/v2\/types\/product"}],"wp:featuredmedia":[{"embeddable":true,"href":"https:\/\/munster-records.com\/en\/wp-json\/wp\/v2\/media\/113672"}],"wp:attachment":[{"href":"https:\/\/munster-records.com\/en\/wp-json\/wp\/v2\/media?parent=113675"}],"wp:term":[{"taxonomy":"product_brand","embeddable":true,"href":"https:\/\/munster-records.com\/en\/wp-json\/wp\/v2\/product_brand?post=113675"},{"taxonomy":"product_cat","embeddable":true,"href":"https:\/\/munster-records.com\/en\/wp-json\/wp\/v2\/product_cat?post=113675"},{"taxonomy":"product_tag","embeddable":true,"href":"https:\/\/munster-records.com\/en\/wp-json\/wp\/v2\/product_tag?post=113675"}],"curies":[{"name":"wp","href":"https:\/\/api.w.org\/{rel}","templated":true}]}}