{"id":114050,"date":"2025-03-20T11:14:54","date_gmt":"2025-03-20T11:14:54","guid":{"rendered":"https:\/\/munster-records.com\/producto\/demo-1983\/"},"modified":"2026-02-06T23:05:38","modified_gmt":"2026-02-06T23:05:38","slug":"demo-1983","status":"publish","type":"product","link":"https:\/\/munster-records.com\/en\/producto\/demo-1983\/","title":{"rendered":"DEMO 1983"},"content":{"rendered":"<p>Born in the vibrant alternative scene of 1980s S\u00e3o Paulo, Mercen\u00e1rias is an iconic band in the history of Brazilian punk and post-punk. Formed by Sandra Coutinho (bass and vocals), Ros\u00e1lia Munhoz (vocals), Ana Machado (guitar), and Edgard Scandurra (drums), the group stood out for their rebellious attitude, incisive lyrics, and raw sound that blended punk, post-punk, and experimental elements.<\/p>\n<p>Their debut album, \u201cCad\u00ea as Armas?\u201d (1986), is considered one of the most important records in Brazilian music history. Three years earlier, they recorded their first demo tape at the studio of the funk\/pop band Placa Luminosa. The recording turned out great, it\u2019s the best you can wait from a Brazilian punk record: raw, aggressive, yet catchy, well-played and produced.<\/p>\n<p>We are happy to present this E.P. as a collaboration release with the Brazilian label Nada Nada Discos.<\/p>\n","protected":false},"excerpt":{"rendered":"<p><strong><b>Mercen\u00e1rias is an iconic band in the history of Brazilian punk and post-punk. They gained global recognition after being included in several compilations outside Brazil.<\/b><\/strong><\/p>\n<p><strong><b>Recommended for fans of The Slits, DNA, Malaria!, Kleenex, and Minutemen, this early recording by Mercen\u00e1rias is more punk than their albums, but still super catchy.<\/b><\/strong><\/p>\n<p><strong><b>It has been remastered from the original tape and includes an insert with previously unseen photos and a short text by Edgard Scandurra.<\/b><\/strong><\/p>\n<p><strong><b>This is a collaboration release with the Brazilian label Nada Nada Discos.<\/b><\/strong><\/p>\n","protected":false},"featured_media":114047,"template":"","meta":{"_acf_changed":false},"product_brand":[],"product_cat":[233],"product_tag":[],"class_list":{"0":"post-114050","1":"product","2":"type-product","3":"status-publish","4":"has-post-thumbnail","6":"product_cat-post-punk-en","7":"product_shipping_class-cd-en","8":"pa_formato-7-en-2","10":"first","11":"instock","12":"taxable","13":"shipping-taxable","14":"purchasable","15":"product-type-simple"},"acf":[],"_links":{"self":[{"href":"https:\/\/munster-records.com\/en\/wp-json\/wp\/v2\/product\/114050","targetHints":{"allow":["GET"]}}],"collection":[{"href":"https:\/\/munster-records.com\/en\/wp-json\/wp\/v2\/product"}],"about":[{"href":"https:\/\/munster-records.com\/en\/wp-json\/wp\/v2\/types\/product"}],"wp:featuredmedia":[{"embeddable":true,"href":"https:\/\/munster-records.com\/en\/wp-json\/wp\/v2\/media\/114047"}],"wp:attachment":[{"href":"https:\/\/munster-records.com\/en\/wp-json\/wp\/v2\/media?parent=114050"}],"wp:term":[{"taxonomy":"product_brand","embeddable":true,"href":"https:\/\/munster-records.com\/en\/wp-json\/wp\/v2\/product_brand?post=114050"},{"taxonomy":"product_cat","embeddable":true,"href":"https:\/\/munster-records.com\/en\/wp-json\/wp\/v2\/product_cat?post=114050"},{"taxonomy":"product_tag","embeddable":true,"href":"https:\/\/munster-records.com\/en\/wp-json\/wp\/v2\/product_tag?post=114050"}],"curies":[{"name":"wp","href":"https:\/\/api.w.org\/{rel}","templated":true}]}}