{"id":114081,"date":"2025-03-20T11:42:59","date_gmt":"2025-03-20T11:42:59","guid":{"rendered":"https:\/\/munster-records.com\/producto\/bau-83-87\/"},"modified":"2026-02-06T23:05:37","modified_gmt":"2026-02-06T23:05:37","slug":"bau-83-87","status":"publish","type":"product","link":"https:\/\/munster-records.com\/en\/producto\/bau-83-87\/","title":{"rendered":"BA\u00da 83-87"},"content":{"rendered":"<p>Born in the vibrant alternative scene of 1980s S\u00e3o Paulo, Mercen\u00e1rias is an iconic band in the history of Brazilian punk and post-punk. Formed in 1982 by Sandra Coutinho (bass and vocals), Ros\u00e1lia Munhoz (vocals), Ana Machado (guitar), and Edgard Scandurra (drums), the group stood out for their rebellious attitude, incisive lyrics, and raw sound that blended punk, post-punk, no wave and experimental elements.\u00a0Their debut album, \u201cCad\u00ea as Armas?\u201d (1986), is considered one of the most important records in Brazilian music history.<\/p>\n<p>This is a compilation of rare tracks from 1983 to 1987. On the A side, there are 10 amazing songs that didn\u2019t make it onto their two albums. On the B side, there is a great live recording at the legendary Sesc Pomp\u00e9ia during their early days, as well as a &#8220;lost&#8221; studio session featuring some of their classic songs recorded for the cult film Vera.<\/p>\n<p>We are happy to present this LP as a collaboration release with the Brazilian label Nada Nada Discos.<\/p>\n","protected":false},"excerpt":{"rendered":"<p><strong><b>Mercen\u00e1rias is an iconic band in the history of Brazilian punk and post-punk. They gained global recognition after being included in several compilations outside Brazil.<\/b><\/strong><\/p>\n<p><strong><b>Recommended for fans of The Slits, DNA, Malaria!, Kleenex, and Minutemen, the group stood out for their rebellious attitude, incisive lyrics, and raw sound that blended punk, post-punk, no wave and experimental elements.<\/b><\/strong><\/p>\n<p><strong><b>This is a compilation of rare tracks from 1983 to 1987, including 10 amazing songs that didn\u2019t make it onto their two albums; there\u2019s also a great early live recording, as well as a &#8220;lost&#8221; studio session. It has been remastered from the original tapes and includes an insert with previously unseen photos and a short text by Edgard Scandurra.<\/b><\/strong><\/p>\n<p><strong><b>This is a collaboration release with the Brazilian label Nada Nada Discos.<\/b><\/strong><\/p>\n","protected":false},"featured_media":114078,"template":"","meta":{"_acf_changed":false},"product_brand":[],"product_cat":[233],"product_tag":[],"class_list":{"0":"post-114081","1":"product","2":"type-product","3":"status-publish","4":"has-post-thumbnail","6":"product_cat-post-punk-en","7":"product_shipping_class-lp-en-3","8":"pa_formato-lp-en","10":"first","11":"instock","12":"taxable","13":"shipping-taxable","14":"purchasable","15":"product-type-simple"},"acf":[],"_links":{"self":[{"href":"https:\/\/munster-records.com\/en\/wp-json\/wp\/v2\/product\/114081","targetHints":{"allow":["GET"]}}],"collection":[{"href":"https:\/\/munster-records.com\/en\/wp-json\/wp\/v2\/product"}],"about":[{"href":"https:\/\/munster-records.com\/en\/wp-json\/wp\/v2\/types\/product"}],"wp:featuredmedia":[{"embeddable":true,"href":"https:\/\/munster-records.com\/en\/wp-json\/wp\/v2\/media\/114078"}],"wp:attachment":[{"href":"https:\/\/munster-records.com\/en\/wp-json\/wp\/v2\/media?parent=114081"}],"wp:term":[{"taxonomy":"product_brand","embeddable":true,"href":"https:\/\/munster-records.com\/en\/wp-json\/wp\/v2\/product_brand?post=114081"},{"taxonomy":"product_cat","embeddable":true,"href":"https:\/\/munster-records.com\/en\/wp-json\/wp\/v2\/product_cat?post=114081"},{"taxonomy":"product_tag","embeddable":true,"href":"https:\/\/munster-records.com\/en\/wp-json\/wp\/v2\/product_tag?post=114081"}],"curies":[{"name":"wp","href":"https:\/\/api.w.org\/{rel}","templated":true}]}}