{"id":114234,"date":"2025-04-15T08:33:16","date_gmt":"2025-04-15T08:33:16","guid":{"rendered":"https:\/\/munster-records.com\/?post_type=product&#038;p=114234"},"modified":"2025-04-15T08:54:59","modified_gmt":"2025-04-15T08:54:59","slug":"torta-de-pan-la-venganza","status":"publish","type":"product","link":"https:\/\/munster-records.com\/en\/producto\/torta-de-pan-la-venganza\/","title":{"rendered":"Torta de Pan \/ La Venganza"},"content":{"rendered":"<p>Primera reedici\u00f3n en single de estas dos impresionantes joyas de jazz-funk latino de Venezuela.<\/p>\n<p>La Retreta Mayor fue fundada y dirigida por el guitarrista Alex Rodr\u00edguez. \u2018Torta de pan\u2019, con reminiscencias a las grabaciones de las bandas norteamericanas cl\u00e1sicas de funk, como los JBs, se incluy\u00f3 en su \u00fanico y dificil\u00edsimo de encontrar LP. En el otro lado del single encontramos \u2018La venganza\u2019 que formaba parte de la rar\u00edsima banda sonora escrita y grabada por Pablo Schneider para la pel\u00edcula venezolana de sexploitation \u201cSobre la Hierba\u2026 Virgen\u201d. Ambas canciones se publicaron en Discomoda en 1976 y los discos originales son casi imposibles de encontrar en cualquier estado.<\/p>\n<p>\u00bfA que resulta \u00fatil y apetecible tener juntas ambas canciones en un single perfecto para pinchar? Primera reedici\u00f3n en 45.<\/p>\n","protected":false},"excerpt":{"rendered":"<p><strong><b>Dos impresionantes joyas de jazz-funk latino para la pista de baile, repletas de potentes secciones de metales y percusi\u00f3n.<\/b><\/strong><\/p>\n<p><strong><b>Ambas canciones proceden de LPs venezolanos mega-raros publicados originalmente en 1976.<\/b><\/strong><\/p>\n<p><strong><b>Reeditadas en un 45 por primera vez.<\/b><\/strong><\/p>\n","protected":false},"featured_media":114235,"template":"","meta":{"_acf_changed":false},"product_brand":[],"product_cat":[130,75,59],"product_tag":[],"class_list":{"0":"post-114234","1":"product","2":"type-product","3":"status-publish","4":"has-post-thumbnail","6":"product_cat-funk","7":"product_cat-jazz-2","8":"product_cat-latin","9":"product_shipping_class-cd","10":"pa_formato-473","12":"first","13":"instock","14":"taxable","15":"shipping-taxable","16":"purchasable","17":"product-type-simple"},"acf":[],"_links":{"self":[{"href":"https:\/\/munster-records.com\/en\/wp-json\/wp\/v2\/product\/114234","targetHints":{"allow":["GET"]}}],"collection":[{"href":"https:\/\/munster-records.com\/en\/wp-json\/wp\/v2\/product"}],"about":[{"href":"https:\/\/munster-records.com\/en\/wp-json\/wp\/v2\/types\/product"}],"wp:featuredmedia":[{"embeddable":true,"href":"https:\/\/munster-records.com\/en\/wp-json\/wp\/v2\/media\/114235"}],"wp:attachment":[{"href":"https:\/\/munster-records.com\/en\/wp-json\/wp\/v2\/media?parent=114234"}],"wp:term":[{"taxonomy":"product_brand","embeddable":true,"href":"https:\/\/munster-records.com\/en\/wp-json\/wp\/v2\/product_brand?post=114234"},{"taxonomy":"product_cat","embeddable":true,"href":"https:\/\/munster-records.com\/en\/wp-json\/wp\/v2\/product_cat?post=114234"},{"taxonomy":"product_tag","embeddable":true,"href":"https:\/\/munster-records.com\/en\/wp-json\/wp\/v2\/product_tag?post=114234"}],"curies":[{"name":"wp","href":"https:\/\/api.w.org\/{rel}","templated":true}]}}