{"id":114245,"date":"2025-04-15T09:09:38","date_gmt":"2025-04-15T09:09:38","guid":{"rendered":"https:\/\/munster-records.com\/?post_type=product&#038;p=114245"},"modified":"2025-04-15T09:14:43","modified_gmt":"2025-04-15T09:14:43","slug":"114245","status":"publish","type":"product","link":"https:\/\/munster-records.com\/en\/producto\/114245\/","title":{"rendered":"El Sonido Niebla de"},"content":{"rendered":"<p>Descubre el sonido revolucionario de Los Texao, una banda de rock peruana legendaria que ayud\u00f3 a dar forma a la escena musical en los a\u00f1os 70. Formados en la ciudad de Arequipa, el camino hacia la fama de Los Texao estuvo marcado por la innovaci\u00f3n, la pasi\u00f3n y una conexi\u00f3n innegable con sus ra\u00edces. Su m\u00fasica fusion\u00f3 la energ\u00eda del rock psicod\u00e9lico con influencias latinoamericanas, cautivando al p\u00fablico de todo su Per\u00fa natal.<\/p>\n<p>Formados en 1969, la banda tom\u00f3 su nombre de la flor emblem\u00e1tica de Arequipa y caus\u00f3 un impacto inmediato con su debut en un concurso local de bandas. Poco despu\u00e9s, grabaron su primer single, que inclu\u00eda versiones de canciones del grupo chileno Los Beat 4. Sin embargo, fue a principios de los 70 cuando Los Texao realmente encontraron su voz. Con una formaci\u00f3n din\u00e1mica, que inclu\u00eda a los talentosos Fernando &#8220;Fe\u00f1o&#8221; Humbser y Juan N\u00fa\u00f1ez a la guitarra, V\u00edctor Dib\u00e1n a la voz y el bajo, y Edgar &#8220;Chito&#8221; Manrique a la bater\u00eda, su evoluci\u00f3n musical empez\u00f3 a tomar forma. La incorporaci\u00f3n de Julio Torres, teclista y guitarrista de las ic\u00f3nicas bandas Los Beatniks y Los Dig It, elev\u00f3 a\u00fan m\u00e1s su sonido.<\/p>\n<p>La fase psicod\u00e9lica de Los Texao estuvo marcada por la experimentaci\u00f3n con nuevos sonidos e instrumentos. Adoptaron la emergente tendencia de tocar rock en ingl\u00e9s, a pesar de la barrera del idioma, e incorporaron equipos de \u00faltima generaci\u00f3n. Con la ayuda del legendario m\u00fasico de jazz peruano Jaime Delgado Aparicio, crearon temas hipn\u00f3ticos como \u2018Alg\u00fan d\u00eda\u2019 y \u2018Nunca cambias\u2019, capturando la esencia del rock de los 70 con texturas que giraban y vibraciones atmosf\u00e9ricas. Pero no solo fueron las melod\u00edas lo que los diferenciaba: sus electrizantes ritmos y potentes arreglos, como los de \u2018Stone\u2019 y \u2018La pelea del gobernador\u2019, demostraron su refinada maestr\u00eda musical y su intensa dedicaci\u00f3n.<\/p>\n<p>Los Texao se convirtieron r\u00e1pidamente en una sensaci\u00f3n en Per\u00fa, actuando en ciudades como Puno, Moquegua y Arica (Chile), y compartiendo escenarios con bandas ic\u00f3nicas como Los Shain\u2019s, Traffic Sound y Telegraph Avenue. Su famoso tema \u2018La pelea del gobernador\u2019 narra una historia de conflicto generacional y juventud rebelde, plasmada en una actuaci\u00f3n en vivo que sigue resonando con el p\u00fablico de hoy. Los conciertos salvajes de la banda se convirtieron en legendarios, con los fans abarrotando escenarios \u00edntimos para vivir la energ\u00eda cruda de su rock potente y sin complejos.<\/p>\n<p>Adem\u00e1s de sus 45s, Los Texao tambi\u00e9n grabaron versiones de algunas de las bandas de rock m\u00e1s influyentes de la \u00e9poca, como Cream, Steppenwolf y The Guess Who, demostrando su versatilidad y amor por el rock cl\u00e1sico. Lamentablemente, esta sesi\u00f3n permaneci\u00f3 perdida durante a\u00f1os y algunas de estas versiones nunca antes han estado disponibles en vinilo.<\/p>\n<p>A pesar de su creciente \u00e9xito, Los Texao finalmente se disolvieron en 1975 debido a desaf\u00edos personales y profesionales. Sin embargo, su legado nunca se desvaneci\u00f3.<\/p>\n","protected":false},"excerpt":{"rendered":"<p><strong><b>Descubre el sonido revolucionario de Los Texao, una banda de rock peruana legendaria que ayud\u00f3 a dar forma a la escena musical de los a\u00f1os 70.<\/b><\/strong><\/p>\n<p><strong><b>Su m\u00fasica fusion\u00f3 la energ\u00eda del rock psicod\u00e9lico con influencias latinoamericanas, cautivando a audiencias a lo largo y ancho de su Per\u00fa natal. La fase psicod\u00e9lica de Los Texao estuvo marcada por la experimentaci\u00f3n con nuevos sonidos e instrumentos.<\/b><\/strong><\/p>\n<p><strong><b>Este disco incluye sus grabaciones completas, que abarcan todos sus sencillos y tambi\u00e9n versiones de algunas de las bandas de rock m\u00e1s influyentes de la \u00e9poca, la mayor\u00eda de ellas nunca antes disponibles en vinilo.<\/b><\/strong><\/p>\n","protected":false},"featured_media":114246,"template":"","meta":{"_acf_changed":false},"product_brand":[],"product_cat":[106,59,80,113],"product_tag":[],"class_list":{"0":"post-114245","1":"product","2":"type-product","3":"status-publish","4":"has-post-thumbnail","6":"product_cat-garage-2","7":"product_cat-latin","8":"product_cat-peru","9":"product_cat-psicodelia-2","10":"product_shipping_class-lp-2","11":"pa_formato-lp","13":"first","14":"instock","15":"taxable","16":"shipping-taxable","17":"purchasable","18":"product-type-simple"},"acf":[],"_links":{"self":[{"href":"https:\/\/munster-records.com\/en\/wp-json\/wp\/v2\/product\/114245","targetHints":{"allow":["GET"]}}],"collection":[{"href":"https:\/\/munster-records.com\/en\/wp-json\/wp\/v2\/product"}],"about":[{"href":"https:\/\/munster-records.com\/en\/wp-json\/wp\/v2\/types\/product"}],"wp:featuredmedia":[{"embeddable":true,"href":"https:\/\/munster-records.com\/en\/wp-json\/wp\/v2\/media\/114246"}],"wp:attachment":[{"href":"https:\/\/munster-records.com\/en\/wp-json\/wp\/v2\/media?parent=114245"}],"wp:term":[{"taxonomy":"product_brand","embeddable":true,"href":"https:\/\/munster-records.com\/en\/wp-json\/wp\/v2\/product_brand?post=114245"},{"taxonomy":"product_cat","embeddable":true,"href":"https:\/\/munster-records.com\/en\/wp-json\/wp\/v2\/product_cat?post=114245"},{"taxonomy":"product_tag","embeddable":true,"href":"https:\/\/munster-records.com\/en\/wp-json\/wp\/v2\/product_tag?post=114245"}],"curies":[{"name":"wp","href":"https:\/\/api.w.org\/{rel}","templated":true}]}}