{"id":114281,"date":"2025-04-15T09:20:41","date_gmt":"2025-04-15T09:20:41","guid":{"rendered":"https:\/\/munster-records.com\/?post_type=product&#038;p=114281"},"modified":"2025-04-15T09:40:21","modified_gmt":"2025-04-15T09:40:21","slug":"dame-cafe","status":"publish","type":"product","link":"https:\/\/munster-records.com\/en\/producto\/dame-cafe\/","title":{"rendered":"Dame Caf\u00e9"},"content":{"rendered":"<p>La vibrante escena musical de los a\u00f1os 60 en Colombia debe mucho a un grupo de vers\u00e1tiles acordeonistas que fusionaron g\u00e9neros como la cumbia, charanga, guaracha, vallenato y otros ritmos influenciados por la m\u00fasica cubana. Este grupo incluy\u00f3 figuras destacadas como Andr\u00e9s Landero, An\u00edbal Vel\u00e1squez, Lisandro Meza y Alfredo Guti\u00e9rrez, entre otros.<\/p>\n<p>Un ejemplo destacado de su eclecticismo musical es el \u00e1lbum \u201cDame caf\u00e9\u201d, lanzado en noviembre de 1965, que presenta una mezcla de ritmos tradicionales como el vallenato y la cumbia, junto con otros m\u00e1s experimentales. El \u00e1lbum incluye seis sencillos publicados con anterioridad, compuestos por Jos\u00e9 Castro, Policarpo Calle y otros. Este disco resalta la estrategia comercial de Discos Fuentes, que sol\u00eda crear bandas de estudio ef\u00edmeras para satisfacer la demanda de m\u00fasica tropical de la \u00e9poca.<\/p>\n<p>Los Gavilanes de la Costa, la banda detr\u00e1s de \u201cDame caf\u00e9\u201d, tuvo una existencia breve pero dej\u00f3 una huella duradera, especialmente en la escena sonidera de M\u00e9xico. La creaci\u00f3n del grupo fue impulsada por la alta demanda de m\u00fasica tropical en los a\u00f1os 60, con muchos m\u00fasicos adapt\u00e1ndose a las tendencias del mercado. La mayor\u00eda de los miembros, incluidos los compositores Campillo y Castro, desaparecieron de la escena, mientras que otros, como Calle y Zambrano, continuaron con carreras notables en la m\u00fasica. Calle, en particular, se convirti\u00f3 en una leyenda de la cumbia, estableci\u00e9ndose m\u00e1s tarde en Ciudad de M\u00e9xico.<\/p>\n<p>El \u00e1lbum \u201cDame caf\u00e9\u201d ha ganado un estatus de culto debido a su rareza y la intriga en torno a su origen. El disco incluye una destacada colaboraci\u00f3n del legendario m\u00fasico de jazz colombiano Justo Almario, quien, con solo 16 a\u00f1os, toc\u00f3 el saxof\u00f3n tenor en la canci\u00f3n \u2018Pues no da pa\u2019 m\u00e1s\u2019. Con el paso de los a\u00f1os, las ediciones piratas y las esquivas copias originales lo han convertido en un t\u00edtulo muy buscado por los coleccionistas. El sonido vibrante del \u00e1lbum, que combina melod\u00edas de acorde\u00f3n, bajos profundos y ritmos vibrantes de guacharaca, sigue resonando en la escena de la m\u00fasica tropical.<\/p>\n","protected":false},"excerpt":{"rendered":"<p><strong><b>\u201cDame caf\u00e9\u201d, lanzado originalmente por Discos Fuentes en 1965 para satisfacer la demanda de m\u00fasica tropical de la \u00e9poca, presenta una mezcla de ritmos tradicionales como el vallenato y la cumbia, junto con otros m\u00e1s experimentales.<\/b><\/strong><\/p>\n<p><strong><b>Los Gavilanes de la Costa, la banda detr\u00e1s de este \u00e1lbum, tuvo una existencia ef\u00edmera pero dej\u00f3 una huella duradera, especialmente en la escena sonidera de M\u00e9xico.<\/b><\/strong><\/p>\n<p><strong><b>A lo largo de los a\u00f1os, las ediciones piratas y las esquivas copias originales lo han convertido en un t\u00edtulo muy codiciado por los coleccionistas. El sonido vibrante del \u00e1lbum, que combina melod\u00edas de acorde\u00f3n, bajos profundos y ritmos vibrantes de guacharaca, sigue resonando en la escena de la m\u00fasica tropical.<\/b><\/strong><\/p>\n","protected":false},"featured_media":114282,"template":"","meta":{"_acf_changed":false},"product_brand":[],"product_cat":[79,70,59],"product_tag":[],"class_list":{"0":"post-114281","1":"product","2":"type-product","3":"status-publish","4":"has-post-thumbnail","6":"product_cat-colombia","7":"product_cat-cumbia","8":"product_cat-latin","9":"product_shipping_class-lp-en","10":"pa_formato-lp","12":"first","13":"instock","14":"taxable","15":"shipping-taxable","16":"purchasable","17":"product-type-simple"},"acf":[],"_links":{"self":[{"href":"https:\/\/munster-records.com\/en\/wp-json\/wp\/v2\/product\/114281","targetHints":{"allow":["GET"]}}],"collection":[{"href":"https:\/\/munster-records.com\/en\/wp-json\/wp\/v2\/product"}],"about":[{"href":"https:\/\/munster-records.com\/en\/wp-json\/wp\/v2\/types\/product"}],"wp:featuredmedia":[{"embeddable":true,"href":"https:\/\/munster-records.com\/en\/wp-json\/wp\/v2\/media\/114282"}],"wp:attachment":[{"href":"https:\/\/munster-records.com\/en\/wp-json\/wp\/v2\/media?parent=114281"}],"wp:term":[{"taxonomy":"product_brand","embeddable":true,"href":"https:\/\/munster-records.com\/en\/wp-json\/wp\/v2\/product_brand?post=114281"},{"taxonomy":"product_cat","embeddable":true,"href":"https:\/\/munster-records.com\/en\/wp-json\/wp\/v2\/product_cat?post=114281"},{"taxonomy":"product_tag","embeddable":true,"href":"https:\/\/munster-records.com\/en\/wp-json\/wp\/v2\/product_tag?post=114281"}],"curies":[{"name":"wp","href":"https:\/\/api.w.org\/{rel}","templated":true}]}}