{"id":114323,"date":"2025-04-15T12:02:13","date_gmt":"2025-04-15T12:02:13","guid":{"rendered":"https:\/\/munster-records.com\/?post_type=product&#038;p=114323"},"modified":"2026-02-09T11:56:29","modified_gmt":"2026-02-09T11:56:29","slug":"cuban-soul-18-kilates","status":"publish","type":"product","link":"https:\/\/munster-records.com\/en\/producto\/cuban-soul-18-kilates\/","title":{"rendered":"CUBAN SOUL &#8211; 18 KILATES"},"content":{"rendered":"<p>AUDIO: <a href=\"https:\/\/www.youtube.com\/watch?v=SEYtGpsN9Dw\" rel=\"nofollow ugc\">www.youtube.com\/watch?v=SEYtGpsN9Dw<\/a><\/p>\n<p>&#8220;Cuban Soul-18 Kilates&#8221; es el tercer \u00e1lbum de estudio de Cassiano, publicado en 1976, y se considera un hito en la m\u00fasica soul brasile\u00f1a. Influenciado por artistas como Otis Redding, Eddie Kendricks, Stevie Wonder y otros, combina ritmos brasile\u00f1os con elementos del soul cl\u00e1sico estadounidense, creando una fusi\u00f3n \u00fanica.<\/p>\n<p>El \u00e1lbum cuenta con 9 temas, siendo \u2018A Lua e Eu\u2019 el que logr\u00f3 un gran \u00e9xito comercial y la canci\u00f3n principal de la telenovela \u201cO Grito\u201d. El estilo vocal suave pero lleno de intensidad de Cassiano, junto con los arreglos grandiosos del \u00e1lbum, que recuerdan el sonido de Tim Maia, le dan una sensaci\u00f3n rica y profunda. La canci\u00f3n m\u00e1s destacada, \u2018Onda\u2019, es un himno relajante que evoca el ambiente playero, con su cautivadora l\u00ednea de bajo, una percusi\u00f3n sutil y los sonidos de fondo de mar y gaviotas, que se convierte en la banda sonora perfecta para momentos de relajaci\u00f3n. Esta canci\u00f3n, junto con los otros temas del \u00e1lbum, muestra la maestr\u00eda de Cassiano en el soul brasile\u00f1o, haciendo de \u201cCuban Soul-18 Kilates\u201d un disco definitivo y muy apreciado dentro del g\u00e9nero.<\/p>\n<p>Este \u00e1lbum ha alcanzado un estatus de culto a lo largo de los a\u00f1os, asegurando su lugar como uno de los discos brasile\u00f1os m\u00e1s buscados de todos los tiempos. Incre\u00edblemente raro y caro, se encuentra en lo m\u00e1s alto de la lista de deseos de todo coleccionista de discos brasile\u00f1os que se precie. Despu\u00e9s muchos a\u00f1os sin estar disponible fuera de Brasil, ahora es finalmente reeditado. No pierdas la oportunidad de tener esta importante pieza de la historia de la m\u00fasica brasile\u00f1a.<\/p>\n","protected":false},"excerpt":{"rendered":"<p><strong><b>&#8220;Cuban Soul-18 Kilates&#8221; es el tercer \u00e1lbum de estudio de Cassiano, publicado en 1976, y se considera un hito en la m\u00fasica soul brasile\u00f1a. Combina ritmos brasile\u00f1os con elementos del soul cl\u00e1sico estadounidense, creando una fusi\u00f3n \u00fanica.<\/b><\/strong><\/p>\n<p><strong><b>El estilo vocal suave y lleno de alma de Cassiano, junto con los arreglos grandiosos del \u00e1lbum, que recuerdan el sonido de Tim Maia, le dan una sensaci\u00f3n rica y profunda.<\/b><\/strong><\/p>\n<p><strong><b>La canci\u00f3n m\u00e1s destacada, \u2018Onda\u2019 es un himno relajante que evoca aires playeros y se ha convertido en un tema favorito entre DJs, adem\u00e1s de ser incluido en diversos recopilatorios.<\/b><\/strong><\/p>\n<p><strong><b>&#8220;Cuban Soul-18 Kilates&#8221; ha alcanzado un estatus de culto a lo largo de los a\u00f1os, asegurando su lugar como uno de los discos brasile\u00f1os m\u00e1s codiciados de todos los tiempos. Remasterizado de las cintas originales y prensado en vinilo de 180gr. Este lanzamiento forma parte de una nueva serie de reediciones que incluye muchos otros discos cl\u00e1sicos brasile\u00f1os buscad\u00edsimos como Evinha \u201cCart\u00e3o Postal\u201d o Gerson King Combo.<\/b><\/strong><\/p>\n","protected":false},"featured_media":114324,"template":"","meta":{"_acf_changed":false},"product_brand":[],"product_cat":[50,130,46],"product_tag":[],"class_list":{"0":"post-114323","1":"product","2":"type-product","3":"status-publish","4":"has-post-thumbnail","6":"product_cat-brasil","7":"product_cat-funk","8":"product_cat-jazz","9":"product_shipping_class-lp-2","10":"pa_formato-lp","12":"first","13":"outofstock","14":"taxable","15":"shipping-taxable","16":"purchasable","17":"product-type-simple"},"acf":[],"_links":{"self":[{"href":"https:\/\/munster-records.com\/en\/wp-json\/wp\/v2\/product\/114323","targetHints":{"allow":["GET"]}}],"collection":[{"href":"https:\/\/munster-records.com\/en\/wp-json\/wp\/v2\/product"}],"about":[{"href":"https:\/\/munster-records.com\/en\/wp-json\/wp\/v2\/types\/product"}],"wp:featuredmedia":[{"embeddable":true,"href":"https:\/\/munster-records.com\/en\/wp-json\/wp\/v2\/media\/114324"}],"wp:attachment":[{"href":"https:\/\/munster-records.com\/en\/wp-json\/wp\/v2\/media?parent=114323"}],"wp:term":[{"taxonomy":"product_brand","embeddable":true,"href":"https:\/\/munster-records.com\/en\/wp-json\/wp\/v2\/product_brand?post=114323"},{"taxonomy":"product_cat","embeddable":true,"href":"https:\/\/munster-records.com\/en\/wp-json\/wp\/v2\/product_cat?post=114323"},{"taxonomy":"product_tag","embeddable":true,"href":"https:\/\/munster-records.com\/en\/wp-json\/wp\/v2\/product_tag?post=114323"}],"curies":[{"name":"wp","href":"https:\/\/api.w.org\/{rel}","templated":true}]}}