{"id":114330,"date":"2025-04-15T12:50:18","date_gmt":"2025-04-15T12:50:18","guid":{"rendered":"https:\/\/munster-records.com\/?post_type=product&#038;p=114330"},"modified":"2025-04-15T12:55:18","modified_gmt":"2025-04-15T12:55:18","slug":"na-rua-na-chuva-na-fazenda","status":"publish","type":"product","link":"https:\/\/munster-records.com\/en\/producto\/na-rua-na-chuva-na-fazenda\/","title":{"rendered":"NA RUA, NA CHUVA, NA FAZENDA"},"content":{"rendered":"<p><a href=\"https:\/\/www.youtube.com\/watch?v=dPk63xqn7Z0\" rel=\"nofollow ugc\">www.youtube.com\/watch?v=dPk63xqn7Z0<\/a><\/p>\n<p>&#8220;Na Rua, na Chuva, na Fazenda&#8221; es un \u00e1lbum emblem\u00e1tico de 1975 de Hyldon, una figura clave en la m\u00fasica soul brasile\u00f1a. Su debut fue uno de los discos m\u00e1s vendidos de ese a\u00f1o, capturando el vibrante esp\u00edritu musical de los a\u00f1os 70 y reflejando la influencia del movimiento Black Power junto a artistas como Tim Maia y Cassiano. Con una mezcla de MPB, soul y funk, Hyldon dio vida a su sonido \u00fanico, colaborando con artistas influyentes y contribuyendo a la escena musical brasile\u00f1a.<\/p>\n<p>El \u00e1lbum, que incluye la ic\u00f3nica canci\u00f3n que le da t\u00edtulo, es una celebraci\u00f3n del amor con canciones atemporales como \u2018As Dores do Mundo\u2019, \u2018Na Sombra de uma \u00c1rvore\u2019 y \u2018Meu Patu\u00e1\u2019. Producido por Guti Carvalho con arreglos de Hyldon y Waldir Arouca Barros, la banda de estudio inclu\u00eda a los talentosos m\u00fasicos de Azymuth (Jos\u00e9 Roberto Bertrami, Alex Malheiros e Ivan Conti \u201cMam\u00e3o\u201d), lo que lo convierte en una pieza memorable de la historia musical brasile\u00f1a.<\/p>\n<p>Este \u00e1lbum ha alcanzado un estatus de culto a lo largo de los a\u00f1os, asegurando su lugar como uno de los discos brasile\u00f1os m\u00e1s codiciados de todos los tiempos. Incre\u00edblemente raro y caro, se encuentra en lo m\u00e1s alto de la lista de deseos de todo coleccionista de discos brasile\u00f1os que se precie. Despu\u00e9s muchos a\u00f1os sin estar disponible fuera de Brasil, ahora es finalmente reeditado. No pierdas la oportunidad de tener esta importante pieza de la historia de la m\u00fasica brasile\u00f1a.<\/p>\n","protected":false},"excerpt":{"rendered":"<p><strong><b>&#8220;Na Rua, na Chuva, na Fazenda&#8221; es un \u00e1lbum emblem\u00e1tico de 1975 de Hyldon, una figura clave en la m\u00fasica soul brasile\u00f1a. El \u00e1lbum captura el vibrante esp\u00edritu musical de los a\u00f1os 70 y reflejando la influencia del movimiento Black Power.<\/b><\/strong><\/p>\n<p><strong><b>Con una mezcla de MPB, soul y funk, Hyldon dio vida a su sonido \u00fanico, colaborando con artistas influyentes como Azymuth.<\/b><\/strong><\/p>\n<p><strong><b>Este \u00e1lbum ha alcanzado un estatus de culto a lo largo de los a\u00f1os, asegurando su lugar como uno de los discos brasile\u00f1os m\u00e1s codiciados de todos los tiempos. Remasterizado de las cintas originales y prensado en vinilo de 180gr. Este lanzamiento forma parte de una nueva serie de reediciones que incluye muchos otros discos cl\u00e1sicos brasile\u00f1os buscad\u00edsimos como Evinha \u201cCart\u00e3o Postal\u201d o Gerson King Combo.<\/b><\/strong><\/p>\n","protected":false},"featured_media":114331,"template":"","meta":{"_acf_changed":false},"product_brand":[],"product_cat":[50,130,104],"product_tag":[],"class_list":{"0":"post-114330","1":"product","2":"type-product","3":"status-publish","4":"has-post-thumbnail","6":"product_cat-brasil","7":"product_cat-funk","8":"product_cat-jazz-3","9":"product_shipping_class-lp-en","10":"pa_formato-lp","12":"first","13":"instock","14":"taxable","15":"shipping-taxable","16":"purchasable","17":"product-type-simple"},"acf":[],"_links":{"self":[{"href":"https:\/\/munster-records.com\/en\/wp-json\/wp\/v2\/product\/114330","targetHints":{"allow":["GET"]}}],"collection":[{"href":"https:\/\/munster-records.com\/en\/wp-json\/wp\/v2\/product"}],"about":[{"href":"https:\/\/munster-records.com\/en\/wp-json\/wp\/v2\/types\/product"}],"wp:featuredmedia":[{"embeddable":true,"href":"https:\/\/munster-records.com\/en\/wp-json\/wp\/v2\/media\/114331"}],"wp:attachment":[{"href":"https:\/\/munster-records.com\/en\/wp-json\/wp\/v2\/media?parent=114330"}],"wp:term":[{"taxonomy":"product_brand","embeddable":true,"href":"https:\/\/munster-records.com\/en\/wp-json\/wp\/v2\/product_brand?post=114330"},{"taxonomy":"product_cat","embeddable":true,"href":"https:\/\/munster-records.com\/en\/wp-json\/wp\/v2\/product_cat?post=114330"},{"taxonomy":"product_tag","embeddable":true,"href":"https:\/\/munster-records.com\/en\/wp-json\/wp\/v2\/product_tag?post=114330"}],"curies":[{"name":"wp","href":"https:\/\/api.w.org\/{rel}","templated":true}]}}