{"id":114335,"date":"2025-04-15T13:41:56","date_gmt":"2025-04-15T13:41:56","guid":{"rendered":"https:\/\/munster-records.com\/?post_type=product&#038;p=114335"},"modified":"2025-07-01T07:32:16","modified_gmt":"2025-07-01T07:32:16","slug":"acto-fundacional","status":"publish","type":"product","link":"https:\/\/munster-records.com\/en\/producto\/acto-fundacional\/","title":{"rendered":"Acto Fundacional"},"content":{"rendered":"<p>Siniestro Total fueron una banda punk de Vigo que se formaron en 1981. Su \u00e1lbum debut \u201c\u00bfCu\u00e1ndo se come aqu\u00ed?\u201d (DRO 1982) est\u00e1 considerado uno de los mejores discos espa\u00f1oles de su \u00e9poca. El \u00e9xito comercial acompa\u00f1\u00f3 al grupo durante m\u00e1s de una d\u00e9cada, hasta mediados-fines de los 90, cuando se comenz\u00f3 a desvanecer la popularidad de las bandas de la \u2018movida madrile\u00f1a\u2019 y de otras escenas similares aparecidas en diferentes partes de Espa\u00f1a.<\/p>\n<p>Aunque Juli\u00e1n Hern\u00e1ndez permanecer\u00eda siempre al frente de Siniestro Total, el resto de los miembros de la formaci\u00f3n original pasar\u00eda a formar parte posteriormente de otros proyectos musicales tan conocidos como Golpes Bajos, Os Resentidos y Aerol\u00edneas Federales.<\/p>\n<p>Muchas de sus mejores\u00a0y m\u00e1s conocidas\u00a0canciones,\u00a0que adem\u00e1s reflejan perfectamente la esencia punk y divertida de la banda, fueron escritas y grabadas durante los primeros tiempos de Siniestro Total.<\/p>\n<p>Ahora estamos encantados de desenterrar la grabaci\u00f3n del primer\u00edsimo concierto de la banda. Tuvo lugar en el Cine Salesianos de Vigo en diciembre de 1981, como parte del festival Nadal Rock, frente a un escaso pero animado p\u00fablico. Cuatro de las canciones tocadas esa noche nunca formaron parte de sus discos: la intro instrumental, \u2018Bomba at\u00f3mica en Policarpo Sanz\u2019 \u2014versi\u00f3n de \u2018A-Bomb on Wardour St.\u2019de the Jam\u2014, \u2018Isla Tropical\u2019 y \u2018\u00a1Un, dos!\u2019 \u2014versi\u00f3n de \u2018Little Bitch\u2019 de the Specials. Pero la gran revelaci\u00f3n de la noche fue quiz\u00e1 descubrir a un Germ\u00e1n Coppini con un vozarr\u00f3n de una potencia ins\u00f3lita y una actitud sarc\u00e1stica y cruel\u00a0sobre el escenario, un talentoso <em><i>frontman<\/i><\/em>\u00a0muy diferente al que conoc\u00edan de los ensayos.<\/p>\n<p>Justo al final del concierto pidieron que la banda tocara de nuevo \u2018Ayatolah!\u2019 y, aunque no les entusiasmaba la idea, aceptaron hacerlo a modo de agradecimiento hacia el escaso p\u00fablico, formado principalmente de amigos. En ese mismo instante tuvieron tambi\u00e9n la certeza de tener una canci\u00f3n que servir\u00eda de mascar\u00f3n de proa a Siniestro Total a partir de esa noche.<\/p>\n","protected":false},"excerpt":{"rendered":"<p><strong><b>Siniestro Total fueron una banda punk de Vigo que se formaron en 1981. Su \u00e1lbum debut \u201c\u00bfCu\u00e1ndo se come aqu\u00ed?\u201d (DRO 1982) est\u00e1 considerado uno de los mejores discos espa\u00f1oles de su \u00e9poca. <\/b><\/strong><\/p>\n<p><strong><b>\u201cActo Fundacional\u201d es la grabaci\u00f3n de su primer concierto, en diciembre de 1981. Incluye canciones originales y versiones que formar\u00edan parte del repertorio en directo de la banda en sus primeros a\u00f1os. Cuatro canciones que tocaron esa noche nunca se incluyeron en sus LPs.<\/b><\/strong><\/p>\n","protected":false},"featured_media":114336,"template":"","meta":{"_acf_changed":false},"product_brand":[],"product_cat":[54],"product_tag":[],"class_list":{"0":"post-114335","1":"product","2":"type-product","3":"status-publish","4":"has-post-thumbnail","6":"product_cat-punk","7":"product_shipping_class-lp-en","8":"pa_formato-lp","10":"first","11":"outofstock","12":"taxable","13":"shipping-taxable","14":"purchasable","15":"product-type-simple"},"acf":[],"_links":{"self":[{"href":"https:\/\/munster-records.com\/en\/wp-json\/wp\/v2\/product\/114335","targetHints":{"allow":["GET"]}}],"collection":[{"href":"https:\/\/munster-records.com\/en\/wp-json\/wp\/v2\/product"}],"about":[{"href":"https:\/\/munster-records.com\/en\/wp-json\/wp\/v2\/types\/product"}],"wp:featuredmedia":[{"embeddable":true,"href":"https:\/\/munster-records.com\/en\/wp-json\/wp\/v2\/media\/114336"}],"wp:attachment":[{"href":"https:\/\/munster-records.com\/en\/wp-json\/wp\/v2\/media?parent=114335"}],"wp:term":[{"taxonomy":"product_brand","embeddable":true,"href":"https:\/\/munster-records.com\/en\/wp-json\/wp\/v2\/product_brand?post=114335"},{"taxonomy":"product_cat","embeddable":true,"href":"https:\/\/munster-records.com\/en\/wp-json\/wp\/v2\/product_cat?post=114335"},{"taxonomy":"product_tag","embeddable":true,"href":"https:\/\/munster-records.com\/en\/wp-json\/wp\/v2\/product_tag?post=114335"}],"curies":[{"name":"wp","href":"https:\/\/api.w.org\/{rel}","templated":true}]}}