{"id":114515,"date":"2025-05-09T06:41:33","date_gmt":"2025-05-09T06:41:33","guid":{"rendered":"https:\/\/munster-records.com\/?post_type=product&#038;p=114515"},"modified":"2025-05-09T06:47:54","modified_gmt":"2025-05-09T06:47:54","slug":"marcos-valle-3","status":"publish","type":"product","link":"https:\/\/munster-records.com\/en\/producto\/marcos-valle-3\/","title":{"rendered":"Marcos Valle"},"content":{"rendered":"<p>Marcos Valle es uno de esos artistas que no puedes obviar si te interesa m\u00ednimamente la m\u00fasica brasile\u00f1a. Tanto si tu gusto se orienta hacia la bossa jazz, la samba, el folk psicod\u00e9lico o el soul moderno, seguro que Valle ha grabado un gran disco para ti.\u00a0A finales de los 60 ya hab\u00eda publicado suficientes discos de calidad como para asegurarse un puesto entre los artistas brasile\u00f1os m\u00e1s grandes de todos los tiempos, pero por suerte su carrera no se detuvo ah\u00ed y ha continuado grabando discos fabulosos a lo largo de las d\u00e9cadas siguientes, hasta la actualidad.<\/p>\n<p>A comienzos de la d\u00e9cada de los 70, el talentoso Valle entraba en un nuevo per\u00edodo creativo, listo para poner a prueba a la censura gubernamental (Brasil se encontraba bajo una estricta dictadura militar desde el golpe de 1964) y expresar una posici\u00f3n de conciencia social y una divertida mezcla de estilos musicales, incluyendo samba, bossa nova, bai\u00e3o (un ritmo rural del nordeste de Brazil), m\u00fasica afro-americana y rock.<\/p>\n<p>\u201cMarcos Valle\u201d se public\u00f3 en 1970 y cuenta con el acompa\u00f1amiento de\u00a0algunos de los m\u00fasicos m\u00e1s talentosos de Brasil. Los fans del hip hop seguramente reconocer\u00e1n los vientos del comienzo de \u2018Ele E Ela\u2019, sampleado con grandes resultados en el \u2018Thank You\u2019 de Jay-Z.<\/p>\n<p>Incluye algunas de sus canciones m\u00e1s conocidas como \u2018Freio Aerodinamico\u2019 y \u2018Os Grilos\u2019, oscilando entre la sofisticaci\u00f3n y el <em><i>groove<\/i><\/em>\u2026<\/p>\n","protected":false},"excerpt":{"rendered":"<p><strong><b>Marcos Valle es uno de esos artistas que no puedes obviar si te interesa m\u00ednimamente la m\u00fasica brasile\u00f1a. Tanto si tu gusto se orienta hacia la bossa jazz, la samba, el folk psicod\u00e9lico o el soul moderno, seguro que Valle ha grabado un gran disco para ti.<\/b><\/strong><\/p>\n<p><strong><b>Su buscad\u00edsimo y soberbio \u00e1lbum hom\u00f3nimo de 1970 incluye \u2018Ele E Ela\u2019, sampleada en el \u00e9xito de Jay-Z \u2018Thank You\u2019, as\u00ed como algunas de sus canciones m\u00e1s conocidas como \u2018Freio Aerodinamico\u2019 y \u2018Os Grilos\u2019, oscilando entre la sofisticaci\u00f3n y el groove\u2026<\/b><\/strong><\/p>\n<p><strong><b>Remasterizado de las cintas originales y prensado en vinilo de 180gr. Este lanzamiento forma parte de una nueva serie de reediciones que incluye muchos otros discos cl\u00e1sicos brasile\u00f1os buscad\u00edsimos de artistas como Evinha, Cassiano, Gerson King Combo, Hyldon&#8230;<\/b><\/strong><\/p>\n<p>AUDIO: <a href=\"https:\/\/www.youtube.com\/watch?v=h5Sa55rMrxQ\" rel=\"nofollow ugc\">www.youtube.com\/watch?v=h5Sa55rMrxQ<\/a><\/p>\n","protected":false},"featured_media":114516,"template":"","meta":{"_acf_changed":false},"product_brand":[],"product_cat":[50],"product_tag":[],"class_list":{"0":"post-114515","1":"product","2":"type-product","3":"status-publish","4":"has-post-thumbnail","6":"product_cat-brasil","7":"product_shipping_class-lp-en","8":"pa_formato-lp","10":"first","11":"instock","12":"taxable","13":"shipping-taxable","14":"purchasable","15":"product-type-simple"},"acf":[],"_links":{"self":[{"href":"https:\/\/munster-records.com\/en\/wp-json\/wp\/v2\/product\/114515","targetHints":{"allow":["GET"]}}],"collection":[{"href":"https:\/\/munster-records.com\/en\/wp-json\/wp\/v2\/product"}],"about":[{"href":"https:\/\/munster-records.com\/en\/wp-json\/wp\/v2\/types\/product"}],"wp:featuredmedia":[{"embeddable":true,"href":"https:\/\/munster-records.com\/en\/wp-json\/wp\/v2\/media\/114516"}],"wp:attachment":[{"href":"https:\/\/munster-records.com\/en\/wp-json\/wp\/v2\/media?parent=114515"}],"wp:term":[{"taxonomy":"product_brand","embeddable":true,"href":"https:\/\/munster-records.com\/en\/wp-json\/wp\/v2\/product_brand?post=114515"},{"taxonomy":"product_cat","embeddable":true,"href":"https:\/\/munster-records.com\/en\/wp-json\/wp\/v2\/product_cat?post=114515"},{"taxonomy":"product_tag","embeddable":true,"href":"https:\/\/munster-records.com\/en\/wp-json\/wp\/v2\/product_tag?post=114515"}],"curies":[{"name":"wp","href":"https:\/\/api.w.org\/{rel}","templated":true}]}}