{"id":114522,"date":"2025-05-09T06:52:22","date_gmt":"2025-05-09T06:52:22","guid":{"rendered":"https:\/\/munster-records.com\/?post_type=product&#038;p=114522"},"modified":"2025-05-09T06:53:01","modified_gmt":"2025-05-09T06:53:01","slug":"garra","status":"publish","type":"product","link":"https:\/\/munster-records.com\/en\/producto\/garra\/","title":{"rendered":"Garra"},"content":{"rendered":"<p>Marcos Valle es uno de esos artistas que no puedes obviar si te interesa m\u00ednimamente la m\u00fasica brasile\u00f1a. Tanto si tu gusto se orienta hacia la bossa jazz, la samba, el folk psicod\u00e9lico o el soul moderno, seguro que Valle ha grabado un gran disco para ti. A finales de los 60 ya hab\u00eda publicado suficientes discos de calidad como para asegurarse un puesto entre los artistas brasile\u00f1os m\u00e1s grandes de todos los tiempos, pero por suerte su carrera no se detuvo ah\u00ed y ha continuado grabando discos fabulosos a lo largo de las d\u00e9cadas siguientes, hasta la actualidad.<\/p>\n<p>A comienzos de la d\u00e9cada de los 70, el talentoso Valle entraba en un nuevo per\u00edodo creativo, listo para poner a prueba a la censura gubernamental (Brasil se encontraba bajo una estricta dictadura militar desde el golpe de 1964) y expresar una posici\u00f3n de conciencia social y una divertida mezcla de estilos musicales, incluyendo samba, bossa nova, bai\u00e3o (un ritmo rural del nordeste de Brazil), m\u00fasica afro-americana y rock.<\/p>\n<p>\u201cGarra\u201d se public\u00f3 originalmente en 1971 y sigue en la l\u00ednea del compromiso social y de fusi\u00f3n de diversos tipos de m\u00fasica. Se grab\u00f3 en medio de una serie de grabaciones para bandas sonoras de telenovelas populares, y nos trajo lo que m\u00e1s tarde se convertir\u00edan en grandes cl\u00e1sicos de Valle como \u2018Com Mais De 30\u2019, \u2018O Cafona\u2019, \u2018Vinte E Seis Anos De Vida Normal\u2019 y el <em><i>rare groove<\/i><\/em>\u00a0\u2018Wanda Vidal\u2019.<\/p>\n","protected":false},"excerpt":{"rendered":"<p><strong><b>Marcos Valle es uno de esos artistas que no puedes obviar si te interesa m\u00ednimamente la m\u00fasica brasile\u00f1a. Tanto si tu gusto se orienta hacia la bossa jazz, la samba, el folk psicod\u00e9lico o el soul moderno, seguro que Valle ha grabado un gran disco para ti.<\/b><\/strong><\/p>\n<p><strong><b>\u201cGarra\u201d se public\u00f3 originalmente en 1971 y nos trajo lo que m\u00e1s tarde se convertir\u00edan en grandes cl\u00e1sicos de Valle como \u2018Com Mais De 30\u2019, \u2018O Cafona\u2019, \u2018Vinte E Seis Anos De Vida Normal\u2019 y el <\/b><\/strong><strong><em><b><i>rare groove<\/i><\/b><\/em><\/strong><strong><b>\u00a0\u2018Wanda Vidal\u2019.<\/b><\/strong><\/p>\n<p><strong><b>Remasterizado de las cintas originales y prensado en vinilo de 180gr. Este lanzamiento forma parte de una nueva serie de reediciones que incluye muchos otros discos cl\u00e1sicos brasile\u00f1os buscad\u00edsimos de artistas como Evinha, Cassiano, Gerson King Combo, Hyldon&#8230;<\/b><\/strong><\/p>\n<p><a href=\"https:\/\/www.youtube.com\/watch?v=3g4l8-fYzdw&amp;list=OLAK5uy_naT5OCjl1A2i6yqbY3B47aXvfp9V5TE4E\" rel=\"nofollow ugc\">AUDIO: www.youtube.com\/watch?v=3g4l8-fYzdw&amp;list=OLAK5uy_naT5OCjl1A2i6yqbY3B47aXvfp9V5TE4E<\/a><\/p>\n","protected":false},"featured_media":114523,"template":"","meta":{"_acf_changed":false},"product_brand":[],"product_cat":[50],"product_tag":[],"class_list":{"0":"post-114522","1":"product","2":"type-product","3":"status-publish","4":"has-post-thumbnail","6":"product_cat-brasil","7":"product_shipping_class-lp-2","8":"pa_formato-lp","10":"first","11":"instock","12":"taxable","13":"shipping-taxable","14":"purchasable","15":"product-type-simple"},"acf":[],"_links":{"self":[{"href":"https:\/\/munster-records.com\/en\/wp-json\/wp\/v2\/product\/114522","targetHints":{"allow":["GET"]}}],"collection":[{"href":"https:\/\/munster-records.com\/en\/wp-json\/wp\/v2\/product"}],"about":[{"href":"https:\/\/munster-records.com\/en\/wp-json\/wp\/v2\/types\/product"}],"wp:featuredmedia":[{"embeddable":true,"href":"https:\/\/munster-records.com\/en\/wp-json\/wp\/v2\/media\/114523"}],"wp:attachment":[{"href":"https:\/\/munster-records.com\/en\/wp-json\/wp\/v2\/media?parent=114522"}],"wp:term":[{"taxonomy":"product_brand","embeddable":true,"href":"https:\/\/munster-records.com\/en\/wp-json\/wp\/v2\/product_brand?post=114522"},{"taxonomy":"product_cat","embeddable":true,"href":"https:\/\/munster-records.com\/en\/wp-json\/wp\/v2\/product_cat?post=114522"},{"taxonomy":"product_tag","embeddable":true,"href":"https:\/\/munster-records.com\/en\/wp-json\/wp\/v2\/product_tag?post=114522"}],"curies":[{"name":"wp","href":"https:\/\/api.w.org\/{rel}","templated":true}]}}