{"id":114631,"date":"2025-05-22T08:34:48","date_gmt":"2025-05-22T08:34:48","guid":{"rendered":"https:\/\/munster-records.com\/?post_type=product&#038;p=114631"},"modified":"2025-08-01T08:41:17","modified_gmt":"2025-08-01T08:41:17","slug":"singles","status":"publish","type":"product","link":"https:\/\/munster-records.com\/en\/producto\/singles\/","title":{"rendered":"Singles"},"content":{"rendered":"<p>D\u00e9cima V\u00edctima fueron una banda espa\u00f1ola que, a lo largo de su corta carrera entre 1981 y 1984, desarrollaron un sonido muy personal con reminiscencias a Joy Division, The Cure y otros grupos brit\u00e1nicos de post-punk. Aunque no los acompa\u00f1\u00f3 el \u00e9xito comercial, en pocas ocasiones nos encontramos con bandas espa\u00f1olas que hayan alcanzado un nivel tan alto de calidad y coherencia en su m\u00fasica y en su personalidad.<\/p>\n<p>A pesar de solo estar activos durante menos de tres a\u00f1os, D\u00e9cima V\u00edctima dejaron un legado duradero y su influencia se puede percibir en otros grupos espa\u00f1oles como Family, Los Planetas y Sr. Chinarro.<\/p>\n<p>La historia de D\u00e9cima V\u00edctima comienza en 1981 con Carlos Entrena ensayando en el desv\u00e1n de la casa de los hermanos Lars y Per Mertanen en Madrid. Pocos meses despu\u00e9s realizaron su primera grabaci\u00f3n en un estudio, una maqueta registrada en 4 pistas. Al poco tiempo, con sus amigos de Esclarecidos, comenzaron el sello independiente Grabaciones Accidentales (GASA) y as\u00ed fueron capaces de sacar sus propios discos.<\/p>\n<p>El primer single sali\u00f3 en 1982, con Lars tocando la bater\u00eda. Pronto Esclarecidos les presentaron a Jose Brena y este se uni\u00f3 a D\u00e9cima V\u00edctima como bater\u00eda.<\/p>\n<p>Esta caja re\u00fane todos los singles publicados por la banda a lo largo de su carrera, entre 1982-1984, reeditados ahora por primera vez en su formato original. El arte gr\u00e1fico ha sido actualizado por los propios miembros de la banda y la caja incluye adem\u00e1s un libreto de 12 p\u00e1ginas. Edici\u00f3n limitada de 700 copias.<\/p>\n","protected":false},"excerpt":{"rendered":"<p><strong><b>D\u00e9cima V\u00edctima fueron una banda espa\u00f1ola que, a lo largo de su corta carrera desarrollaron un sonido muy personal con reminiscencias a Joy Division, The Cure y otros grupos brit\u00e1nicos de post-punk. Aunque no los acompa\u00f1\u00f3 el \u00e9xito comercial, en pocas ocasiones nos encontramos con bandas espa\u00f1olas que hayan alcanzado un nivel tan alto de calidad y coherencia en su m\u00fasica y en su personalidad.<\/b><\/strong><\/p>\n<p><strong><b>Esta caja re\u00fane todos los singles publicados por la banda a lo largo de su carrera, entre 1982-1984, reeditados ahora por primera vez en su formato original. El arte gr\u00e1fico ha sido actualizado por los propios miembros de la banda y la caja incluye adem\u00e1s un libreto de 12 p\u00e1ginas. Edici\u00f3n limitada de 700 copias.<\/b><\/strong><\/p>\n","protected":false},"featured_media":114632,"template":"","meta":{"_acf_changed":false},"product_brand":[],"product_cat":[119],"product_tag":[],"class_list":{"0":"post-114631","1":"product","2":"type-product","3":"status-publish","4":"has-post-thumbnail","6":"product_cat-post-punk","7":"product_shipping_class-box","8":"pa_formato-5x7-box-set","10":"first","11":"outofstock","12":"taxable","13":"shipping-taxable","14":"purchasable","15":"product-type-simple"},"acf":[],"_links":{"self":[{"href":"https:\/\/munster-records.com\/en\/wp-json\/wp\/v2\/product\/114631","targetHints":{"allow":["GET"]}}],"collection":[{"href":"https:\/\/munster-records.com\/en\/wp-json\/wp\/v2\/product"}],"about":[{"href":"https:\/\/munster-records.com\/en\/wp-json\/wp\/v2\/types\/product"}],"wp:featuredmedia":[{"embeddable":true,"href":"https:\/\/munster-records.com\/en\/wp-json\/wp\/v2\/media\/114632"}],"wp:attachment":[{"href":"https:\/\/munster-records.com\/en\/wp-json\/wp\/v2\/media?parent=114631"}],"wp:term":[{"taxonomy":"product_brand","embeddable":true,"href":"https:\/\/munster-records.com\/en\/wp-json\/wp\/v2\/product_brand?post=114631"},{"taxonomy":"product_cat","embeddable":true,"href":"https:\/\/munster-records.com\/en\/wp-json\/wp\/v2\/product_cat?post=114631"},{"taxonomy":"product_tag","embeddable":true,"href":"https:\/\/munster-records.com\/en\/wp-json\/wp\/v2\/product_tag?post=114631"}],"curies":[{"name":"wp","href":"https:\/\/api.w.org\/{rel}","templated":true}]}}