{"id":114686,"date":"2025-05-16T11:20:53","date_gmt":"2025-05-16T11:20:53","guid":{"rendered":"https:\/\/munster-records.com\/?post_type=product&#038;p=114686"},"modified":"2025-05-28T14:29:41","modified_gmt":"2025-05-28T14:29:41","slug":"gusano-macanico","status":"publish","type":"product","link":"https:\/\/munster-records.com\/en\/producto\/gusano-macanico\/","title":{"rendered":"Gusano Mec\u00e1nico"},"content":{"rendered":"<p>El 7 de octubre de 1974 se lanz\u00f3 el hist\u00f3rico &#8220;Gusano mec\u00e1nico&#8221;, el \u00fanico LP de la legendaria banda boliviana de rock Climax. Fundada en 1968 a partir de los restos de los disueltos Black Byrds y del proyecto no culminado The Turtles, Climax lo formaban el guitarrista Jos\u00e9 \u201cPepe\u201d Eguino y el bajista Javier Sald\u00edas, quienes crearon un fuerte v\u00ednculo con el bater\u00eda \u00c1lvaro C\u00f3rdova, cimentado por su pasi\u00f3n compartida por el rock. Juntos emprendieron un viaje de autodescubrimiento, pasando varios meses en Estados Unidos durante un per\u00edodo crucial entre el fin del <em><i>verano del amor<\/i><\/em>\u00a0y la antesala de Woodstock.<\/p>\n<p>Este per\u00edodo, quiz\u00e1s el m\u00e1s significativo del movimiento contracultural de los a\u00f1os 60, vio una explosi\u00f3n de expresi\u00f3n art\u00edstica impulsada por la insatisfacci\u00f3n con la sociedad que los j\u00f3venes heredaron de sus padres. En este contexto, la influencia de bandas ic\u00f3nicas como The Jimi Hendrix Experience, Cream, Blue Cheer y Emerson, Lake &amp; Palmer jug\u00f3 un papel fundamental en su decisi\u00f3n de regresar a Bolivia y formar el primer &#8220;power trio&#8221; del pa\u00eds. Sus primeros EPs rindieron homenaje a sus h\u00e9roes musicales.<\/p>\n<p>De manera literal, trajeron el rock psicod\u00e9lico y el prog rock a Bolivia, llevando nuevos discos experimentales de vinilo en su equipaje, en una \u00e9poca en la que el rock (y la m\u00fasica en general) ten\u00eda una exposici\u00f3n muy limitada debido a la escasez de recursos medi\u00e1ticos. Su proyecto musical reflejaba sus influencias y dejaba las primeras huellas de lo que m\u00e1s tarde se denominar\u00eda heavy rock, un g\u00e9nero que nunca alcanz\u00f3 gran popularidad en Bolivia.<\/p>\n<p>&#8220;Gusano mec\u00e1nico&#8221; supuso un gran salto respecto a sus grabaciones anteriores. Climax emprendi\u00f3 un viaje de prog rock, explorando temas como la p\u00e9rdida de la esencia personal y la reivindicaci\u00f3n de los pueblos ind\u00edgenas. Su discurso rebelde se opon\u00eda a la mecanizaci\u00f3n de la humanidad provocada por las d\u00e9cadas anteriores de explotaci\u00f3n industrial, en las cuales resist\u00edan ser absorbidos por el sistema. Se convirti\u00f3 en un hito del prog rock en Bolivia y en uno de los pocos \u00e1lbumes conceptuales producidos en el pa\u00eds.<\/p>\n<p>Con el tiempo, la m\u00fasica de Climax ha adquirido estatus de culto entre los fan\u00e1ticos del prog rock. Su \u00e1lbum se ha convertido en un objeto codiciado por los coleccionistas, altamente valorado por los amantes de la m\u00fasica en todo el mundo. Incluso fue incluido en la prestigiosa gu\u00eda 5001 Record Collector Dreams de Hans Pokora, recibiendo la calificaci\u00f3n m\u00e1s alta de rareza y siendo considerado una obra maestra musical. Solo dos \u00e1lbumes sudamericanos recibieron esta distinci\u00f3n.<\/p>\n","protected":false},"excerpt":{"rendered":"<p><strong><b>\u201cGusano mec\u00e1nico\u201d se ha convertido en un objeto codiciado por los coleccionistas, altamente valorado por los amantes de la m\u00fasica en todo el mundo. Ha sido incluido en la prestigiosa gu\u00eda de Hans Pokora, recibiendo la calificaci\u00f3n m\u00e1s alta de rareza y siendo aclamado como una obra maestra musical.<\/b><\/strong><\/p>\n<p><strong><b>Fue lanzado en 1974 por la legendaria banda boliviana de rock Climax y represent\u00f3 un gran salto respecto a sus primeras grabaciones, en las que rend\u00edan homenaje a sus h\u00e9roes musicales. Se convirti\u00f3 en un hito del prog rock en Bolivia y en uno de los pocos \u00e1lbumes conceptuales producidos en el pa\u00eds.<\/b><\/strong><\/p>\n<p><strong><b>\u201cGusano mec\u00e1nico\u201d explora temas como la p\u00e9rdida de la esencia personal y la reivindicaci\u00f3n de los pueblos ind\u00edgenas.<\/b><\/strong><\/p>\n","protected":false},"featured_media":114687,"template":"","meta":{"_acf_changed":false},"product_brand":[],"product_cat":[86,87,61],"product_tag":[],"class_list":{"0":"post-114686","1":"product","2":"type-product","3":"status-publish","4":"has-post-thumbnail","6":"product_cat-progresivo","7":"product_cat-psicodelia","8":"product_cat-rock","9":"product_shipping_class-lp-2","10":"pa_formato-lp","12":"first","13":"instock","14":"taxable","15":"shipping-taxable","16":"purchasable","17":"product-type-simple"},"acf":[],"_links":{"self":[{"href":"https:\/\/munster-records.com\/en\/wp-json\/wp\/v2\/product\/114686","targetHints":{"allow":["GET"]}}],"collection":[{"href":"https:\/\/munster-records.com\/en\/wp-json\/wp\/v2\/product"}],"about":[{"href":"https:\/\/munster-records.com\/en\/wp-json\/wp\/v2\/types\/product"}],"wp:featuredmedia":[{"embeddable":true,"href":"https:\/\/munster-records.com\/en\/wp-json\/wp\/v2\/media\/114687"}],"wp:attachment":[{"href":"https:\/\/munster-records.com\/en\/wp-json\/wp\/v2\/media?parent=114686"}],"wp:term":[{"taxonomy":"product_brand","embeddable":true,"href":"https:\/\/munster-records.com\/en\/wp-json\/wp\/v2\/product_brand?post=114686"},{"taxonomy":"product_cat","embeddable":true,"href":"https:\/\/munster-records.com\/en\/wp-json\/wp\/v2\/product_cat?post=114686"},{"taxonomy":"product_tag","embeddable":true,"href":"https:\/\/munster-records.com\/en\/wp-json\/wp\/v2\/product_tag?post=114686"}],"curies":[{"name":"wp","href":"https:\/\/api.w.org\/{rel}","templated":true}]}}