{"id":114707,"date":"2025-05-16T11:37:24","date_gmt":"2025-05-16T11:37:24","guid":{"rendered":"https:\/\/munster-records.com\/?post_type=product&#038;p=114707"},"modified":"2025-05-28T14:27:28","modified_gmt":"2025-05-28T14:27:28","slug":"east-of-underground","status":"publish","type":"product","link":"https:\/\/munster-records.com\/en\/producto\/east-of-underground\/","title":{"rendered":"EAST OF UNDERGROUND"},"content":{"rendered":"<p>A menudo, los discos m\u00e1s preciados por los coleccionistas encierran historias inesperadas. Cuando adem\u00e1s cuentan con una alt\u00edsima calidad musical y apenas existen copias originales disponibles, se convierten en santos griales del coleccionismo. Es el caso de este \u00e1lbum, grabado por militares norteamericanos destinados en Alemania a comienzos de los 70.<\/p>\n<p>En plena guerra de Vietnam, el ej\u00e9rcito de Estados Unidos organiz\u00f3 un concurso de bandas entre sus soldados. Los ganadores grabar\u00edan un disco promocional que ser\u00eda distribuido gratuitamente para fomentar el alistamiento en aquella \u00e9poca tan turbulenta. El resultado fue un doble LP compartido entre los grupos SOAP y East of Underground.<\/p>\n<p>Aunque el repertorio de East of Underground lo constituyen versiones de \u00e9xitos de soul y funk, su calidad es sorprendentemente alta: guitarras \u00e1speras, bater\u00edas demoledoras, armon\u00edas vocales brillantes\u2026 El resultado capta perfectamente el esp\u00edritu de la joven Am\u00e9rica a base de canciones firmadas por Sly Stone, Curtis Mayfield, Funkadelic o Burt Bacharach (v\u00eda Isaac Hayes, por supuesto). Soul y funk de alt\u00edsimo nivel a cargo de unos m\u00fasicos an\u00f3nimos cuyo destino final no ha podido ser confirmado. Cuando el sello Now Again trat\u00f3 de reconstruir la historia de East of Undergound, tan solo se logr\u00f3 contactar con uno de sus miembros tras bucear entre documentos en la Biblioteca de Nueva York y contar con la colaboraci\u00f3n del propio ej\u00e9rcito de Estados Unidos.<\/p>\n<p>Ahora nos alegra poder presentar de nuevo este maravilloso y buscad\u00edsimo disco, un sorprendente caso en donde las versiones rivalizan con las originales, creando una grabaci\u00f3n \u00fanica que justifica su enorme inter\u00e9s entre coleccionistas.<\/p>\n","protected":false},"excerpt":{"rendered":"<p><strong><b>Nos alegra poder presentar de nuevo este maravilloso y buscad\u00edsimo disco nacido de una acci\u00f3n promocional del ej\u00e9rcito norteamericano para fomentar el reclutamiento.<\/b><\/strong><\/p>\n<p><strong><b>La grabaci\u00f3n capta perfectamente el esp\u00edritu de la joven Am\u00e9rica a base de canciones firmadas por Sly Stone, Curtis Mayfield, Funkadelic o Burt Bacharach (v\u00eda Isaac Hayes, por supuesto). Soul y funk de alt\u00edsimo nivel a cargo de unos m\u00fasicos an\u00f3nimos brillantes.<\/b><\/strong><\/p>\n<p><strong><b>Pr\u00e1cticamente imposible de encontrar en su edici\u00f3n original, lo rescatamos ahora de nuevo gracias a una colaboraci\u00f3n con el sello Now Again. Vinilo de 180gr.<\/b><\/strong><\/p>\n","protected":false},"featured_media":114708,"template":"","meta":{"_acf_changed":false},"product_brand":[],"product_cat":[130,60],"product_tag":[],"class_list":{"0":"post-114707","1":"product","2":"type-product","3":"status-publish","4":"has-post-thumbnail","6":"product_cat-funk","7":"product_cat-soul","8":"product_shipping_class-lp-en","9":"pa_formato-lp","11":"first","12":"instock","13":"taxable","14":"shipping-taxable","15":"purchasable","16":"product-type-simple"},"acf":[],"_links":{"self":[{"href":"https:\/\/munster-records.com\/en\/wp-json\/wp\/v2\/product\/114707","targetHints":{"allow":["GET"]}}],"collection":[{"href":"https:\/\/munster-records.com\/en\/wp-json\/wp\/v2\/product"}],"about":[{"href":"https:\/\/munster-records.com\/en\/wp-json\/wp\/v2\/types\/product"}],"wp:featuredmedia":[{"embeddable":true,"href":"https:\/\/munster-records.com\/en\/wp-json\/wp\/v2\/media\/114708"}],"wp:attachment":[{"href":"https:\/\/munster-records.com\/en\/wp-json\/wp\/v2\/media?parent=114707"}],"wp:term":[{"taxonomy":"product_brand","embeddable":true,"href":"https:\/\/munster-records.com\/en\/wp-json\/wp\/v2\/product_brand?post=114707"},{"taxonomy":"product_cat","embeddable":true,"href":"https:\/\/munster-records.com\/en\/wp-json\/wp\/v2\/product_cat?post=114707"},{"taxonomy":"product_tag","embeddable":true,"href":"https:\/\/munster-records.com\/en\/wp-json\/wp\/v2\/product_tag?post=114707"}],"curies":[{"name":"wp","href":"https:\/\/api.w.org\/{rel}","templated":true}]}}