{"id":114740,"date":"2025-05-16T11:59:16","date_gmt":"2025-05-16T11:59:16","guid":{"rendered":"https:\/\/munster-records.com\/?post_type=product&#038;p=114740"},"modified":"2025-05-19T09:20:21","modified_gmt":"2025-05-19T09:20:21","slug":"114740","status":"publish","type":"product","link":"https:\/\/munster-records.com\/en\/producto\/114740\/","title":{"rendered":"SONIDO AMAZ\u00d3NICO"},"content":{"rendered":"<p>Ra\u00fal Llerena, conocido como Ranil, fue una de las figuras clave en la escena musical amaz\u00f3nica. Desde la ciudad peruana de Iquitos fund\u00f3 su propio sello \u2013Producciones Llerena\u2013 y dio forma a lo que hoy se conoce como el sonido psicod\u00e9lico de la cumbia amaz\u00f3nica.<\/p>\n<p>Es conocido lo dif\u00edcil que resulta conseguir los pocos LPs y singles publicados en su sello, por no hablar del estado de los vinilos cuando aparecen\u2026 Varios de ellos se editaron bajo el nombre de Ranil y su Conjunto Tropical. Fue esta formaci\u00f3n quien grab\u00f3 esta hipn\u00f3tica y percusiva versi\u00f3n de \u2018Sonido amaz\u00f3nico\u2019 que tan solo apareci\u00f3 en su d\u00eda como canci\u00f3n de \u00e1lbum.<\/p>\n<p>Ahora nos alegra presentarla por primera vez en un 45 para alegr\u00eda de DJs y coleccionistas de singles.<\/p>\n<p>En el otro lado del vinilo encontramos a Los Wembler\u2019s de Iquitos, responsables de algunas de las canciones m\u00e1s populares de la cumbia psicod\u00e9lica, incluyendo la sobresaliente composici\u00f3n propia \u2018Sonido amaz\u00f3nico\u2019.<\/p>\n<p>Prep\u00e1rate para ser deslumbrado por estas dos impresionantes cumbias peruanas repletas de guitarras psicod\u00e9licas y percusiones contundentes. Primera reedici\u00f3n en single.<\/p>\n","protected":false},"excerpt":{"rendered":"<p><strong><b>Prep\u00e1rate para ser deslumbrado por estas dos impresionantes cumbias peruanas a cargo de artistas esenciales en la escena musical amaz\u00f3nica: Ranil y su Conjunto Tropical y Los Wembler\u2019s de Iquitos. <\/b><\/strong><\/p>\n<p><strong><b>\u00a0<\/b><\/strong><strong><b>Sus grabaciones del cl\u00e1sico \u2018Sonido amaz\u00f3nico\u2019 est\u00e1n repletas de guitarras psicod\u00e9licas y percusiones contundentes. Primera reedici\u00f3n en single.<\/b><\/strong><\/p>\n","protected":false},"featured_media":114741,"template":"","meta":{"_acf_changed":false},"product_brand":[],"product_cat":[70,80],"product_tag":[],"class_list":{"0":"post-114740","1":"product","2":"type-product","3":"status-publish","4":"has-post-thumbnail","6":"product_cat-cumbia","7":"product_cat-peru","8":"product_shipping_class-cd","9":"pa_formato-473","11":"first","12":"instock","13":"taxable","14":"shipping-taxable","15":"purchasable","16":"product-type-simple"},"acf":[],"_links":{"self":[{"href":"https:\/\/munster-records.com\/en\/wp-json\/wp\/v2\/product\/114740","targetHints":{"allow":["GET"]}}],"collection":[{"href":"https:\/\/munster-records.com\/en\/wp-json\/wp\/v2\/product"}],"about":[{"href":"https:\/\/munster-records.com\/en\/wp-json\/wp\/v2\/types\/product"}],"wp:featuredmedia":[{"embeddable":true,"href":"https:\/\/munster-records.com\/en\/wp-json\/wp\/v2\/media\/114741"}],"wp:attachment":[{"href":"https:\/\/munster-records.com\/en\/wp-json\/wp\/v2\/media?parent=114740"}],"wp:term":[{"taxonomy":"product_brand","embeddable":true,"href":"https:\/\/munster-records.com\/en\/wp-json\/wp\/v2\/product_brand?post=114740"},{"taxonomy":"product_cat","embeddable":true,"href":"https:\/\/munster-records.com\/en\/wp-json\/wp\/v2\/product_cat?post=114740"},{"taxonomy":"product_tag","embeddable":true,"href":"https:\/\/munster-records.com\/en\/wp-json\/wp\/v2\/product_tag?post=114740"}],"curies":[{"name":"wp","href":"https:\/\/api.w.org\/{rel}","templated":true}]}}