{"id":114868,"date":"2025-06-05T07:27:16","date_gmt":"2025-06-05T07:27:16","guid":{"rendered":"https:\/\/munster-records.com\/?post_type=product&#038;p=114868"},"modified":"2026-03-30T08:16:02","modified_gmt":"2026-03-30T08:16:02","slug":"everybody-loves-the-sunshine","status":"publish","type":"product","link":"https:\/\/munster-records.com\/en\/producto\/everybody-loves-the-sunshine\/","title":{"rendered":"EVERYBODY LOVES THE SUNSHINE"},"content":{"rendered":"<p>En 1976, el legendario m\u00fasico y compositor Roy Ayers lanz\u00f3 uno de los discos m\u00e1s emblem\u00e1ticos de su carrera: \u201cEverybody Loves the Sunshine.\u201d Este \u00e1lbum no solo consolid\u00f3 a Ayers como una figura clave en el mundo del jazz-funk, sino que tambi\u00e9n marc\u00f3 un hito dentro de la m\u00fasica soul y el jazz contempor\u00e1neo. En \u00e9l se fusionan una sofisticada mezcla de grooves irresistibles, melod\u00edas suaves y un sonido \u00fanico que ha perdurado a lo largo de los a\u00f1os, convirti\u00e9ndose en un referente para varias generaciones de m\u00fasicos y oyentes.<\/p>\n<p>A mediados de los a\u00f1os 70, Ayers ya hab\u00eda establecido su reputaci\u00f3n con su grupo, Roy Ayers Ubiquity, y su caracter\u00edstico uso del vibrafono, que se convirti\u00f3 en su sello personal. Sin embargo, con este \u00e1lbum, Ayers se aventur\u00f3 en un sonido m\u00e1s suave y accesible, en parte como respuesta al auge de la m\u00fasica disco y el creciente inter\u00e9s por sonidos m\u00e1s experimentales en la escena musical. A lo largo de sus diez pistas, Ayers logr\u00f3 crear un ambiente sonoro que evocaba tanto la calidez del verano como la sofisticaci\u00f3n del jazz de la \u00e9poca, en medio de una atm\u00f3sfera de soul moderno.<\/p>\n<p>La producci\u00f3n fue llevada a cabo por el propio Ayers junto con su productor y amigo, David R. Williams, y cuenta con el maravilloso sonido del Fender Rhodes de Phillip Woo y la potente energ\u00eda del resto de la banda, logrando una autenticidad y frescura inconfundible. Entre sus canciones m\u00e1s conocidas destacan el tema hom\u00f3nimo, \u2018Everybody Loves the Sunshine\u2019, \u2018The Golden Rod\u2019 y \u2018The Third Eye\u2019, que r\u00e1pidamente se convirtieron en cl\u00e1sicos del jazz-funk y el soul.<\/p>\n<p>Este disco es fundamental en la carrera de Roy Ayers, pues demuestra su capacidad para mantenerse relevante y creativo en una industria musical en constante cambio. Con los a\u00f1os, \u201cEverybody Loves the Sunshine\u201d se ha convertido en un \u00e1lbum de culto, frecuente en las sesiones de DJs como Gilles Peterson, Theo Parrish o Lefto. Un disco cl\u00e1sico para el verano!<\/p>\n","protected":false},"excerpt":{"rendered":"<p><strong><b>En \u201cEverybody Loves the Sunshine\u201d (1976) Roy ayers mezcla g\u00e9neros con fluidez, creando un sonido atemporal que sigue siendo una influencia para m\u00fasicos y DJs de todo el mundo. Hace del vibr\u00e1fono el instrumento central, un enfoque del jazz-funk que define su estilo \u00fanico.<\/b><\/strong><\/p>\n<p><strong><b>Con el paso del tiempo, el \u00e1lbum sigue siendo un referente indispensable en la discograf\u00eda de Roy Ayers y en la historia de la m\u00fasica negra de los a\u00f1os 70.<\/b><\/strong>\u00a0<strong><b>Un disco cl\u00e1sico para el verano!<\/b><\/strong><\/p>\n<p><strong><b>Vinilo de 180gr.<\/b><\/strong><\/p>\n<p>AUDIO:\u00a0<a href=\"https:\/\/www.youtube.com\/watch?v=OZ55LD5yxfI\" rel=\"nofollow ugc\">www.youtube.com\/watch?v=OZ55LD5yxfI<\/a><\/p>\n","protected":false},"featured_media":114869,"template":"","meta":{"_acf_changed":false},"product_brand":[],"product_cat":[130,60],"product_tag":[],"class_list":{"0":"post-114868","1":"product","2":"type-product","3":"status-publish","4":"has-post-thumbnail","6":"product_cat-funk","7":"product_cat-soul","8":"pa_formato-lp","10":"first","11":"instock","12":"taxable","13":"shipping-taxable","14":"purchasable","15":"product-type-simple"},"acf":[],"_links":{"self":[{"href":"https:\/\/munster-records.com\/en\/wp-json\/wp\/v2\/product\/114868","targetHints":{"allow":["GET"]}}],"collection":[{"href":"https:\/\/munster-records.com\/en\/wp-json\/wp\/v2\/product"}],"about":[{"href":"https:\/\/munster-records.com\/en\/wp-json\/wp\/v2\/types\/product"}],"wp:featuredmedia":[{"embeddable":true,"href":"https:\/\/munster-records.com\/en\/wp-json\/wp\/v2\/media\/114869"}],"wp:attachment":[{"href":"https:\/\/munster-records.com\/en\/wp-json\/wp\/v2\/media?parent=114868"}],"wp:term":[{"taxonomy":"product_brand","embeddable":true,"href":"https:\/\/munster-records.com\/en\/wp-json\/wp\/v2\/product_brand?post=114868"},{"taxonomy":"product_cat","embeddable":true,"href":"https:\/\/munster-records.com\/en\/wp-json\/wp\/v2\/product_cat?post=114868"},{"taxonomy":"product_tag","embeddable":true,"href":"https:\/\/munster-records.com\/en\/wp-json\/wp\/v2\/product_tag?post=114868"}],"curies":[{"name":"wp","href":"https:\/\/api.w.org\/{rel}","templated":true}]}}