{"id":114911,"date":"2025-06-20T10:02:21","date_gmt":"2025-06-20T10:02:21","guid":{"rendered":"https:\/\/munster-records.com\/?post_type=product&#038;p=114911"},"modified":"2025-06-20T10:06:16","modified_gmt":"2025-06-20T10:06:16","slug":"electroccid-accid-alquimistic-xoc","status":"publish","type":"product","link":"https:\/\/munster-records.com\/en\/producto\/electroccid-accid-alquimistic-xoc\/","title":{"rendered":"ELECTROCCID \u00c0CCID ALQUIM\u00cdSTIC XOC"},"content":{"rendered":"<p>\u201cElectr\u00f2ccid \u00e0ccid alquim\u00edstic xoc\u201d supone un cambio en el sonido de Pau Riba, ahora electrificado, abrazando plenamente el rock bajo la influencia de artistas como Lou Reed y abriendo nuevo ciclo para disociarse de su pasado inmediato. El m\u00e1gico \u201cDioptria\u201d quedaba rebasado.<\/p>\n<p>El disco se graba en el invierno de 1975 con la ayuda de la misma formaci\u00f3n que le acompa\u00f1ar\u00eda en su concierto de la sala Zeleste unos meses antes para presentar nuevas canciones: un combinado de m\u00fasicos valencianos procedentes de bandas como Paranoia Dea y el grupo del guitarrista Eduardo Bort.<\/p>\n<p>Riba volv\u00eda a desconcertar a todo el mundo con una obra que por s\u00ed sola insuflaba preliminar entidad a ese constructo que acabar\u00eda llam\u00e1ndose <em><i>roc catal\u00e1<\/i><\/em>, del que puede que Riba haya sido su m\u00e1s leg\u00edtimo exponente.<\/p>\n<p>Se detectan gui\u00f1os a Reed, Ray Davies y Kevin Ayers, pero en el c\u00f3digo gen\u00e9tico de \u201cElectr\u00f2ccid\u201d es protagonista principal la autor\u00eda propia. Con un tono a veces po\u00e9tico y otras ir\u00f3nico hasta el absurdo, la tem\u00e1tica de Riba se interesa por la luna, las estrellas, la muerte, el amor, la mujer, el demonio, la burgues\u00eda\u2026 alimentando esa originalidad que hac\u00eda de Riba un autor \u00fanico. Resulta sorprendente lo espont\u00e1nea y desacomplejadamente que Riba, sin esfuerzo aparente, naturalizaba la lengua catalana en el discurso rock y viceversa.<\/p>\n<p>Primera reedici\u00f3n en vinilo \u00a1en m\u00e1s de cuatro d\u00e9cadas!<\/p>\n","protected":false},"excerpt":{"rendered":"<p>\u201cElectr\u00f2ccid \u00e0ccid alquim\u00edstic xoc\u201d supone un cambio en el sonido de Pau Riba, ahora electrificado, abrazando plenamente el rock bajo la influencia de artistas como Lou Reed, Ray Davies y Kevin Ayers.<\/p>\n<p>Riba volv\u00eda a desconcertar a todo el mundo con una obra que por s\u00ed sola insuflaba preliminar entidad a ese constructo que acabar\u00eda llam\u00e1ndose roc catal\u00e1, del que puede que Riba haya sido su m\u00e1s leg\u00edtimo exponente.<\/p>\n<p>Primera reedici\u00f3n en vinilo \u00a1en m\u00e1s de cuatro d\u00e9cadas!<\/p>\n<p>AUDIO:\u00a0<a href=\"https:\/\/www.youtube.com\/watch?v=HwVyoTn9Xwc\" rel=\"nofollow ugc\">www.youtube.com\/watch?v=HwVyoTn9Xwc<\/a><\/p>\n","protected":false},"featured_media":114912,"template":"","meta":{"_acf_changed":false},"product_brand":[],"product_cat":[58,136],"product_tag":[],"class_list":{"0":"post-114911","1":"product","2":"type-product","3":"status-publish","4":"has-post-thumbnail","6":"product_cat-nacional","7":"product_cat-rock-2","8":"product_shipping_class-lp-2","9":"pa_formato-lp","11":"first","12":"instock","13":"taxable","14":"shipping-taxable","15":"purchasable","16":"product-type-simple"},"acf":[],"_links":{"self":[{"href":"https:\/\/munster-records.com\/en\/wp-json\/wp\/v2\/product\/114911","targetHints":{"allow":["GET"]}}],"collection":[{"href":"https:\/\/munster-records.com\/en\/wp-json\/wp\/v2\/product"}],"about":[{"href":"https:\/\/munster-records.com\/en\/wp-json\/wp\/v2\/types\/product"}],"wp:featuredmedia":[{"embeddable":true,"href":"https:\/\/munster-records.com\/en\/wp-json\/wp\/v2\/media\/114912"}],"wp:attachment":[{"href":"https:\/\/munster-records.com\/en\/wp-json\/wp\/v2\/media?parent=114911"}],"wp:term":[{"taxonomy":"product_brand","embeddable":true,"href":"https:\/\/munster-records.com\/en\/wp-json\/wp\/v2\/product_brand?post=114911"},{"taxonomy":"product_cat","embeddable":true,"href":"https:\/\/munster-records.com\/en\/wp-json\/wp\/v2\/product_cat?post=114911"},{"taxonomy":"product_tag","embeddable":true,"href":"https:\/\/munster-records.com\/en\/wp-json\/wp\/v2\/product_tag?post=114911"}],"curies":[{"name":"wp","href":"https:\/\/api.w.org\/{rel}","templated":true}]}}