{"id":114917,"date":"2025-06-20T10:08:49","date_gmt":"2025-06-20T10:08:49","guid":{"rendered":"https:\/\/munster-records.com\/?post_type=product&#038;p=114917"},"modified":"2025-09-09T10:39:12","modified_gmt":"2025-09-09T10:39:12","slug":"el-entierro-de-un-hombre-rico-que-murio-de-hambre","status":"publish","type":"product","link":"https:\/\/munster-records.com\/en\/producto\/el-entierro-de-un-hombre-rico-que-murio-de-hambre\/","title":{"rendered":"EL ENTIERRO DE UN HOMBRE RICO QUE MURI\u00d3 DE HAMBRE"},"content":{"rendered":"<p>Este es uno de los singles m\u00e1s oscuros de cuantos se publicaron en Venezuela en los 60. Como consecuencia del gran \u00e9xito global de los Beatles, creci\u00f3 la escena de conjuntos beat y emergieron multitud de nuevas bandas, algunas de las cuales tendr\u00edan una trayectoria larga mientras que otras caer\u00edan r\u00e1pidamente en el olvido, y solo un pu\u00f1ado de ellas dejar\u00edan alguna grabaci\u00f3n que hoy tiene un enorme valor entre coleccionistas. Este es el caso de The Pets.<\/p>\n<p>El \u00fanico \u00e1lbum de la banda, publicado en 1967 muestra claramente cu\u00e1les eran las influencias de la escena de <em><i>nueva ola<\/i><\/em>\u00a0venezolana de entonces, incluyendo versiones de\u00a0The Doors, Beatles, Rolling Stones, Paul Revere &amp; The Riders\u2026 as\u00ed como la fabulosa composici\u00f3n original \u2018El entierro de un hombre rico que muri\u00f3 de hambre\u2019, uno de los mejores temas de garage grabados en Latinoam\u00e9rica y que tambi\u00e9n fue editado como single. Su impresionante versi\u00f3n del \u2018Hello, I Love You\u2019 de los Doors ocupa la cara B de este rar\u00edsimo 45. Un disco favorito entre DJs de garage.<\/p>\n<p>Primera reedici\u00f3n en single, audios remasterizados desde las cintas originales.<\/p>\n","protected":false},"excerpt":{"rendered":"<p><strong><b>Este es uno de los singles m\u00e1s raros de entre los publicados en Venezuela en los 60. <\/b><\/strong><\/p>\n<p><strong><b>La fabulosa composici\u00f3n original \u2018El entierro de un hombre rico que muri\u00f3 de hambre\u2019 es uno de los mejores temas de garage grabados en Latinoam\u00e9rica. Su impresionante versi\u00f3n del \u2018Hello, I Love You\u2019 de los Doors ocupa la cara B. Un disco favorito entre DJs de garage.<\/b><\/strong><\/p>\n<p><strong><b>Primera reedici\u00f3n en single, audios remasterizados desde las cintas originales.<\/b><\/strong><\/p>\n","protected":false},"featured_media":114918,"template":"","meta":{"_acf_changed":false},"product_brand":[],"product_cat":[62,842,164,167],"product_tag":[],"class_list":{"0":"post-114917","1":"product","2":"type-product","3":"status-publish","4":"has-post-thumbnail","6":"product_cat-60s-en","7":"product_cat-argentina-en","8":"product_cat-beat-en","9":"product_cat-garage-en","10":"product_shipping_class-cd-en","11":"pa_formato-7-en-2","13":"first","14":"instock","15":"taxable","16":"shipping-taxable","17":"purchasable","18":"product-type-simple"},"acf":[],"_links":{"self":[{"href":"https:\/\/munster-records.com\/en\/wp-json\/wp\/v2\/product\/114917","targetHints":{"allow":["GET"]}}],"collection":[{"href":"https:\/\/munster-records.com\/en\/wp-json\/wp\/v2\/product"}],"about":[{"href":"https:\/\/munster-records.com\/en\/wp-json\/wp\/v2\/types\/product"}],"wp:featuredmedia":[{"embeddable":true,"href":"https:\/\/munster-records.com\/en\/wp-json\/wp\/v2\/media\/114918"}],"wp:attachment":[{"href":"https:\/\/munster-records.com\/en\/wp-json\/wp\/v2\/media?parent=114917"}],"wp:term":[{"taxonomy":"product_brand","embeddable":true,"href":"https:\/\/munster-records.com\/en\/wp-json\/wp\/v2\/product_brand?post=114917"},{"taxonomy":"product_cat","embeddable":true,"href":"https:\/\/munster-records.com\/en\/wp-json\/wp\/v2\/product_cat?post=114917"},{"taxonomy":"product_tag","embeddable":true,"href":"https:\/\/munster-records.com\/en\/wp-json\/wp\/v2\/product_tag?post=114917"}],"curies":[{"name":"wp","href":"https:\/\/api.w.org\/{rel}","templated":true}]}}