{"id":114922,"date":"2025-06-20T10:16:48","date_gmt":"2025-06-20T10:16:48","guid":{"rendered":"https:\/\/munster-records.com\/?post_type=product&#038;p=114922"},"modified":"2026-01-16T14:51:17","modified_gmt":"2026-01-16T14:51:17","slug":"rhythm-machine","status":"publish","type":"product","link":"https:\/\/munster-records.com\/en\/producto\/rhythm-machine\/","title":{"rendered":"RHYTHM MACHINE"},"content":{"rendered":"<p>La legendaria Rhythm Machine de Indian\u00e1polis es una de esas bandas de funk casi desconocidas que supo transitar con total naturalidad entre distintas \u00e9pocas de la historia del g\u00e9nero, creando temazos funk para varios sellos independientes entre 1968 y 1976. Nacida de las cenizas de la banda de culto The Highlighters, tambi\u00e9n de Indian\u00e1polis, Rhythm Machine fue fundada a principios de los 70 por el bajista James Boone y el guitarrista James Brantley.<\/p>\n<p>Su hom\u00f3nimo y \u00fanico LP, publicado originalmente en 1976, es un viaje musical salvaje y s\u00faper groovy con una banda que lo da todo y que sorprende con un mont\u00f3n de giros inesperados que te mantienen enganchado de principio a fin. De entrada, puede recordar al estilo de Earth, Wind &amp; Fire \u2014 bajos potentes, ritmos funk y secciones de viento brutales \u2014 pero si lo escuchas con atenci\u00f3n, descubrir\u00e1s que tiene un toque m\u00e1s libre, m\u00e1s cool. Hay una base jazzy que impregna muchos de los temas y que le da al conjunto un aire distinto, fuera de lo t\u00edpico.<\/p>\n<p>Algunas canciones se lanzan hacia un estilo m\u00e1s relajado y espacial \u2014 funk c\u00f3smico con un toque rom\u00e1ntico. La producci\u00f3n es suave, casi atmosf\u00e9rica, dejando que las guitarras brillen y los teclados floten. \u00bfY cuando entra el saxo soprano? Pura magia.<\/p>\n<p>Perfecto para noches tranquilas, sesiones relajadas o para quienes buscan ese disco de funk oculto repleto de soul.<\/p>\n<p>Pr\u00e1cticamente imposible de encontrar en su edici\u00f3n original, lo reeditamos una vez m\u00e1s gracias a una colaboraci\u00f3n con Now Again. Prensado en vinilo de 180 gramos.<\/p>\n","protected":false},"excerpt":{"rendered":"<p><strong><b>The Rhythm Machine vuelve a estar disponible para el p\u00fablico, reeditado de forma leg\u00edtima y con su dise\u00f1o original. Un c\u00f3ctel irresistible de soul brillante, baladas conmovedoras y funk de alto voltaje al m\u00e1s puro estilo de mediados de los 70.<\/b><\/strong><\/p>\n<p><strong><b>Pr\u00e1cticamente imposible de encontrar en su edici\u00f3n original, lo reeditamos una vez m\u00e1s gracias a una colaboraci\u00f3n con Now Again. Prensado en vinilo de 180 gramos.<\/b><\/strong><\/p>\n","protected":false},"featured_media":114923,"template":"","meta":{"_acf_changed":false},"product_brand":[],"product_cat":[130,60],"product_tag":[],"class_list":{"0":"post-114922","1":"product","2":"type-product","3":"status-publish","4":"has-post-thumbnail","6":"product_cat-funk","7":"product_cat-soul","8":"product_shipping_class-lp-en","9":"pa_formato-lp","11":"first","12":"instock","13":"taxable","14":"shipping-taxable","15":"purchasable","16":"product-type-simple"},"acf":[],"_links":{"self":[{"href":"https:\/\/munster-records.com\/en\/wp-json\/wp\/v2\/product\/114922","targetHints":{"allow":["GET"]}}],"collection":[{"href":"https:\/\/munster-records.com\/en\/wp-json\/wp\/v2\/product"}],"about":[{"href":"https:\/\/munster-records.com\/en\/wp-json\/wp\/v2\/types\/product"}],"wp:featuredmedia":[{"embeddable":true,"href":"https:\/\/munster-records.com\/en\/wp-json\/wp\/v2\/media\/114923"}],"wp:attachment":[{"href":"https:\/\/munster-records.com\/en\/wp-json\/wp\/v2\/media?parent=114922"}],"wp:term":[{"taxonomy":"product_brand","embeddable":true,"href":"https:\/\/munster-records.com\/en\/wp-json\/wp\/v2\/product_brand?post=114922"},{"taxonomy":"product_cat","embeddable":true,"href":"https:\/\/munster-records.com\/en\/wp-json\/wp\/v2\/product_cat?post=114922"},{"taxonomy":"product_tag","embeddable":true,"href":"https:\/\/munster-records.com\/en\/wp-json\/wp\/v2\/product_tag?post=114922"}],"curies":[{"name":"wp","href":"https:\/\/api.w.org\/{rel}","templated":true}]}}