{"id":114927,"date":"2025-06-20T10:23:31","date_gmt":"2025-06-20T10:23:31","guid":{"rendered":"https:\/\/munster-records.com\/?post_type=product&#038;p=114927"},"modified":"2025-06-20T10:29:23","modified_gmt":"2025-06-20T10:29:23","slug":"drug-story","status":"publish","type":"product","link":"https:\/\/munster-records.com\/en\/producto\/drug-story\/","title":{"rendered":"DRUG STORY"},"content":{"rendered":"<p>La extens\u00edsima discograf\u00eda de Joe Bataan se vio ampliada en 2022 con la edici\u00f3n de unas antiguas grabaciones del rey del latin soul que nunca se hab\u00edan publicado previamente.<\/p>\n<p>Tras el \u00e9xito de su \u00e1lbum \u201cRiot!\u201d (1968), Bataan ten\u00eda f\u00e1cil acceso a un estudio cada vez que se encontraba con inspiraci\u00f3n para grabar un boceto de un tema nuevo o una canci\u00f3n completa. A veces incluso terminaba totalmente la grabaci\u00f3n y la ofrec\u00eda, en su versi\u00f3n final, a Fania para su publicaci\u00f3n. Esto generalmente ocurr\u00eda as\u00ed, aunque en otras ocasiones la canci\u00f3n era rechazada.<\/p>\n<p>En el caso de \u2018Drug Story\u2019, el tema se grab\u00f3 sin un prop\u00f3sito final claro a pesar de que Bataan ten\u00eda la esperanza de que la canci\u00f3n formar\u00eda parte de un \u00e1lbum. Cuando los directivos de Fania escucharon el resultado, lo rechazaron de forma inmediata al pensar que hac\u00eda apolog\u00eda de las drogas\u2026 Las cintas se archivaron y perdieron en el olvido hasta terminar en una tienda de objetos usados en Nueva York. De all\u00ed fueron rescatadas por un especialista en m\u00fasica latina y posteriormente vendidas, hasta acabar en los archivos de Vampisoul.<\/p>\n<p>La canci\u00f3n fue finalmente publicada en su integridad en 2022 en el LP \u201cDrug Story\u201d del sello Now Again. Cuenta con una larga intro vocal lenta que se transforma en un tema bailable con dos partes bien diferenciadas, hasta el punto de casi parecer canciones diferentes. Nos transporta al mejor momento de Joe Bataan, con todos sus ingredientes cl\u00e1sicos, firmando un tema tan bueno como sus canciones m\u00e1s conocidas. Cuenta con el propio Bataan como voz principal y pianista, Bobby Rodr\u00edguez a cargo de la flauta, el saxo y el bajo, Pete \u2018Choki\u2019 Quintero a la bater\u00eda y William Howes Jr. tocando la guitarra el\u00e9ctrica con toques de wah-wah.<\/p>\n<p>Nos ha parecido que la canci\u00f3n merec\u00eda ser publicada tambi\u00e9n en formato single y que la estructura de la misma era perfecta para que cada lado tuviera una identidad separada. As\u00ed que aqu\u00ed tenemos, por primera vez en un 45, \u2018Drug Story\u2019, la canci\u00f3n perdida de Joe Bataan. Latin soul en estado puro, grabado en el mejor momento de la carrera del artista!<\/p>\n","protected":false},"excerpt":{"rendered":"<p><strong><b>Aqu\u00ed tenemos, por primera vez en un 45, \u2018Drug Story\u2019, la canci\u00f3n perdida de Joe Bataan. Latin soul en estado puro, grabado en el mejor momento de la carrera del artista y publicado 50 a\u00f1os m\u00e1s tarde!<\/b><\/strong><\/p>\n<p><strong><b>Imprescindible para los aficionados al latin soul y el funk.<\/b><\/strong><\/p>\n<p>AUDIO:\u00a0<a href=\"https:\/\/www.youtube.com\/watch?v=fCRCbrlwwfY\" rel=\"nofollow ugc\">www.youtube.com\/watch?v=fCRCbrlwwfY<\/a><\/p>\n","protected":false},"featured_media":114928,"template":"","meta":{"_acf_changed":false},"product_brand":[],"product_cat":[132,60],"product_tag":[],"class_list":{"0":"post-114927","1":"product","2":"type-product","3":"status-publish","4":"has-post-thumbnail","6":"product_cat-latin-soul-2","7":"product_cat-soul","8":"product_shipping_class-cd","9":"pa_formato-473","11":"first","12":"instock","13":"taxable","14":"shipping-taxable","15":"purchasable","16":"product-type-simple"},"acf":[],"_links":{"self":[{"href":"https:\/\/munster-records.com\/en\/wp-json\/wp\/v2\/product\/114927","targetHints":{"allow":["GET"]}}],"collection":[{"href":"https:\/\/munster-records.com\/en\/wp-json\/wp\/v2\/product"}],"about":[{"href":"https:\/\/munster-records.com\/en\/wp-json\/wp\/v2\/types\/product"}],"wp:featuredmedia":[{"embeddable":true,"href":"https:\/\/munster-records.com\/en\/wp-json\/wp\/v2\/media\/114928"}],"wp:attachment":[{"href":"https:\/\/munster-records.com\/en\/wp-json\/wp\/v2\/media?parent=114927"}],"wp:term":[{"taxonomy":"product_brand","embeddable":true,"href":"https:\/\/munster-records.com\/en\/wp-json\/wp\/v2\/product_brand?post=114927"},{"taxonomy":"product_cat","embeddable":true,"href":"https:\/\/munster-records.com\/en\/wp-json\/wp\/v2\/product_cat?post=114927"},{"taxonomy":"product_tag","embeddable":true,"href":"https:\/\/munster-records.com\/en\/wp-json\/wp\/v2\/product_tag?post=114927"}],"curies":[{"name":"wp","href":"https:\/\/api.w.org\/{rel}","templated":true}]}}