{"id":114933,"date":"2025-06-20T10:33:23","date_gmt":"2025-06-20T10:33:23","guid":{"rendered":"https:\/\/munster-records.com\/?post_type=product&#038;p=114933"},"modified":"2025-09-09T10:38:09","modified_gmt":"2025-09-09T10:38:09","slug":"pa-mi-muneca","status":"publish","type":"product","link":"https:\/\/munster-records.com\/en\/producto\/pa-mi-muneca\/","title":{"rendered":"PA&#8217; MI MU\u00d1ECA"},"content":{"rendered":"<p>En 1966, \u00d3scar Agudelo grab\u00f3 esta esquiva y poco conocida joya de coleccionista llamada &#8220;Pa&#8217; mi mu\u00f1eca&#8221; para Discos Fuentes. Se trata de una rareza donde el artista dio un giro musical inesperado al interpretar varios porros, paseaitos, gaitas y cumbias, evocando el vaiv\u00e9n y las olas ondulantes del sonido caribe\u00f1o colombiano.<\/p>\n<p>Resuenan\u00a0los ecos de un trovador rom\u00e1ntico, entrelazados\u00a0con una inesperada riqueza de matices, sello distintivo de la cumbia. Es exactamente el tipo de m\u00fasica que iluminar\u00eda un tamb\u00f3 o una ronda de fandango en una noche de carnaval. Incluye una docena de temas, ninguno nuevo, pero impregnados de una intenci\u00f3n renovadora\u00a0que se entiende bien en el contexto de su \u00e9poca y con la personalidad del artista, lo suficientemente audaz como para darles vida.<\/p>\n<p>\u2018Madre cumbia\u2019\u00a0abre el \u00e1lbum con un aire festivo y nost\u00e1lgico, con\u00a0la belleza de la sencillez\u00a0y el ritmo electrizante del tr\u00f3pico que te invita a bailar de inmediato. Es un ejemplo fant\u00e1stico de c\u00f3mo interpretar una canci\u00f3n con pasi\u00f3n y enamorar al instante a quien la escucha. \u2018Pa&#8217; mi mu\u00f1eca\u2019, el tema principal, es un paseito trepidante que explora nuevos caminos\u00a0hacia\u00a0las salas de baile. Un \u00e9xito rotundo en la pista. \u2018Est\u00e1 como mango\u2019\u00a0es una porro-cumbia que cautiva con su\u00a0rica paleta de virtudes\u00a0musicales, se\u00f1a de identidad de muchas canciones tropicales de la vieja escuela. Tambi\u00e9n destacan \u2018Cumbia de recuerdo\u2019, \u2018Cumbia suave\u2019\u00a0y \u2018Cumbia de Santa Marta\u2019 que\u00a0suenan en el \u00e1lbum de forma consecutiva.<\/p>\n<p>Este \u00e1lbum recrea la fuerza de un g\u00e9nero musical que ha sido la banda sonora habitual de la vida colombiana durante d\u00e9cadas. Es un disco dedicado a plasmar buenos momentos, est\u00e1 impregnado de una energ\u00eda alegre y brilla con esa calidad especial caracter\u00edstica de los a\u00f1os sesenta.<\/p>\n<p>Este \u00e1lbum supone un hito en la evoluci\u00f3n de la cumbia, tanto para Discos Fuentes como para el maestro Agudelo.<\/p>\n","protected":false},"excerpt":{"rendered":"<p><strong><b>Esta esquiva y poco conocida joya de coleccionista<\/b><\/strong><strong><b>\u00a0<\/b><\/strong><strong><b>a cargo de \u00d3scar Agudello y el Combo Moderno titulada<\/b><\/strong><strong><b>\u00a0\u201cPa\u2019 mi mu\u00f1eca\u201d<\/b><\/strong><strong><b>\u00a0<\/b><\/strong><strong><b>recrea la fuerza de un g\u00e9nero musical que ha sido la banda sonora habitual de la vida colombiana durante d\u00e9cadas<\/b><\/strong><strong><b>\u00a0y supone un hito en la evoluci\u00f3n de la cumbia en 1966, cuando se edit\u00f3 originalmente en Discos Fuentes. Es exactamente el tipo de m\u00fasica que iluminar\u00eda un tamb\u00f3 o una ronda de fandango en una noche de carnaval.<\/b><\/strong><\/p>\n<p><strong><b>Primera reedici\u00f3n. Incluye notas interiores a cargo del experto en el g\u00e9nero Don Alirio.<\/b><\/strong><\/p>\n<p><strong><b>Vinilo de <\/b><\/strong><strong><b>180g<\/b><\/strong><strong><b>r<\/b><\/strong><strong><b>.<\/b><\/strong><\/p>\n","protected":false},"featured_media":114934,"template":"","meta":{"_acf_changed":false},"product_brand":[],"product_cat":[197,193],"product_tag":[],"class_list":{"0":"post-114933","1":"product","2":"type-product","3":"status-publish","4":"has-post-thumbnail","6":"product_cat-cumbia-en","7":"product_cat-latin-en","8":"product_shipping_class-lp-en-4","9":"pa_formato-lp-en","11":"first","12":"instock","13":"taxable","14":"shipping-taxable","15":"purchasable","16":"product-type-simple"},"acf":[],"_links":{"self":[{"href":"https:\/\/munster-records.com\/en\/wp-json\/wp\/v2\/product\/114933","targetHints":{"allow":["GET"]}}],"collection":[{"href":"https:\/\/munster-records.com\/en\/wp-json\/wp\/v2\/product"}],"about":[{"href":"https:\/\/munster-records.com\/en\/wp-json\/wp\/v2\/types\/product"}],"wp:featuredmedia":[{"embeddable":true,"href":"https:\/\/munster-records.com\/en\/wp-json\/wp\/v2\/media\/114934"}],"wp:attachment":[{"href":"https:\/\/munster-records.com\/en\/wp-json\/wp\/v2\/media?parent=114933"}],"wp:term":[{"taxonomy":"product_brand","embeddable":true,"href":"https:\/\/munster-records.com\/en\/wp-json\/wp\/v2\/product_brand?post=114933"},{"taxonomy":"product_cat","embeddable":true,"href":"https:\/\/munster-records.com\/en\/wp-json\/wp\/v2\/product_cat?post=114933"},{"taxonomy":"product_tag","embeddable":true,"href":"https:\/\/munster-records.com\/en\/wp-json\/wp\/v2\/product_tag?post=114933"}],"curies":[{"name":"wp","href":"https:\/\/api.w.org\/{rel}","templated":true}]}}