{"id":115075,"date":"2025-08-26T07:36:26","date_gmt":"2025-08-26T07:36:26","guid":{"rendered":"https:\/\/munster-records.com\/?post_type=product&#038;p=115075"},"modified":"2025-09-09T10:37:19","modified_gmt":"2025-09-09T10:37:19","slug":"anti-todo","status":"publish","type":"product","link":"https:\/\/munster-records.com\/en\/producto\/anti-todo\/","title":{"rendered":"Anti Todo"},"content":{"rendered":"<p>1985 fue un a\u00f1o clave para el punk rock en el Pa\u00eds Vasco, y posiblemente para toda Espa\u00f1a. El punk se fusion\u00f3 con el movimiento del Rock Radical Vasco (RRV), aunque no siempre fue as\u00ed. Por ejemplo, Eskorbuto mantuvo siempre una clara distancia respecto al movimiento y todo lo relacionado con \u00e9l.<\/p>\n<p>La dureza form\u00f3 parte inseparable de la vida y la carrera musical de Eskorbuto. Todos sus discos se grabaron en el menor tiempo imaginable, en parte por los presupuestos ajustados (los estudios eran caros, las discogr\u00e1ficas taca\u00f1as), y en parte porque Josu y Jualma necesitaban el dinero para otras cosas&#8230;<\/p>\n<p>A la hora de grabar \u201cAnti Todo\u201d, Eskorbuto se mantuvo fiel a lo que mejor sab\u00eda hacer: entrar al estudio con toda la energ\u00eda cruda, provocaci\u00f3n, inspiraci\u00f3n y talento natural posibles. Fue su mejor disco, y cabe preguntarse: \u00bfde qu\u00e9 habr\u00eda sido capaz Eskorbuto con m\u00e1s tiempo, m\u00e1s presupuesto y un mayor control? La canci\u00f3n \u2018Tamara\u2019 se compuso pr\u00e1cticamente en el momento, en el estudio, en menos de dos d\u00edas de grabaci\u00f3n, al igual que buena parte de \u2018Ha llegado el momento\u2019.<\/p>\n<p>El t\u00e9cnico de sonido, con gran experiencia, hizo un trabajo sobresaliente, pero esta nueva remasterizaci\u00f3n para la reedici\u00f3n ha dotado al \u00e1lbum del sonido m\u00e1s rico y vibrante que siempre mereci\u00f3. Podemos volver a disfrutar de la urgencia, la sencillez y la rabia de este renovado \u201cAnti Todo\u201d, un verdadero cl\u00e1sico de nuestra historia musical, publicado originalmente en 1985, en el punto \u00e1lgido de la creatividad y energ\u00eda de Eskorbuto.<\/p>\n<p>Esta edici\u00f3n del \u00e1lbum incluye un gran p\u00f3ster y un encarte con notas.<\/p>\n","protected":false},"excerpt":{"rendered":"<p><strong><b>\u201cAnti Todo\u201d es el \u00e1lbum m\u00e1s celebrado de Eskorbuto, grabado en el menor tiempo imaginable y publicado en 1985. Refleja lo que mejor sab\u00eda hacer esta banda de punk espa\u00f1ola: entrar al estudio con toda la energ\u00eda cruda, provocaci\u00f3n, inspiraci\u00f3n y talento natural posibles.<\/b><\/strong><\/p>\n<p><strong><b>Una nueva remasterizaci\u00f3n para esta edici\u00f3n ha dotado al \u00e1lbum del sonido m\u00e1s rico y vibrante que siempre mereci\u00f3. Podemos volver a disfrutar de la urgencia, la sencillez y la rabia de este renovado \u201cAnti Todo\u201d, un verdadero cl\u00e1sico grabado en el punto \u00e1lgido de la creatividad y energ\u00eda de Eskorbuto.<\/b><\/strong><\/p>\n<p><strong><b>Nuestra edici\u00f3n incluye un p\u00f3ster grande y un encarte con notas.<\/b><\/strong><\/p>\n","protected":false},"featured_media":115076,"template":"","meta":{"_acf_changed":false},"product_brand":[],"product_cat":[54],"product_tag":[],"class_list":{"0":"post-115075","1":"product","2":"type-product","3":"status-publish","4":"has-post-thumbnail","6":"product_cat-punk","7":"product_shipping_class-lp-en","8":"pa_formato-lp","10":"first","11":"instock","12":"taxable","13":"shipping-taxable","14":"purchasable","15":"product-type-simple"},"acf":[],"_links":{"self":[{"href":"https:\/\/munster-records.com\/en\/wp-json\/wp\/v2\/product\/115075","targetHints":{"allow":["GET"]}}],"collection":[{"href":"https:\/\/munster-records.com\/en\/wp-json\/wp\/v2\/product"}],"about":[{"href":"https:\/\/munster-records.com\/en\/wp-json\/wp\/v2\/types\/product"}],"wp:featuredmedia":[{"embeddable":true,"href":"https:\/\/munster-records.com\/en\/wp-json\/wp\/v2\/media\/115076"}],"wp:attachment":[{"href":"https:\/\/munster-records.com\/en\/wp-json\/wp\/v2\/media?parent=115075"}],"wp:term":[{"taxonomy":"product_brand","embeddable":true,"href":"https:\/\/munster-records.com\/en\/wp-json\/wp\/v2\/product_brand?post=115075"},{"taxonomy":"product_cat","embeddable":true,"href":"https:\/\/munster-records.com\/en\/wp-json\/wp\/v2\/product_cat?post=115075"},{"taxonomy":"product_tag","embeddable":true,"href":"https:\/\/munster-records.com\/en\/wp-json\/wp\/v2\/product_tag?post=115075"}],"curies":[{"name":"wp","href":"https:\/\/api.w.org\/{rel}","templated":true}]}}