{"id":115080,"date":"2025-08-26T08:54:39","date_gmt":"2025-08-26T08:54:39","guid":{"rendered":"https:\/\/munster-records.com\/?post_type=product&#038;p=115080"},"modified":"2025-09-09T10:36:33","modified_gmt":"2025-09-09T10:36:33","slug":"sonido-amazonico","status":"publish","type":"product","link":"https:\/\/munster-records.com\/en\/producto\/sonido-amazonico\/","title":{"rendered":"Sonido Amaz\u00f3nico"},"content":{"rendered":"<p>Ranil es, sin duda, la figura m\u00e1s at\u00edpica entre los grandes de la cumbia amaz\u00f3nica, y se ha ganado con creces un lugar junto a las bandas ic\u00f3nicas m\u00e1s conocidas. Trabaj\u00f3 como maestro, guitarrista criollo, locutor de radio, empresario televisivo y pol\u00edtico, pero alcanz\u00f3 la fama como fundador de Ranil y su Conjunto Tropical en los a\u00f1os setenta.<\/p>\n<p>En 1968, aproximadamente al mismo tiempo que Los Destellos causaban sensaci\u00f3n en Lima, grupos como Los Wembler\u2019s de Iquitos y Juaneco y su Combo empezaron a electrificar la cumbia en Iquitos. Este nuevo g\u00e9nero, bautizado como cumbia amaz\u00f3nica, estall\u00f3 a nivel nacional en 1973 gracias a los \u00e9xitos de Juaneco y su Combo, Los Mirlos y Los Wembler\u2019s. El \u00e9xito que cosecharon estas bandas dio lugar al surgimiento de decenas de otros grupos en la regi\u00f3n amaz\u00f3nica. Ranil, siempre visionario, supo ver el potencial del movimiento y se uni\u00f3 a \u00e9l con su primer single grabado para el sello Dinsa en 1974. Insatisfecho con las condiciones contractuales, fund\u00f3 su propio sello, Producciones Llerena, con el que publicar\u00eda el resto de su discograf\u00eda.<\/p>\n<p>A lo largo de los a\u00f1os, Ranil y su Conjunto Tropical cont\u00f3 con guitarristas como L\u00edmbel Zumba y Luis Nigro, mientras que Ranil se mantuvo como vocalista principal y bajista del grupo. Zumba y Nigro ya hab\u00edan tocado en otras bandas regionales y compuesto canciones para grupos como Los Destellos y Los Mirlos.<\/p>\n<p>Esta recopilaci\u00f3n ofrece una muestra del vasto legado musical que Ranil cre\u00f3 a finales de los a\u00f1os setenta y principios de los ochenta, reuniendo 14 temas extra\u00eddos de los 10 LPs del grupo. Estos discos siempre han sido dif\u00edciles de encontrar, ya que, a pesar de grabarse en Lima, eran distribuidos directamente por Ranil desde Iquitos. Psicodelia, fusi\u00f3n rock, cumbia, salsa, mambo, folclore amaz\u00f3nico\u2026 todos estos sabores se mezclan en el sonido vibrante y cargado de selva que Ranil supo construir.<\/p>\n","protected":false},"excerpt":{"rendered":"<p><strong><b>Ranil es, sin duda, la figura m\u00e1s at\u00edpica entre los grandes de la cumbia amaz\u00f3nica, y se ha ganado con todo merecimiento un lugar junto a bandas ic\u00f3nicas como Los Mirlos, Los Wembler\u2019s y Juaneco y su Combo.<\/b><\/strong><\/p>\n<p><strong><b>Esta recopilaci\u00f3n ofrece una muestra del vasto legado musical que Ranil cre\u00f3 a finales de los a\u00f1os setenta y principios de los ochenta. Psicodelia, fusi\u00f3n rock, cumbia, salsa, mambo, folclore amaz\u00f3nico\u2026 todos estos sabores se funden en el sonido vibrante y cargado de selva que Ranil supo construir.<\/b><\/strong><\/p>\n","protected":false},"featured_media":115081,"template":"","meta":{"_acf_changed":false},"product_brand":[],"product_cat":[197,193,203],"product_tag":[],"class_list":{"0":"post-115080","1":"product","2":"type-product","3":"status-publish","4":"has-post-thumbnail","6":"product_cat-cumbia-en","7":"product_cat-latin-en","8":"product_cat-peru-en","9":"product_shipping_class-lp-en-3","10":"pa_formato-lp-en","12":"first","13":"instock","14":"taxable","15":"shipping-taxable","16":"purchasable","17":"product-type-simple"},"acf":[],"_links":{"self":[{"href":"https:\/\/munster-records.com\/en\/wp-json\/wp\/v2\/product\/115080","targetHints":{"allow":["GET"]}}],"collection":[{"href":"https:\/\/munster-records.com\/en\/wp-json\/wp\/v2\/product"}],"about":[{"href":"https:\/\/munster-records.com\/en\/wp-json\/wp\/v2\/types\/product"}],"wp:featuredmedia":[{"embeddable":true,"href":"https:\/\/munster-records.com\/en\/wp-json\/wp\/v2\/media\/115081"}],"wp:attachment":[{"href":"https:\/\/munster-records.com\/en\/wp-json\/wp\/v2\/media?parent=115080"}],"wp:term":[{"taxonomy":"product_brand","embeddable":true,"href":"https:\/\/munster-records.com\/en\/wp-json\/wp\/v2\/product_brand?post=115080"},{"taxonomy":"product_cat","embeddable":true,"href":"https:\/\/munster-records.com\/en\/wp-json\/wp\/v2\/product_cat?post=115080"},{"taxonomy":"product_tag","embeddable":true,"href":"https:\/\/munster-records.com\/en\/wp-json\/wp\/v2\/product_tag?post=115080"}],"curies":[{"name":"wp","href":"https:\/\/api.w.org\/{rel}","templated":true}]}}