{"id":115171,"date":"2025-08-26T10:52:07","date_gmt":"2025-08-26T10:52:07","guid":{"rendered":"https:\/\/munster-records.com\/?post_type=product&#038;p=115171"},"modified":"2026-02-02T09:13:58","modified_gmt":"2026-02-02T09:13:58","slug":"joropop","status":"publish","type":"product","link":"https:\/\/munster-records.com\/en\/producto\/joropop\/","title":{"rendered":"Joropop"},"content":{"rendered":"<p>Bienvenidos a un picnic caleidosc\u00f3pico en el que podr\u00e9is degustar una escena musical \u00fanica, burbujeante, pr\u00f3spera, multicolor, rompedora, que volar\u00e1 su cabeza. Su sonido prodigioso mezcla lo caribe\u00f1o con lo amaz\u00f3nico, lo sofisticado con lo sabroso, texturas crudas y a la vez delicadas.<\/p>\n<p>\u201cJoropop. Psych Pop &amp; Folk in Venezuela, 1968-1976\u201d est\u00e1 repleto de contagiosos ritmos de rock latino y folk de melod\u00edas inmortales a lo largo de sus 15 cortes de grabaciones ultra raras, la mayor\u00eda de las cuales nunca hasta ahora hab\u00edan sido reeditadas.<\/p>\n<p>El pop caraque\u00f1o vive su era dorada a partir de 1965. Desaparece una primera oleada rom\u00e1ntica y pegajosa dando paso a nuevos valores orientados a formas musicales de mayor riqueza y complejidad: folk-rock, psicodelia, soul, hard blues, pop sinf\u00f3nico, rock latino\u2026 Aparecen los cantautores, las guitarras el\u00e9ctricas experimentales, las jams, una m\u00fasica en definitiva cada vez m\u00e1s elaborada y libre. La industria comienza lentamente a reaccionar, todav\u00eda centrada en \u00eddolos juveniles y vidas de ensue\u00f1o.<\/p>\n<p>A finales de los 60 la lista de nuevas agrupaciones es casi interminable. Los j\u00f3venes encuentran al fin su forma de expresi\u00f3n.<\/p>\n<p>\u00a1Viajemos juntos a la m\u00e1gica Caracas de los \u00faltimos 60!<\/p>\n","protected":false},"excerpt":{"rendered":"<p><strong><b>Bienvenidos a un picnic caleidosc\u00f3pico en el que podr\u00e9is degustar una escena musical \u00fanica, burbujeante, pr\u00f3spera, multicolor, rompedora, que volar\u00e1 su cabeza. Su sonido prodigioso mezcla lo caribe\u00f1o con lo amaz\u00f3nico, lo sofisticado con lo sabroso, texturas crudas y a la vez delicadas.<\/b><\/strong><strong><b><br \/>\n<\/b><\/strong><strong><b><br \/>\n<\/b><\/strong><strong><b>\u201cJoropop. Psych Pop &amp; Folk in Venezuela, 1968-1976\u201d est\u00e1 repleto de contagiosos ritmos de rock latino y folk de melod\u00edas inmortales a lo largo de sus 15 cortes de grabaciones ultra raras, la mayor\u00eda de las cuales nunca hasta ahora hab\u00edan sido reeditadas. <\/b><\/strong><strong><b>\u00a1Viajemos juntos a la m\u00e1gica Caracas de los \u00faltimos 60!<\/b><\/strong><\/p>\n","protected":false},"featured_media":115172,"template":"","meta":{"_acf_changed":false},"product_brand":[],"product_cat":[107,114,113],"product_tag":[],"class_list":{"0":"post-115171","1":"product","2":"type-product","3":"status-publish","4":"has-post-thumbnail","6":"product_cat-beat","7":"product_cat-folk-3","8":"product_cat-psicodelia-2","9":"product_shipping_class-lp-2","10":"pa_formato-lp","12":"first","13":"outofstock","14":"taxable","15":"shipping-taxable","16":"purchasable","17":"product-type-simple"},"acf":[],"_links":{"self":[{"href":"https:\/\/munster-records.com\/en\/wp-json\/wp\/v2\/product\/115171","targetHints":{"allow":["GET"]}}],"collection":[{"href":"https:\/\/munster-records.com\/en\/wp-json\/wp\/v2\/product"}],"about":[{"href":"https:\/\/munster-records.com\/en\/wp-json\/wp\/v2\/types\/product"}],"wp:featuredmedia":[{"embeddable":true,"href":"https:\/\/munster-records.com\/en\/wp-json\/wp\/v2\/media\/115172"}],"wp:attachment":[{"href":"https:\/\/munster-records.com\/en\/wp-json\/wp\/v2\/media?parent=115171"}],"wp:term":[{"taxonomy":"product_brand","embeddable":true,"href":"https:\/\/munster-records.com\/en\/wp-json\/wp\/v2\/product_brand?post=115171"},{"taxonomy":"product_cat","embeddable":true,"href":"https:\/\/munster-records.com\/en\/wp-json\/wp\/v2\/product_cat?post=115171"},{"taxonomy":"product_tag","embeddable":true,"href":"https:\/\/munster-records.com\/en\/wp-json\/wp\/v2\/product_tag?post=115171"}],"curies":[{"name":"wp","href":"https:\/\/api.w.org\/{rel}","templated":true}]}}