{"id":115221,"date":"2025-08-26T11:21:54","date_gmt":"2025-08-26T11:21:54","guid":{"rendered":"https:\/\/munster-records.com\/?post_type=product&#038;p=115221"},"modified":"2026-03-30T08:14:31","modified_gmt":"2026-03-30T08:14:31","slug":"psychedelic-cumbia-party","status":"publish","type":"product","link":"https:\/\/munster-records.com\/en\/producto\/psychedelic-cumbia-party\/","title":{"rendered":"PSYCHEDELIC CUMBIA PARTY"},"content":{"rendered":"<p>Este compilado recoge por primera vez las mejores canciones de Los Zheros, una de las bandas de cumbia m\u00e1s reconocidas de cuantas surgieron a comienzos de los 70 en Iquitos junto a Los Rogers o Los Wemblers, la capital del Amazonas peruano.<\/p>\n<p>El singular sonido amaz\u00f3nico un\u00eda ritmos cumbieros r\u00e1pidos y percusivos con las guitarras el\u00e9ctricas al estilo surf. Un sonido distintivo que ha caracterizado a la cumbia grabada en Per\u00fa, muy diferente a las distintas corrientes tradicionales de cumbia emergidas en otros pa\u00edses cumbieros, como Colombia.<\/p>\n<p>El disco incluye su \u00e9xito de rock psicod\u00e9lico \u2018Cuarto oscuro\u2019, un tema buscad\u00edsimo no solo por coleccionistas de cumbia sino tambi\u00e9n por DJs de garage y psicodelia, que supuso tambi\u00e9n el comienzo de su trayectoria discogr\u00e1fica en 1973.<\/p>\n<p>Esta compilaci\u00f3n es un lanzamiento conjunto con el sello peruano Rey Record y cuenta con un encarte que incluye fotos in\u00e9ditas del grupo as\u00ed como las notas del experto V\u00edctor Zela (responsable del prestigioso proyecto \u201cLa cumbia de mis viejos\u201d).<\/p>\n","protected":false},"excerpt":{"rendered":"<p>\u201cPsychedelic Cumbia Party\u201d recoge por primera vez las mejores grabaciones de Los Zheros, banda pionera de cumbia amaz\u00f3nica de Per\u00fa. Ritmos cumbieros r\u00e1pidos y percusivos con las guitarras el\u00e9ctricas al estilo surf.<\/p>\n<p>El disco incluye su \u00e9xito de rock psicod\u00e9lico \u2018Cuarto oscuro\u2019, un tema buscad\u00edsimo no solo por coleccionistas de cumbia sino tambi\u00e9n por DJs de garage y psicodelia.<br \/>\nEsta compilaci\u00f3n es un lanzamiento conjunto con el sello peruano Rey Record y cuenta con un encarte que incluye fotos in\u00e9ditas del grupo as\u00ed como las notas del experto V\u00edctor Zela (responsable del prestigioso proyecto \u201cLa cumbia de mis viejos\u201d).<\/p>\n","protected":false},"featured_media":115222,"template":"","meta":{"_acf_changed":false},"product_brand":[],"product_cat":[197,203],"product_tag":[],"class_list":{"0":"post-115221","1":"product","2":"type-product","3":"status-publish","4":"has-post-thumbnail","6":"product_cat-cumbia-en","7":"product_cat-peru-en","8":"pa_formato-lp-en","10":"first","11":"instock","12":"taxable","13":"shipping-taxable","14":"purchasable","15":"product-type-simple"},"acf":[],"_links":{"self":[{"href":"https:\/\/munster-records.com\/en\/wp-json\/wp\/v2\/product\/115221","targetHints":{"allow":["GET"]}}],"collection":[{"href":"https:\/\/munster-records.com\/en\/wp-json\/wp\/v2\/product"}],"about":[{"href":"https:\/\/munster-records.com\/en\/wp-json\/wp\/v2\/types\/product"}],"wp:featuredmedia":[{"embeddable":true,"href":"https:\/\/munster-records.com\/en\/wp-json\/wp\/v2\/media\/115222"}],"wp:attachment":[{"href":"https:\/\/munster-records.com\/en\/wp-json\/wp\/v2\/media?parent=115221"}],"wp:term":[{"taxonomy":"product_brand","embeddable":true,"href":"https:\/\/munster-records.com\/en\/wp-json\/wp\/v2\/product_brand?post=115221"},{"taxonomy":"product_cat","embeddable":true,"href":"https:\/\/munster-records.com\/en\/wp-json\/wp\/v2\/product_cat?post=115221"},{"taxonomy":"product_tag","embeddable":true,"href":"https:\/\/munster-records.com\/en\/wp-json\/wp\/v2\/product_tag?post=115221"}],"curies":[{"name":"wp","href":"https:\/\/api.w.org\/{rel}","templated":true}]}}