{"id":115287,"date":"2025-08-26T14:02:30","date_gmt":"2025-08-26T14:02:30","guid":{"rendered":"https:\/\/munster-records.com\/?post_type=product&#038;p=115287"},"modified":"2025-09-09T10:35:03","modified_gmt":"2025-09-09T10:35:03","slug":"paloma-mensajera","status":"publish","type":"product","link":"https:\/\/munster-records.com\/en\/producto\/paloma-mensajera\/","title":{"rendered":"Paloma Mensajera"},"content":{"rendered":"<p>&#8220;Paloma mensajera&#8221; (con miembros de New Juggler Sound \/ Laghonia) muestra el cambio que estaba teniendo lugar dentro del rock peruano, alej\u00e1ndose del sonido psicod\u00e9lico y del hard rock que hab\u00edan predominado a comienzos de los a\u00f1os 70.<\/p>\n<p>El estilo adoptado por Grupo Amigos (y por otras bandas y artistas en ese periodo) pone de relieve la influencia del soft rock, del folk rock brit\u00e1nico, estadounidense y latinoamericano y, sobre todo, el deseo de mantener viva la grandeza mel\u00f3dica de The Beatles. La buena acogida que tuvieron los discos de artistas como We All Together, Telegraph Avenue o Zul\u00fa entre 1972 y 1975 marc\u00f3 un cambio de paradigma y de gustos dentro de la escena del rock peruano. El eclecticismo gan\u00f3 terreno frente a lo sectario y ortodoxo, mientras que la melod\u00eda fue cobrando mayor protagonismo, alej\u00e1ndose de la experimentaci\u00f3n progresiva que hab\u00eda caracterizado al rock underground peruano hasta principios de los a\u00f1os 70.<\/p>\n<p>Para su primer single con el sello MAG, incluido en esta reedici\u00f3n, la banda adopt\u00f3 una f\u00f3rmula en la que las armon\u00edas <em><i>beatle<\/i><\/em>\u00a0converg\u00edan de forma sim\u00e9trica con gui\u00f1os folk. \u2018Dirty Girl\u2019 fue un \u00e9xito en la radio. A este single le sigui\u00f3 un \u00e1lbum completo, pero se prensaron muy pocas copias, lo que parece haber sido la principal raz\u00f3n de su omisi\u00f3n en los relatos hist\u00f3ricos sobre el rock peruano a partir de finales de los a\u00f1os 90.<\/p>\n<p>En &#8220;Paloma mensajera&#8221; todas las composiciones fueron escritas por el grupo, tras varios a\u00f1os en los que las versiones eran lo m\u00e1s habitual en los discos locales. Algunos de los recursos musicales de los que dispon\u00eda la banda en cuanto a composici\u00f3n y arreglos resultan llamativos e incluso sorprendentes, teniendo en cuenta que se trataba de un grupo debutante cuyos miembros no superaban los 20 a\u00f1os. Los arreglos inclu\u00edan un uso ingenioso del sintetizador Moog que acababa de llegar al estudio de MAG.<\/p>\n<p>El \u00e9xito alcanzado por las actuaciones tributo a los Beatles que los miembros de Grupo Amigos ofrecieron durante d\u00e9cadas ha eclipsado las canciones que Edmundo, Andr\u00e9s Da Ros y Sim\u00f3n Ames compusieron con entusiasmo y energ\u00eda juvenil entre 1972 y 1973, hasta el punto de haber sido casi olvidadas. Esta reedici\u00f3n de &#8220;Paloma mensajera&#8221; deber\u00eda contribuir a corregir esta gran injusticia. Incluye temas extra y extensas notas en el libreto.<\/p>\n","protected":false},"excerpt":{"rendered":"<p><strong><b>&#8220;Paloma mensajera&#8221; (con miembros de New Juggler Sound \/ Laghonia) refleja el cambio que estaba experimentando el rock peruano, alej\u00e1ndose del sonido psicod\u00e9lico y del hard rock que hab\u00edan predominado a comienzos de los a\u00f1os 70.<\/b><\/strong><strong><b><br \/>\n<\/b><\/strong><strong><b><br \/>\n<\/b><\/strong><strong><b>El estilo adoptado por Grupo Amigos (y por otras bandas y artistas de la \u00e9poca) pone de manifiesto la influencia del soft rock, del folk rock brit\u00e1nico, estadounidense y latinoamericano y, sobre todo, el deseo de mantener viva la grandeza mel\u00f3dica de The Beatles.<\/b><\/strong><\/p>\n<p><strong><b>Esta reedici\u00f3n incluye temas extra y un libreto con extensas notas.<\/b><\/strong><\/p>\n","protected":false},"featured_media":115288,"template":"","meta":{"_acf_changed":false},"product_brand":[],"product_cat":[193,203,204],"product_tag":[],"class_list":{"0":"post-115287","1":"product","2":"type-product","3":"status-publish","4":"has-post-thumbnail","6":"product_cat-latin-en","7":"product_cat-peru-en","8":"product_cat-pop-en-2","9":"product_shipping_class-lp-en-3","10":"pa_formato-lp-en","12":"first","13":"instock","14":"taxable","15":"shipping-taxable","16":"purchasable","17":"product-type-simple"},"acf":[],"_links":{"self":[{"href":"https:\/\/munster-records.com\/en\/wp-json\/wp\/v2\/product\/115287","targetHints":{"allow":["GET"]}}],"collection":[{"href":"https:\/\/munster-records.com\/en\/wp-json\/wp\/v2\/product"}],"about":[{"href":"https:\/\/munster-records.com\/en\/wp-json\/wp\/v2\/types\/product"}],"wp:featuredmedia":[{"embeddable":true,"href":"https:\/\/munster-records.com\/en\/wp-json\/wp\/v2\/media\/115288"}],"wp:attachment":[{"href":"https:\/\/munster-records.com\/en\/wp-json\/wp\/v2\/media?parent=115287"}],"wp:term":[{"taxonomy":"product_brand","embeddable":true,"href":"https:\/\/munster-records.com\/en\/wp-json\/wp\/v2\/product_brand?post=115287"},{"taxonomy":"product_cat","embeddable":true,"href":"https:\/\/munster-records.com\/en\/wp-json\/wp\/v2\/product_cat?post=115287"},{"taxonomy":"product_tag","embeddable":true,"href":"https:\/\/munster-records.com\/en\/wp-json\/wp\/v2\/product_tag?post=115287"}],"curies":[{"name":"wp","href":"https:\/\/api.w.org\/{rel}","templated":true}]}}